{"id":17057,"date":"2022-11-23T00:22:50","date_gmt":"2022-11-23T00:22:50","guid":{"rendered":"https:\/\/store.handsomecake.com\/product\/tomie-tomie-kawakami-14-resin-statue-von-limit-studio\/"},"modified":"2024-06-12T15:32:15","modified_gmt":"2024-06-12T15:32:15","slug":"tomie-tomie-kawakami-14-resin-statue-von-limit-studio","status":"publish","type":"product","link":"https:\/\/store.handsomecake.com\/en\/product\/tomie-tomie-kawakami-14-resin-statue-von-limit-studio\/","title":{"rendered":"Tomie &#8211; Tomie Kawakami | 1:4 Resin Statue | von Limit Studio"},"content":{"rendered":"<p>Tomie &#8211; Tomie Kawakami | 1:4 Resin Statue | von Limit Studio<\/p>\n<p>EU Taxfree! I do ship EU-wide, please contact me, should questions arise.<\/p>\n<p>Tolle Statue von Naoko<br \/>\nWunderbar verarbeitete und sehr detaillierte Statue von Tomie aus Polystone &#8211; k\u00fcnstlichem Stein-Harz-Gemisch.<\/p>\n<p><strong>Besonderheiten<\/strong>:<\/p>\n<ul>\n<li>weltweit 1288 St\u00fcck<\/li>\n<li>2 austauschbare K\u00f6pfe<\/li>\n<li>mit LED-Effekt<\/li>\n<\/ul>\n<p><strong>Release-Status:<\/strong><\/p>\n<ul>\n<li>Preorder. Statue wird voraussichtlich Q4 2023 erscheinen und wir erwarten sie voraussichtlich Ende Februar 2024 im Warenlager.<\/li>\n<\/ul>\n<p>Wie immer bei meinen Artikeln &#8211; s\u00e4mtliche Geb\u00fchren sind, im Gegensatz zu anderen Angeboten, bereits inkludiert. Versand erfolgt ausschlie\u00dflich aus Deutschland, es fallen keine Zoll- und Importgeb\u00fchren an. Ihr kauft keine Katze im Sack \ud83d\ude42<\/p>\n<p><strong>Ma\u00dfe der Statue:<\/strong><\/p>\n<ul>\n<li>Gr\u00f6\u00dfe: ca. 54cm x 24cm x 21cm<\/li>\n<li>Gewicht: TBA, ca. 12kg (gesch\u00e4tzt)<\/li>\n<\/ul>\n<p>You are not prepared! \ud83d\ude42<\/p>","protected":false},"excerpt":{"rendered":"<p>Tomie &#8211; Tomie Kawakami | 1:4 Resin Statue | von Limit Studio EU Taxfree! I do ship EU-wide, please contact me, should questions arise. Tolle Statue von Naoko Wunderbar verarbeitete und sehr detaillierte Statue von Tomie aus Polystone &#8211; k\u00fcnstlichem Stein-Harz-Gemisch. Besonderheiten: weltweit 1288 St\u00fcck 2 austauschbare K\u00f6pfe mit LED-Effekt Release-Status: Preorder. Statue wird voraussichtlich [&hellip;]<\/p>\n","protected":false},"featured_media":17069,"comment_status":"closed","ping_status":"closed","template":"","meta":[],"product_brand":[],"product_cat":[24,568,84],"product_tag":[612,663,666,717,794,662,640,658,479,147,251,795,154,136,137,379,381,552,380,547,2165,2163,2166,2164,2162,718],"class_list":{"0":"post-17057","1":"product","2":"type-product","3":"status-publish","4":"has-post-thumbnail","6":"product_cat-action-figuren","7":"product_cat-preorder","8":"product_cat-statuen-anime-comic-universum","9":"product_tag-anime","10":"product_tag-anime-figur-shop","11":"product_tag-anime-figuren-shop","12":"product_tag-anime-shop","13":"product_tag-anime-statue","14":"product_tag-anime-statue-shop","15":"product_tag-anime-statuen","16":"product_tag-anime-toys","17":"product_tag-collectible","18":"product_tag-collectibles","19":"product_tag-collectibles-kaufen","20":"product_tag-handsomecake","21":"product_tag-resin-collectibles","22":"product_tag-resin-statuen","23":"product_tag-resin-statuen-kaufen","24":"product_tag-statue-collectible","25":"product_tag-statue-collectibles","26":"product_tag-statue-collector","27":"product_tag-statues-collectible","28":"product_tag-statues-collector","29":"product_tag-tomie","30":"product_tag-tomie-collectible","31":"product_tag-tomie-collectibles","32":"product_tag-tomie-figur","33":"product_tag-tomie-kawakami","34":"product_tag-toys","35":"pa_brand-limit-studio","36":"pa_scale-1_to_4","38":"first","39":"instock","40":"taxable","41":"shipping-taxable","42":"product-type-variable"},"_links":{"self":[{"href":"https:\/\/store.handsomecake.com\/en\/wp-json\/wp\/v2\/product\/17057","targetHints":{"allow":["GET"]}}],"collection":[{"href":"https:\/\/store.handsomecake.com\/en\/wp-json\/wp\/v2\/product"}],"about":[{"href":"https:\/\/store.handsomecake.com\/en\/wp-json\/wp\/v2\/types\/product"}],"replies":[{"embeddable":true,"href":"https:\/\/store.handsomecake.com\/en\/wp-json\/wp\/v2\/comments?post=17057"}],"wp:featuredmedia":[{"embeddable":true,"href":"https:\/\/store.handsomecake.com\/en\/wp-json\/wp\/v2\/media\/17069"}],"wp:attachment":[{"href":"https:\/\/store.handsomecake.com\/en\/wp-json\/wp\/v2\/media?parent=17057"}],"wp:term":[{"taxonomy":"product_brand","embeddable":true,"href":"https:\/\/store.handsomecake.com\/en\/wp-json\/wp\/v2\/product_brand?post=17057"},{"taxonomy":"product_cat","embeddable":true,"href":"https:\/\/store.handsomecake.com\/en\/wp-json\/wp\/v2\/product_cat?post=17057"},{"taxonomy":"product_tag","embeddable":true,"href":"https:\/\/store.handsomecake.com\/en\/wp-json\/wp\/v2\/product_tag?post=17057"}],"curies":[{"name":"wp","href":"https:\/\/api.w.org\/{rel}","templated":true}]}}