{"id":17046,"date":"2022-11-23T00:00:35","date_gmt":"2022-11-23T00:00:35","guid":{"rendered":"https:\/\/store.handsomecake.com\/product\/naruto-tobirama-senju-17-resin-statue-von-ventus-studio\/"},"modified":"2024-06-12T15:32:11","modified_gmt":"2024-06-12T15:32:11","slug":"naruto-tobirama-senju-17-resin-statue-von-ventus-studio","status":"publish","type":"product","link":"https:\/\/store.handsomecake.com\/en\/product\/naruto-tobirama-senju-17-resin-statue-von-ventus-studio\/","title":{"rendered":"Naruto &#8211; Hashirama Senju | 1:7 Resin Statue | von Ventus Studio"},"content":{"rendered":"<p>Naruto &#8211; Hashirama Senju | 1:7 Resin Statue | von Ventus Studio<\/p>\n<p>EU Taxfree! I do ship EU-wide, please contact me, should questions arise.<\/p>\n<p>Tolle Statue von dem Shodai Hokage von Konohagure<br \/>\nWunderbar verarbeitete und sehr detaillierte Statue von Hashirama Senju aus Polystone &#8211; k\u00fcnstlichem Stein-Harz-Gemisch.<\/p>\n<p><strong>Besonderheiten:<\/strong><\/p>\n<ul>\n<li>weltweit nur 188 St\u00fcck<\/li>\n<li>2 austauschbare K\u00f6pfe + Kampfbesch\u00e4digte Kopfb\u00fcste 2 Waffen + 3 austauschbare rechte H\u00e4nde<\/li>\n<li>mit LED-Effekt<\/li>\n<\/ul>\n<p><strong>Release-Status:<\/strong><\/p>\n<ul>\n<li>Preorder. Statue wird voraussichtlich Q4 2023 erscheinen und wir erwarten sie voraussichtlich Ende Februar 2024 im Warenlager.<\/li>\n<\/ul>\n<p>Wie immer bei meinen Artikeln &#8211; s\u00e4mtliche Geb\u00fchren sind, im Gegensatz zu anderen Angeboten, bereits inkludiert. Versand erfolgt ausschlie\u00dflich aus Deutschland, es fallen keine Zoll- und Importgeb\u00fchren an. Ihr kauft keine Katze im Sack \ud83d\ude42<\/p>\n<p><strong>Ma\u00dfe der Statue:<\/strong><\/p>\n<ul>\n<li>Gr\u00f6\u00dfe: ca. 42cm x 40cm x 43cm<\/li>\n<li>Gewicht: TBA, ca. 12kg (gesch\u00e4tzt)<\/li>\n<\/ul>\n<p>You are not prepared! \ud83d\ude42<\/p>","protected":false},"excerpt":{"rendered":"<p>Naruto &#8211; Hashirama Senju | 1:7 Resin Statue | von Ventus Studio EU Taxfree! I do ship EU-wide, please contact me, should questions arise. Tolle Statue von dem Shodai Hokage von Konohagure Wunderbar verarbeitete und sehr detaillierte Statue von Hashirama Senju aus Polystone &#8211; k\u00fcnstlichem Stein-Harz-Gemisch. Besonderheiten: weltweit nur 188 St\u00fcck 2 austauschbare K\u00f6pfe + [&hellip;]<\/p>\n","protected":false},"featured_media":17047,"comment_status":"closed","ping_status":"closed","template":"","meta":[],"product_brand":[],"product_cat":[24,88,568,84],"product_tag":[656,659,660,657,640,658,147,251,168,296,169,170,1920,1922,1921,1923,154,136,137],"class_list":{"0":"post-17046","1":"product","2":"type-product","3":"status-publish","4":"has-post-thumbnail","6":"product_cat-action-figuren","7":"product_cat-naruto","8":"product_cat-preorder","9":"product_cat-statuen-anime-comic-universum","10":"product_tag-anime-collectibles","11":"product_tag-anime-figuren","12":"product_tag-anime-figuren-naruto","13":"product_tag-anime-figures","14":"product_tag-anime-statuen","15":"product_tag-anime-toys","16":"product_tag-collectibles","17":"product_tag-collectibles-kaufen","18":"product_tag-naruto-collectibles","19":"product_tag-naruto-collectibles-kaufen","20":"product_tag-naruto-statuen","21":"product_tag-naruto-statuen-kaufen","22":"product_tag-naruto-tobirama","23":"product_tag-naruto-tobirama-collectibles","24":"product_tag-naruto-tobirama-senju","25":"product_tag-naruto-tobirama-statue","26":"product_tag-resin-collectibles","27":"product_tag-resin-statuen","28":"product_tag-resin-statuen-kaufen","29":"pa_brand-ventus-studio","30":"pa_scale-1_to_7","32":"first","33":"instock","34":"taxable","35":"shipping-taxable","36":"product-type-variable"},"_links":{"self":[{"href":"https:\/\/store.handsomecake.com\/en\/wp-json\/wp\/v2\/product\/17046","targetHints":{"allow":["GET"]}}],"collection":[{"href":"https:\/\/store.handsomecake.com\/en\/wp-json\/wp\/v2\/product"}],"about":[{"href":"https:\/\/store.handsomecake.com\/en\/wp-json\/wp\/v2\/types\/product"}],"replies":[{"embeddable":true,"href":"https:\/\/store.handsomecake.com\/en\/wp-json\/wp\/v2\/comments?post=17046"}],"wp:featuredmedia":[{"embeddable":true,"href":"https:\/\/store.handsomecake.com\/en\/wp-json\/wp\/v2\/media\/17047"}],"wp:attachment":[{"href":"https:\/\/store.handsomecake.com\/en\/wp-json\/wp\/v2\/media?parent=17046"}],"wp:term":[{"taxonomy":"product_brand","embeddable":true,"href":"https:\/\/store.handsomecake.com\/en\/wp-json\/wp\/v2\/product_brand?post=17046"},{"taxonomy":"product_cat","embeddable":true,"href":"https:\/\/store.handsomecake.com\/en\/wp-json\/wp\/v2\/product_cat?post=17046"},{"taxonomy":"product_tag","embeddable":true,"href":"https:\/\/store.handsomecake.com\/en\/wp-json\/wp\/v2\/product_tag?post=17046"}],"curies":[{"name":"wp","href":"https:\/\/api.w.org\/{rel}","templated":true}]}}