{"id":17020,"date":"2022-11-21T22:46:56","date_gmt":"2022-11-21T22:46:56","guid":{"rendered":"https:\/\/store.handsomecake.com\/product\/death-note-yagami-light-16-resin-statue-von-xwl-x-evil-studio\/"},"modified":"2024-06-12T15:31:59","modified_gmt":"2024-06-12T15:31:59","slug":"death-note-yagami-light-16-resin-statue-von-xwl-x-evil-studio","status":"publish","type":"product","link":"https:\/\/store.handsomecake.com\/en\/product\/death-note-yagami-light-16-resin-statue-von-xwl-x-evil-studio\/","title":{"rendered":"Death Note &#8211; Yagami Light | 1:6 Resin Statue | von XWL x Evil Studio"},"content":{"rendered":"<p>Death Note &#8211; Yagami Light | 1:6 Resin Statue | von XWL x Evil Studio<\/p>\n<p>EU Taxfree! I do ship EU-wide, please contact me, should questions arise.<\/p>\n<p>Tolle Statue des Besitzers von Death Note<br \/>\nWunderbar verarbeitete und sehr detaillierte Kira Statue aus Polystone &#8211; k\u00fcnstlichem Stein-Harz-Gemisch.<\/p>\n<p><strong>Besonderheiten:<\/strong><\/p>\n<ul>\n<li>weltweit auf 99 St\u00fcck begrenzt<\/li>\n<\/ul>\n<p><strong>Release-Status:<\/strong><\/p>\n<ul>\n<li>Preorder. Release sch\u00e4tzungsweise Ende Q4 2023, wir erwarten die Statue voraussichtlich Februar 2024 bei uns im Lager.<\/li>\n<\/ul>\n<p>Wie immer bei meinen Aktionen &#8211; s\u00e4mtliche Geb\u00fchren sind, im Gegensatz zu anderen Angeboten, bereits inkludiert. Versand erfolgt ausschlie\u00dflich aus Deutschland, es fallen keine Zoll- und Importgeb\u00fchren an. Ihr kauft keine Katze im Sack \ud83d\ude42<\/p>\n<p><strong>Ma\u00dfe der Statue:<\/strong><\/p>\n<ul>\n<li>Gr\u00f6\u00dfe: ca. H40cm x W32cm x D26cm<\/li>\n<li>Gewicht:TBA, gesch\u00e4tzt ca. 10 kg<\/li>\n<\/ul>\n<p>You are not prepared! \ud83d\ude42<\/p>","protected":false},"excerpt":{"rendered":"<p>Death Note &#8211; Yagami Light | 1:6 Resin Statue | von XWL x Evil Studio EU Taxfree! I do ship EU-wide, please contact me, should questions arise. Tolle Statue des Besitzers von Death Note Wunderbar verarbeitete und sehr detaillierte Kira Statue aus Polystone &#8211; k\u00fcnstlichem Stein-Harz-Gemisch. Besonderheiten: weltweit auf 99 St\u00fcck begrenzt Release-Status: Preorder. Release [&hellip;]<\/p>\n","protected":false},"featured_media":17027,"comment_status":"closed","ping_status":"closed","template":"","meta":[],"product_brand":[],"product_cat":[24,568,84],"product_tag":[612,659,666,717,794,662,640,658,479,147,251,2171,2172,795,2177,154,255,136,137,379,381,552,380,2176,2175,2174,2178,2173],"class_list":{"0":"post-17020","1":"product","2":"type-product","3":"status-publish","4":"has-post-thumbnail","6":"product_cat-action-figuren","7":"product_cat-preorder","8":"product_cat-statuen-anime-comic-universum","9":"product_tag-anime","10":"product_tag-anime-figuren","11":"product_tag-anime-figuren-shop","12":"product_tag-anime-shop","13":"product_tag-anime-statue","14":"product_tag-anime-statue-shop","15":"product_tag-anime-statuen","16":"product_tag-anime-toys","17":"product_tag-collectible","18":"product_tag-collectibles","19":"product_tag-collectibles-kaufen","20":"product_tag-death-note","21":"product_tag-death-note-statue","22":"product_tag-handsomecake","23":"product_tag-kira","24":"product_tag-resin-collectibles","25":"product_tag-resin-collectibles-kaufen","26":"product_tag-resin-statuen","27":"product_tag-resin-statuen-kaufen","28":"product_tag-statue-collectible","29":"product_tag-statue-collectibles","30":"product_tag-statue-collector","31":"product_tag-statues-collectible","32":"product_tag-yagami-collectible","33":"product_tag-yagami-death-note","34":"product_tag-yagami-light","35":"product_tag-yagami-light-statue","36":"product_tag-yagani","37":"pa_brand-evil-studio","38":"pa_brand-xwl-studio","39":"pa_scale-1_to_6","41":"first","42":"instock","43":"taxable","44":"shipping-taxable","45":"product-type-variable"},"_links":{"self":[{"href":"https:\/\/store.handsomecake.com\/en\/wp-json\/wp\/v2\/product\/17020","targetHints":{"allow":["GET"]}}],"collection":[{"href":"https:\/\/store.handsomecake.com\/en\/wp-json\/wp\/v2\/product"}],"about":[{"href":"https:\/\/store.handsomecake.com\/en\/wp-json\/wp\/v2\/types\/product"}],"replies":[{"embeddable":true,"href":"https:\/\/store.handsomecake.com\/en\/wp-json\/wp\/v2\/comments?post=17020"}],"wp:featuredmedia":[{"embeddable":true,"href":"https:\/\/store.handsomecake.com\/en\/wp-json\/wp\/v2\/media\/17027"}],"wp:attachment":[{"href":"https:\/\/store.handsomecake.com\/en\/wp-json\/wp\/v2\/media?parent=17020"}],"wp:term":[{"taxonomy":"product_brand","embeddable":true,"href":"https:\/\/store.handsomecake.com\/en\/wp-json\/wp\/v2\/product_brand?post=17020"},{"taxonomy":"product_cat","embeddable":true,"href":"https:\/\/store.handsomecake.com\/en\/wp-json\/wp\/v2\/product_cat?post=17020"},{"taxonomy":"product_tag","embeddable":true,"href":"https:\/\/store.handsomecake.com\/en\/wp-json\/wp\/v2\/product_tag?post=17020"}],"curies":[{"name":"wp","href":"https:\/\/api.w.org\/{rel}","templated":true}]}}