{"id":16969,"date":"2022-11-21T14:21:20","date_gmt":"2022-11-21T14:21:20","guid":{"rendered":"https:\/\/store.handsomecake.com\/product\/dragon-ball-z-son-gohan-16-resin-statue-vom-hot-blood-studio\/"},"modified":"2024-06-12T15:31:45","modified_gmt":"2024-06-12T15:31:45","slug":"dragon-ball-z-son-gohan-16-resin-statue-vom-hot-blood-studio","status":"publish","type":"product","link":"https:\/\/store.handsomecake.com\/en\/product\/dragon-ball-z-son-gohan-16-resin-statue-vom-hot-blood-studio\/","title":{"rendered":"Dragon Ball Z &#8211; Son Gohan | 1:6 Resin Statue | vom Hot Blood Studio"},"content":{"rendered":"<p>Dragon Ball Z &#8211; Son Gohan | 1:6 Resin Statue | vom Hot Blood Studio<\/p>\n<p>I do ship EU-wide, please contact me, should questions arise.<\/p>\n<p>Tolle Statue von Gokus Sohn<br \/>\nWunderbar verarbeitete und sehr detaillierte Gohan Statue aus Polystone &#8211; k\u00fcnstlichem Stein-Harz-Gemisch. Unglaubliche variabel, was die einzelnen K\u00f6rperteile angeht.<\/p>\n<p><strong>Besonderheiten:<\/strong><\/p>\n<ul>\n<li>weltweit 188 St\u00fcck<\/li>\n<li>mit LED<\/li>\n<li>austauschbare Hand<\/li>\n<\/ul>\n<p><strong>Release-Status:<\/strong><\/p>\n<ul>\n<li>PreOrder, Release wird im Q2 2023 erwartet, bei uns im Lager also sch\u00e4tzungsweise Ende August 2023<\/li>\n<\/ul>\n<p>Wie immer bei meinen Aktionen &#8211; s\u00e4mtliche Geb\u00fchren sind, im Gegensatz zu anderen Angeboten, bereits inkludiert. Versand erfolgt ausschlie\u00dflich aus Deutschland, es fallen keine Zoll- und Importgeb\u00fchren an. Ihr kauft keine Katze im Sack \ud83d\ude42<\/p>\n<p><strong>Ma\u00dfe der Statue:<\/strong><\/p>\n<ul>\n<li>Gr\u00f6\u00dfe: ca. 40cm x 25cm x 23cm<\/li>\n<li>Gewicht: TBA, ca. 10 kg (gesch\u00e4tzt)<\/li>\n<\/ul>\n<p>You are not prepared! \ud83d\ude42<\/p>","protected":false},"excerpt":{"rendered":"<p>Dragon Ball Z &#8211; Son Gohan | 1:6 Resin Statue | vom Hot Blood Studio I do ship EU-wide, please contact me, should questions arise. Tolle Statue von Gokus Sohn Wunderbar verarbeitete und sehr detaillierte Gohan Statue aus Polystone &#8211; k\u00fcnstlichem Stein-Harz-Gemisch. Unglaubliche variabel, was die einzelnen K\u00f6rperteile angeht. Besonderheiten: weltweit 188 St\u00fcck mit LED [&hellip;]<\/p>\n","protected":false},"featured_media":16983,"comment_status":"closed","ping_status":"closed","template":"","meta":[],"product_brand":[],"product_cat":[24,87,568,84],"product_tag":[612,656,657,658,147,251,190,191,97,386,795,154,136,137,889,388,890,387,379,381,380,382,718],"class_list":{"0":"post-16969","1":"product","2":"type-product","3":"status-publish","4":"has-post-thumbnail","6":"product_cat-action-figuren","7":"product_cat-dragon-ball","8":"product_cat-preorder","9":"product_cat-statuen-anime-comic-universum","10":"product_tag-anime","11":"product_tag-anime-collectibles","12":"product_tag-anime-figures","13":"product_tag-anime-toys","14":"product_tag-collectibles","15":"product_tag-collectibles-kaufen","16":"product_tag-dragon-ball-collectibles","17":"product_tag-dragon-ball-resin","18":"product_tag-dragon-ball-statue","19":"product_tag-dragon-ball-z-son-gohan","20":"product_tag-handsomecake","21":"product_tag-resin-collectibles","22":"product_tag-resin-statuen","23":"product_tag-resin-statuen-kaufen","24":"product_tag-son-gohan","25":"product_tag-son-gohan-collectible","26":"product_tag-son-gohan-figurine","27":"product_tag-son-gohan-statue","28":"product_tag-statue-collectible","29":"product_tag-statue-collectibles","30":"product_tag-statues-collectible","31":"product_tag-statues-collectibles","32":"product_tag-toys","33":"pa_brand-hb-studio","34":"pa_scale-1_to_6","36":"first","37":"instock","38":"taxable","39":"shipping-taxable","40":"product-type-variable"},"_links":{"self":[{"href":"https:\/\/store.handsomecake.com\/en\/wp-json\/wp\/v2\/product\/16969","targetHints":{"allow":["GET"]}}],"collection":[{"href":"https:\/\/store.handsomecake.com\/en\/wp-json\/wp\/v2\/product"}],"about":[{"href":"https:\/\/store.handsomecake.com\/en\/wp-json\/wp\/v2\/types\/product"}],"replies":[{"embeddable":true,"href":"https:\/\/store.handsomecake.com\/en\/wp-json\/wp\/v2\/comments?post=16969"}],"wp:featuredmedia":[{"embeddable":true,"href":"https:\/\/store.handsomecake.com\/en\/wp-json\/wp\/v2\/media\/16983"}],"wp:attachment":[{"href":"https:\/\/store.handsomecake.com\/en\/wp-json\/wp\/v2\/media?parent=16969"}],"wp:term":[{"taxonomy":"product_brand","embeddable":true,"href":"https:\/\/store.handsomecake.com\/en\/wp-json\/wp\/v2\/product_brand?post=16969"},{"taxonomy":"product_cat","embeddable":true,"href":"https:\/\/store.handsomecake.com\/en\/wp-json\/wp\/v2\/product_cat?post=16969"},{"taxonomy":"product_tag","embeddable":true,"href":"https:\/\/store.handsomecake.com\/en\/wp-json\/wp\/v2\/product_tag?post=16969"}],"curies":[{"name":"wp","href":"https:\/\/api.w.org\/{rel}","templated":true}]}}