{"id":16765,"date":"2022-11-12T18:17:19","date_gmt":"2022-11-12T18:17:19","guid":{"rendered":"https:\/\/store.handsomecake.com\/product\/elden-ring-malenia-14-resin-statue-von-rd-studio\/"},"modified":"2025-11-04T13:40:06","modified_gmt":"2025-11-04T13:40:06","slug":"elden-ring-malenia-14-resin-statue-von-rd-studio","status":"publish","type":"product","link":"https:\/\/store.handsomecake.com\/en\/product\/elden-ring-malenia-14-resin-statue-von-rd-studio\/","title":{"rendered":"Elden Ring &#8211; Malenia | 1:4 Resin Statue | von RD Studio"},"content":{"rendered":"<p>Elden Ring &#8211; Malenia | 1:4 Resin Statue | von RD Studio<\/p>\n<p>EU Taxfree! I do ship EU-wide, please contact me, should questions arise.<\/p>\n<p>Tolle Statue von einem der schwersten Bosse in Elden Ring<\/p>\n<p><span style=\"color: #ecf0f1;\"><strong><em><span style=\"background-color: #4e5f70;\">&#8222;&#8230;Heed my words. I am Malenia. Blade of Miquella. And I have never known defeat.&#8220;<\/span><\/em><\/strong><\/span><\/p>\n<p>Wunderbar verarbeitete und sehr detaillierte Malenia Statue aus Polystone &#8211; k\u00fcnstlichem Stein-Harz-Gemisch.<\/p>\n<p><strong>Besonderheiten:<\/strong><\/p>\n<ul>\n<li>weltweit auf 100 St\u00fcck begrenzt<\/li>\n<li>mit LED<\/li>\n<\/ul>\n<p><strong>Release-Status:<\/strong><\/p>\n<ul>\n<li>Preorder. Voraussichtlicher Release-Termin: Ende Q1 2024, voraussichtlich bei uns im Lager: Mai 2024<\/li>\n<\/ul>\n<p>Wie immer bei meinen Aktionen &#8211; s\u00e4mtliche Geb\u00fchren sind, im Gegensatz zu anderen Angeboten, bereits inkludiert. Versand erfolgt ausschlie\u00dflich aus Deutschland, es fallen keine Zoll- und Importgeb\u00fchren an. Ihr kauft keine Katze im Sack \ud83d\ude42<\/p>\n<p><strong>Ma\u00dfe der Statue:<\/strong><\/p>\n<ul>\n<li>Gr\u00f6\u00dfe: ca. 90cm x 92.5cm x 92.5cm<\/li>\n<li>Gewicht: ca. 20 kg (gesch\u00e4tzt)<\/li>\n<\/ul>\n<p>You are not prepared! \ud83d\ude42<\/p>","protected":false},"excerpt":{"rendered":"<p>Elden Ring &#8211; Malenia | 1:4 Resin Statue | von RD Studio EU Taxfree! I do ship EU-wide, please contact me, should questions arise. Tolle Statue von einem der schwersten Bosse in Elden Ring &#8222;&#8230;Heed my words. I am Malenia. Blade of Miquella. And I have never known defeat.&#8220; Wunderbar verarbeitete und sehr detaillierte Malenia [&hellip;]<\/p>\n","protected":false},"featured_media":16774,"comment_status":"closed","ping_status":"closed","template":"","meta":[],"product_brand":[],"product_cat":[24,568,81],"product_tag":[658,147,251,1332,1329,2489,1330,1331,2490,1333,795,1777,1778,1779,154,136,137,379,381,665,380,382,718],"class_list":{"0":"post-16765","1":"product","2":"type-product","3":"status-publish","4":"has-post-thumbnail","6":"product_cat-action-figuren","7":"product_cat-preorder","8":"product_cat-statuen-computerspieluniversum","9":"product_tag-anime-toys","10":"product_tag-collectibles","11":"product_tag-collectibles-kaufen","12":"product_tag-elden-ring","13":"product_tag-elden-ring-collectibles","14":"product_tag-elden-ring-figur","15":"product_tag-elden-ring-resin","16":"product_tag-elden-ring-resin-statue","17":"product_tag-elden-ring-statue","18":"product_tag-elden-ring-statuen","19":"product_tag-handsomecake","20":"product_tag-malenia","21":"product_tag-malenia-collectible","22":"product_tag-malenia-statue","23":"product_tag-resin-collectibles","24":"product_tag-resin-statuen","25":"product_tag-resin-statuen-kaufen","26":"product_tag-statue-collectible","27":"product_tag-statue-collectibles","28":"product_tag-statuen-shop","29":"product_tag-statues-collectible","30":"product_tag-statues-collectibles","31":"product_tag-toys","32":"pa_brand-rd-studio","33":"pa_scale-1_to_4","35":"first","36":"instock","37":"taxable","38":"shipping-taxable","39":"product-type-simple"},"_links":{"self":[{"href":"https:\/\/store.handsomecake.com\/en\/wp-json\/wp\/v2\/product\/16765","targetHints":{"allow":["GET"]}}],"collection":[{"href":"https:\/\/store.handsomecake.com\/en\/wp-json\/wp\/v2\/product"}],"about":[{"href":"https:\/\/store.handsomecake.com\/en\/wp-json\/wp\/v2\/types\/product"}],"replies":[{"embeddable":true,"href":"https:\/\/store.handsomecake.com\/en\/wp-json\/wp\/v2\/comments?post=16765"}],"wp:featuredmedia":[{"embeddable":true,"href":"https:\/\/store.handsomecake.com\/en\/wp-json\/wp\/v2\/media\/16774"}],"wp:attachment":[{"href":"https:\/\/store.handsomecake.com\/en\/wp-json\/wp\/v2\/media?parent=16765"}],"wp:term":[{"taxonomy":"product_brand","embeddable":true,"href":"https:\/\/store.handsomecake.com\/en\/wp-json\/wp\/v2\/product_brand?post=16765"},{"taxonomy":"product_cat","embeddable":true,"href":"https:\/\/store.handsomecake.com\/en\/wp-json\/wp\/v2\/product_cat?post=16765"},{"taxonomy":"product_tag","embeddable":true,"href":"https:\/\/store.handsomecake.com\/en\/wp-json\/wp\/v2\/product_tag?post=16765"}],"curies":[{"name":"wp","href":"https:\/\/api.w.org\/{rel}","templated":true}]}}