{"id":16748,"date":"2022-11-12T17:49:16","date_gmt":"2022-11-12T17:49:16","guid":{"rendered":"https:\/\/store.handsomecake.com\/product\/cyberpunkedgerunners-rebecca-16-resin-statue-von-weare-a-design\/"},"modified":"2024-06-12T15:31:13","modified_gmt":"2024-06-12T15:31:13","slug":"cyberpunkedgerunners-rebecca-16-resin-statue-von-weare-a-design","status":"publish","type":"product","link":"https:\/\/store.handsomecake.com\/en\/product\/cyberpunkedgerunners-rebecca-16-resin-statue-von-weare-a-design\/","title":{"rendered":"Cyberpunk:Edgerunners &#8211; Rebecca | 1:6 Resin Statue | von Weare A Design"},"content":{"rendered":"<p>Cyberpunk:Edgerunners &#8211; Rebecca | 1:6 Resin Statue | von Weare A Design<\/p>\n<p>I do ship EU-wide, please contact me, should questions arise.<\/p>\n<p>Tolle Statue der Edgerunnerin von Night City<br \/>\nWunderbar verarbeitete und sehr detaillierte Becca Statue aus Polystone &#8211; k\u00fcnstlichem Stein-Harz-Gemisch.<\/p>\n<p><strong>Besonderheiten:<\/strong><\/p>\n<ul>\n<li>weltweit 188 St\u00fcck<\/li>\n<li>Kleidung abnehmbar<\/li>\n<\/ul>\n<p><strong>Release-Status:<\/strong><\/p>\n<ul>\n<li>Preorder. Statue wird sch\u00e4tzungsweise Q2 2023 fertiggestellt und wir erwarten sie bei uns im Lager gegen Ende August 2023.<\/li>\n<\/ul>\n<p>Wie immer bei meinen Aktionen &#8211; s\u00e4mtliche Geb\u00fchren sind, im Gegensatz zu anderen Angeboten, bereits inkludiert. Versand erfolgt ausschlie\u00dflich aus Deutschland, es fallen keine Zoll- und Importgeb\u00fchren an. Ihr kauft keine Katze im Sack \ud83d\ude42<\/p>\n<p><strong>Ma\u00dfe der Statue:<\/strong><\/p>\n<ul>\n<li>Gr\u00f6\u00dfe: H:40cm W:23cm D:23cm<\/li>\n<li>Gewicht: TBA, gesch\u00e4tzt: ca. 7kg<\/li>\n<\/ul>\n<p>You are not prepared! \ud83d\ude42<\/p>","protected":false},"excerpt":{"rendered":"<p>Cyberpunk:Edgerunners &#8211; Rebecca | 1:6 Resin Statue | von Weare A Design I do ship EU-wide, please contact me, should questions arise. Tolle Statue der Edgerunnerin von Night City Wunderbar verarbeitete und sehr detaillierte Becca Statue aus Polystone &#8211; k\u00fcnstlichem Stein-Harz-Gemisch. Besonderheiten: weltweit 188 St\u00fcck Kleidung abnehmbar Release-Status: Preorder. Statue wird sch\u00e4tzungsweise Q2 2023 fertiggestellt [&hellip;]<\/p>\n","protected":false},"featured_media":16756,"comment_status":"closed","ping_status":"closed","template":"","meta":[],"product_brand":[],"product_cat":[24,568,84],"product_tag":[612,664,666,717,794,662,640,658,479,147,251,2043,2042,2045,2136,2044,795,2135,154],"class_list":{"0":"post-16748","1":"product","2":"type-product","3":"status-publish","4":"has-post-thumbnail","6":"product_cat-action-figuren","7":"product_cat-preorder","8":"product_cat-statuen-anime-comic-universum","9":"product_tag-anime","10":"product_tag-anime-figuren-one-piece","11":"product_tag-anime-figuren-shop","12":"product_tag-anime-shop","13":"product_tag-anime-statue","14":"product_tag-anime-statue-shop","15":"product_tag-anime-statuen","16":"product_tag-anime-toys","17":"product_tag-collectible","18":"product_tag-collectibles","19":"product_tag-collectibles-kaufen","20":"product_tag-cyberpunk-collectibles","21":"product_tag-cyberpunk-edgerunners","22":"product_tag-cyberpunk-statue","23":"product_tag-rebecca-cyberpunk","24":"product_tag-cyberpunk-resin","25":"product_tag-handsomecake","26":"product_tag-rebecca","27":"product_tag-resin-collectibles","28":"pa_brand-weare-a-design-studio","29":"pa_scale-1_to_6","31":"first","32":"outofstock","33":"taxable","34":"shipping-taxable","35":"product-type-variable"},"_links":{"self":[{"href":"https:\/\/store.handsomecake.com\/en\/wp-json\/wp\/v2\/product\/16748","targetHints":{"allow":["GET"]}}],"collection":[{"href":"https:\/\/store.handsomecake.com\/en\/wp-json\/wp\/v2\/product"}],"about":[{"href":"https:\/\/store.handsomecake.com\/en\/wp-json\/wp\/v2\/types\/product"}],"replies":[{"embeddable":true,"href":"https:\/\/store.handsomecake.com\/en\/wp-json\/wp\/v2\/comments?post=16748"}],"wp:featuredmedia":[{"embeddable":true,"href":"https:\/\/store.handsomecake.com\/en\/wp-json\/wp\/v2\/media\/16756"}],"wp:attachment":[{"href":"https:\/\/store.handsomecake.com\/en\/wp-json\/wp\/v2\/media?parent=16748"}],"wp:term":[{"taxonomy":"product_brand","embeddable":true,"href":"https:\/\/store.handsomecake.com\/en\/wp-json\/wp\/v2\/product_brand?post=16748"},{"taxonomy":"product_cat","embeddable":true,"href":"https:\/\/store.handsomecake.com\/en\/wp-json\/wp\/v2\/product_cat?post=16748"},{"taxonomy":"product_tag","embeddable":true,"href":"https:\/\/store.handsomecake.com\/en\/wp-json\/wp\/v2\/product_tag?post=16748"}],"curies":[{"name":"wp","href":"https:\/\/api.w.org\/{rel}","templated":true}]}}