{"id":16684,"date":"2022-11-09T03:17:14","date_gmt":"2022-11-09T03:17:14","guid":{"rendered":"https:\/\/store.handsomecake.com\/product\/league-of-legends-lucian-16-resin-statue-von-jimei-palace\/"},"modified":"2024-06-12T15:31:03","modified_gmt":"2024-06-12T15:31:03","slug":"league-of-legends-lucian-16-resin-statue-von-jimei-palace","status":"publish","type":"product","link":"https:\/\/store.handsomecake.com\/en\/product\/league-of-legends-lucian-16-resin-statue-von-jimei-palace\/","title":{"rendered":"League of Legends &#8211; Lucian | 1:6 Resin Statue | von Jimei Palace"},"content":{"rendered":"<p>League of Legends &#8211; Lucian | 1:6 Resin Statue | von Jimei Palace<\/p>\n<p>I do ship EU-wide, please contact me, should questions arise.<\/p>\n<p>Tolle Statue von dem W\u00e4chter des Lichts<br \/>\nWunderbar verarbeitete und sehr detaillierte Lucian Statue aus Polystone &#8211; k\u00fcnstlichem Stein-Harz-Gemisch.<\/p>\n<p><strong>Besonderheiten:<\/strong><\/p>\n<ul>\n<li>mit LED<\/li>\n<\/ul>\n<p><strong>Release-Status:<\/strong><\/p>\n<ul>\n<li>Preorder. Statue wird voraussichtlich Q2 2023 released, wir erwarten sie im Lager sch\u00e4tzungsweise Ende August 2023.<\/li>\n<\/ul>\n<p>Wie immer bei meinen Aktionen &#8211; s\u00e4mtliche Geb\u00fchren sind, im Gegensatz zu anderen Angeboten, bereits inkludiert. Versand erfolgt ausschlie\u00dflich aus Deutschland, es fallen keine Zoll- und Importgeb\u00fchren an. Ihr kauft keine Katze im Sack \ud83d\ude42<\/p>\n<ul>\n<li>Ma\u00dfe der Statue:<\/li>\n<\/ul>\n<p>Gr\u00f6\u00dfe: ca. 43cm x 24cm x 34cm<br \/>\nGewicht: TBA, ca. 10kg (gesch\u00e4tzt)<\/p>\n<p>You are not prepared! \ud83d\ude42<\/p>","protected":false},"excerpt":{"rendered":"<p>League of Legends &#8211; Lucian | 1:6 Resin Statue | von Jimei Palace I do ship EU-wide, please contact me, should questions arise. Tolle Statue von dem W\u00e4chter des Lichts Wunderbar verarbeitete und sehr detaillierte Lucian Statue aus Polystone &#8211; k\u00fcnstlichem Stein-Harz-Gemisch. Besonderheiten: mit LED Release-Status: Preorder. Statue wird voraussichtlich Q2 2023 released, wir erwarten [&hellip;]<\/p>\n","protected":false},"featured_media":16689,"comment_status":"closed","ping_status":"closed","template":"","meta":[],"product_brand":[],"product_cat":[24,389,568,81],"product_tag":[612,663,666,717,794,662,640,658,479,147,251,795,390,392,2141,974,975,394,2142,2143,2144,2145,2146,2147,154,255,136,137,379,381,552,665,380,382,547,718],"class_list":{"0":"post-16684","1":"product","2":"type-product","3":"status-publish","4":"has-post-thumbnail","6":"product_cat-action-figuren","7":"product_cat-league-of-legends","8":"product_cat-preorder","9":"product_cat-statuen-computerspieluniversum","10":"product_tag-anime","11":"product_tag-anime-figur-shop","12":"product_tag-anime-figuren-shop","13":"product_tag-anime-shop","14":"product_tag-anime-statue","15":"product_tag-anime-statue-shop","16":"product_tag-anime-statuen","17":"product_tag-anime-toys","18":"product_tag-collectible","19":"product_tag-collectibles","20":"product_tag-collectibles-kaufen","21":"product_tag-handsomecake","22":"product_tag-league-of-legends","23":"product_tag-league-of-legends-collectibles","24":"product_tag-league-of-legends-lucian","25":"product_tag-league-of-legends-resin","26":"product_tag-league-of-legends-statue","27":"product_tag-league-of-legends-statuen","28":"product_tag-league-of-legends-toy","29":"product_tag-lucian","30":"product_tag-lucian-collectible","31":"product_tag-lucian-figur","32":"product_tag-lucian-figurine","33":"product_tag-lucian-toys","34":"product_tag-resin-collectibles","35":"product_tag-resin-collectibles-kaufen","36":"product_tag-resin-statuen","37":"product_tag-resin-statuen-kaufen","38":"product_tag-statue-collectible","39":"product_tag-statue-collectibles","40":"product_tag-statue-collector","41":"product_tag-statuen-shop","42":"product_tag-statues-collectible","43":"product_tag-statues-collectibles","44":"product_tag-statues-collector","45":"product_tag-toys","46":"pa_brand-jimei-palace","47":"pa_scale-1_to_6","49":"first","50":"instock","51":"taxable","52":"shipping-taxable","53":"product-type-variable"},"_links":{"self":[{"href":"https:\/\/store.handsomecake.com\/en\/wp-json\/wp\/v2\/product\/16684","targetHints":{"allow":["GET"]}}],"collection":[{"href":"https:\/\/store.handsomecake.com\/en\/wp-json\/wp\/v2\/product"}],"about":[{"href":"https:\/\/store.handsomecake.com\/en\/wp-json\/wp\/v2\/types\/product"}],"replies":[{"embeddable":true,"href":"https:\/\/store.handsomecake.com\/en\/wp-json\/wp\/v2\/comments?post=16684"}],"wp:featuredmedia":[{"embeddable":true,"href":"https:\/\/store.handsomecake.com\/en\/wp-json\/wp\/v2\/media\/16689"}],"wp:attachment":[{"href":"https:\/\/store.handsomecake.com\/en\/wp-json\/wp\/v2\/media?parent=16684"}],"wp:term":[{"taxonomy":"product_brand","embeddable":true,"href":"https:\/\/store.handsomecake.com\/en\/wp-json\/wp\/v2\/product_brand?post=16684"},{"taxonomy":"product_cat","embeddable":true,"href":"https:\/\/store.handsomecake.com\/en\/wp-json\/wp\/v2\/product_cat?post=16684"},{"taxonomy":"product_tag","embeddable":true,"href":"https:\/\/store.handsomecake.com\/en\/wp-json\/wp\/v2\/product_tag?post=16684"}],"curies":[{"name":"wp","href":"https:\/\/api.w.org\/{rel}","templated":true}]}}