{"id":16654,"date":"2022-11-09T02:43:07","date_gmt":"2022-11-09T02:43:07","guid":{"rendered":"https:\/\/store.handsomecake.com\/product\/naruto-uchiha-madara-18-resin-statue-von-threeartisan-studio\/"},"modified":"2024-06-12T15:30:59","modified_gmt":"2024-06-12T15:30:59","slug":"naruto-uchiha-madara-18-resin-statue-von-threeartisan-studio","status":"publish","type":"product","link":"https:\/\/store.handsomecake.com\/en\/product\/naruto-uchiha-madara-18-resin-statue-von-threeartisan-studio\/","title":{"rendered":"Naruto &#8211; Uchiha Madara | 1:8 Resin Statue | von ThreeArtisan Studio"},"content":{"rendered":"<p>Naruto &#8211; Uchiha Madara | 1:8 Resin Statue | von ThreeArtisan Studio<\/p>\n<p>EU Taxfree! I do ship EU-wide, please contact me, should questions arise.<\/p>\n<p>Tolle Statue von Anf\u00fchrer des Uchiha-Clans und letzten Jinchuuriki des Juubi<br \/>\nWunderbar verarbeitete und sehr detaillierte Statue von Uchiha Madara aus Polystone &#8211; k\u00fcnstlichem Stein-Harz-Gemisch.<\/p>\n<p><strong>Besonderheiten<\/strong>:<\/p>\n<ul>\n<li>2 austauschbare K\u00f6pfe<\/li>\n<li>238 St\u00fcck weltweit<\/li>\n<\/ul>\n<p><strong>Release-Status:<\/strong><\/p>\n<ul>\n<li>Preorder. Statue wird voraussichtlich Q3 2023 erscheinen und wir erwarten sie voraussichtlich Ende November 2023 im Warenlager.<\/li>\n<\/ul>\n<p>Wie immer bei meinen Artikeln &#8211; s\u00e4mtliche Geb\u00fchren sind, im Gegensatz zu anderen Angeboten, bereits inkludiert. Versand erfolgt ausschlie\u00dflich aus Deutschland, es fallen keine Zoll- und Importgeb\u00fchren an. Ihr kauft keine Katze im Sack \ud83d\ude42<\/p>\n<p><strong>Ma\u00dfe der Statue:<\/strong><\/p>\n<ul>\n<li>H\u00f6he: ca. H45.5cm x W42cm x D27cm<\/li>\n<li>Gewicht: ca. 10kg (gesch\u00e4tzt)<\/li>\n<\/ul>\n<p>You are not prepared! \ud83d\ude42<\/p>","protected":false},"excerpt":{"rendered":"<p>Naruto &#8211; Uchiha Madara | 1:8 Resin Statue | von ThreeArtisan Studio EU Taxfree! I do ship EU-wide, please contact me, should questions arise. Tolle Statue von Anf\u00fchrer des Uchiha-Clans und letzten Jinchuuriki des Juubi Wunderbar verarbeitete und sehr detaillierte Statue von Uchiha Madara aus Polystone &#8211; k\u00fcnstlichem Stein-Harz-Gemisch. Besonderheiten: 2 austauschbare K\u00f6pfe 238 St\u00fcck [&hellip;]<\/p>\n","protected":false},"featured_media":16673,"comment_status":"closed","ping_status":"closed","template":"","meta":[],"product_brand":[],"product_cat":[24,88,568,84],"product_tag":[656,659,660,657,640,658,147,251,297,168,296,1042,2126,169,170,2127,2128,154,136,137,2129],"class_list":{"0":"post-16654","1":"product","2":"type-product","3":"status-publish","4":"has-post-thumbnail","6":"product_cat-action-figuren","7":"product_cat-naruto","8":"product_cat-preorder","9":"product_cat-statuen-anime-comic-universum","10":"product_tag-anime-collectibles","11":"product_tag-anime-figuren","12":"product_tag-anime-figuren-naruto","13":"product_tag-anime-figures","14":"product_tag-anime-statuen","15":"product_tag-anime-toys","16":"product_tag-collectibles","17":"product_tag-collectibles-kaufen","18":"product_tag-naruto-akatsuki","19":"product_tag-naruto-collectibles","20":"product_tag-naruto-collectibles-kaufen","21":"product_tag-naruto-itachi-statue","22":"product_tag-naruto-madara","23":"product_tag-naruto-statuen","24":"product_tag-naruto-statuen-kaufen","25":"product_tag-naruto-uchiha","26":"product_tag-naruto-uchiha-collectibles","27":"product_tag-resin-collectibles","28":"product_tag-resin-statuen","29":"product_tag-resin-statuen-kaufen","30":"product_tag-uchiha-madara","31":"pa_brand-threeartisan-studio","32":"pa_scale-2125","34":"first","35":"instock","36":"taxable","37":"shipping-taxable","38":"product-type-variable"},"_links":{"self":[{"href":"https:\/\/store.handsomecake.com\/en\/wp-json\/wp\/v2\/product\/16654","targetHints":{"allow":["GET"]}}],"collection":[{"href":"https:\/\/store.handsomecake.com\/en\/wp-json\/wp\/v2\/product"}],"about":[{"href":"https:\/\/store.handsomecake.com\/en\/wp-json\/wp\/v2\/types\/product"}],"replies":[{"embeddable":true,"href":"https:\/\/store.handsomecake.com\/en\/wp-json\/wp\/v2\/comments?post=16654"}],"wp:featuredmedia":[{"embeddable":true,"href":"https:\/\/store.handsomecake.com\/en\/wp-json\/wp\/v2\/media\/16673"}],"wp:attachment":[{"href":"https:\/\/store.handsomecake.com\/en\/wp-json\/wp\/v2\/media?parent=16654"}],"wp:term":[{"taxonomy":"product_brand","embeddable":true,"href":"https:\/\/store.handsomecake.com\/en\/wp-json\/wp\/v2\/product_brand?post=16654"},{"taxonomy":"product_cat","embeddable":true,"href":"https:\/\/store.handsomecake.com\/en\/wp-json\/wp\/v2\/product_cat?post=16654"},{"taxonomy":"product_tag","embeddable":true,"href":"https:\/\/store.handsomecake.com\/en\/wp-json\/wp\/v2\/product_tag?post=16654"}],"curies":[{"name":"wp","href":"https:\/\/api.w.org\/{rel}","templated":true}]}}