{"id":1664,"date":"2020-12-02T21:46:23","date_gmt":"2020-12-02T21:46:23","guid":{"rendered":"https:\/\/store.handsomecake.com\/product\/dragon-ball-z-son-goku-lifesize-11-resin-statue-vom-infinite-studio\/"},"modified":"2025-06-18T20:00:15","modified_gmt":"2025-06-18T20:00:15","slug":"dragon-ball-z-son-goku-lifesize-11-resin-statue-vom-infinite-studio","status":"publish","type":"product","link":"https:\/\/store.handsomecake.com\/en\/product\/dragon-ball-z-son-goku-lifesize-11-resin-statue-vom-infinite-studio\/","title":{"rendered":"Dragon Ball Z &#8211; Son Goku Lifesize | 1:1 Resin Statue | vom Infinite Studio"},"content":{"rendered":"<p>Dragon Ball Z &#8211; Son Goku Lifesize &#8218; 1:1 Resin Statue &#8218; vom Infinite Studio<br \/>\nEU Taxfree! I do ship EU-wide, please contact me, should questions arise.<\/p>\n<p>218 cm gro\u00dfe Statue (Lifesize) unseres geliebten Super Saiyajin<br \/>\nWunderbar verarbeitete und sehr detaillierte lifesize Statue von Son Goku aus Polystone &#8211; k\u00fcnstlichem Stein-Harz-Gemisch.<\/p>\n<p>Besonderheiten:<\/p>\n<ul>\n<li>2 austauschbare Kopfsets<\/li>\n<li>weltweit nur 200 St\u00fcck<\/li>\n<\/ul>\n<p>Release-Status:<\/p>\n<ul>\n<li>\n<p class=\"p1\">Lagernd vor Ort \/ In Stock in Germany. Versandfertig in ca. 5 Werktagen. (Die angegebene Anzahl ist in Deutschland!)<\/p>\n<\/li>\n<\/ul>\n<p>Wie immer bei meinen Artikeln &#8211; s\u00e4mtliche Geb\u00fchren sind, im Gegensatz zu anderen Angeboten, bereits inkludiert. Versand erfolgt ausschlie\u00dflich aus Deutschland, es fallen keine Zoll- und Importgeb\u00fchren an. Ihr kauft keine Katze im Sack \ud83d\ude42<\/p>\n<p>Ma\u00dfe der Statue:<br \/>\nGr\u00f6\u00dfe: ca. 250cm x 120cm x 120cm (gesch\u00e4tzt)<br \/>\nGewicht: \u00fcber 100kg (gesch\u00e4tzt)<\/p>\n<p>You are not prepared! \ud83d\ude42<\/p>","protected":false},"excerpt":{"rendered":"<p>Dragon Ball Z &#8211; Son Goku Lifesize &#8218; 1:1 Resin Statue &#8218; vom Infinite Studio EU Taxfree! I do ship EU-wide, please contact me, should questions arise. 218 cm gro\u00dfe Statue (Lifesize) unseres geliebten Super Saiyajin Wunderbar verarbeitete und sehr detaillierte lifesize Statue von Son Goku aus Polystone &#8211; k\u00fcnstlichem Stein-Harz-Gemisch. Besonderheiten: 2 austauschbare Kopfsets [&hellip;]<\/p>\n","protected":false},"featured_media":30190,"comment_status":"closed","ping_status":"closed","template":"","meta":[],"product_brand":[],"product_cat":[87,826,84],"product_tag":[147,251,190,471,191,171,346,97,386,514,469,470,154,136,137,388,387,472,379,381,380,382],"class_list":{"0":"post-1664","1":"product","2":"type-product","3":"status-publish","4":"has-post-thumbnail","6":"product_cat-dragon-ball","7":"product_cat-lagernd-vor-ort","8":"product_cat-statuen-anime-comic-universum","9":"product_tag-collectibles","10":"product_tag-collectibles-kaufen","11":"product_tag-dragon-ball-collectibles","12":"product_tag-dragon-ball-lifesize","13":"product_tag-dragon-ball-resin","14":"product_tag-dragon-ball-son-goku","15":"product_tag-dragon-ball-son-goku-collectible","16":"product_tag-dragon-ball-statue","17":"product_tag-dragon-ball-z-son-gohan","18":"product_tag-lifesize","19":"product_tag-lifesize-collectibles","20":"product_tag-lifesize-statuen","21":"product_tag-resin-collectibles","22":"product_tag-resin-statuen","23":"product_tag-resin-statuen-kaufen","24":"product_tag-son-gohan-collectible","25":"product_tag-son-gohan-statue","26":"product_tag-son-goku-statue","27":"product_tag-statue-collectible","28":"product_tag-statue-collectibles","29":"product_tag-statues-collectible","30":"product_tag-statues-collectibles","31":"pa_brand-infinity-studio","32":"pa_scale-1_to_1","34":"first","35":"instock","36":"taxable","37":"shipping-taxable","38":"product-type-simple"},"_links":{"self":[{"href":"https:\/\/store.handsomecake.com\/en\/wp-json\/wp\/v2\/product\/1664","targetHints":{"allow":["GET"]}}],"collection":[{"href":"https:\/\/store.handsomecake.com\/en\/wp-json\/wp\/v2\/product"}],"about":[{"href":"https:\/\/store.handsomecake.com\/en\/wp-json\/wp\/v2\/types\/product"}],"replies":[{"embeddable":true,"href":"https:\/\/store.handsomecake.com\/en\/wp-json\/wp\/v2\/comments?post=1664"}],"wp:featuredmedia":[{"embeddable":true,"href":"https:\/\/store.handsomecake.com\/en\/wp-json\/wp\/v2\/media\/30190"}],"wp:attachment":[{"href":"https:\/\/store.handsomecake.com\/en\/wp-json\/wp\/v2\/media?parent=1664"}],"wp:term":[{"taxonomy":"product_brand","embeddable":true,"href":"https:\/\/store.handsomecake.com\/en\/wp-json\/wp\/v2\/product_brand?post=1664"},{"taxonomy":"product_cat","embeddable":true,"href":"https:\/\/store.handsomecake.com\/en\/wp-json\/wp\/v2\/product_cat?post=1664"},{"taxonomy":"product_tag","embeddable":true,"href":"https:\/\/store.handsomecake.com\/en\/wp-json\/wp\/v2\/product_tag?post=1664"}],"curies":[{"name":"wp","href":"https:\/\/api.w.org\/{rel}","templated":true}]}}