{"id":16575,"date":"2022-11-08T02:38:53","date_gmt":"2022-11-08T02:38:53","guid":{"rendered":"https:\/\/store.handsomecake.com\/product\/neon-genesis-evangelion-unit-01-14-resin-statue-von-infinity-studio\/"},"modified":"2024-06-12T15:30:49","modified_gmt":"2024-06-12T15:30:49","slug":"neon-genesis-evangelion-unit-01-14-resin-statue-von-infinity-studio","status":"publish","type":"product","link":"https:\/\/store.handsomecake.com\/en\/product\/neon-genesis-evangelion-unit-01-14-resin-statue-von-infinity-studio\/","title":{"rendered":"Neon Genesis Evangelion &#8211; Unit-01 | 1:4 Resin Statue | von INFINITY Studio"},"content":{"rendered":"<p>Neon Genesis Evangelion &#8211; Unit-01 | 1:4 Resin Statue | von INFINITY Studio<\/p>\n<p>I do ship EU-wide, please contact me, should questions arise.<\/p>\n<p>Tolle Statue von Unit-01 aus Film &#8222;Evangelion: 2.0 You Can (Not) Advance&#8220;<br \/>\nWunderbar verarbeitete und sehr detaillierte Unit-01 Statue aus Polystone &#8211; k\u00fcnstlichem Stein-Harz-Gemisch.<\/p>\n<p><strong>Besonderheiten:<\/strong><\/p>\n<ul>\n<li>mit LED<\/li>\n<li>weltweit 799 St\u00fcck<\/li>\n<\/ul>\n<p><strong>Release-Status:<\/strong><\/p>\n<ul>\n<li>Vorbestellung. Statue wird ca. Q4 2023 released, wir erwarten sie sch\u00e4tzungsweise Februar 2024 im Lager.<\/li>\n<\/ul>\n<p>Wie immer bei meinen Aktionen &#8211; s\u00e4mtliche Geb\u00fchren sind, im Gegensatz zu anderen Angeboten, bereits inkludiert. Versand erfolgt ausschlie\u00dflich aus Deutschland, es fallen keine Zoll- und Importgeb\u00fchren an. Ihr kauft keine Katze im Sack \ud83d\ude42<\/p>\n<p><strong>Ma\u00dfe der Statue:<\/strong><\/p>\n<ul>\n<li>Gr\u00f6\u00dfe: ca. H82cm * W43cm * D43cm<\/li>\n<li>Gewicht: TBA, ca. 16 kg (gesch\u00e4tzt)<\/li>\n<\/ul>\n<p>You are not prepared! \ud83d\ude42<\/p>","protected":false},"excerpt":{"rendered":"<p>Neon Genesis Evangelion &#8211; Unit-01 | 1:4 Resin Statue | von INFINITY Studio I do ship EU-wide, please contact me, should questions arise. Tolle Statue von Unit-01 aus Film &#8222;Evangelion: 2.0 You Can (Not) Advance&#8220; Wunderbar verarbeitete und sehr detaillierte Unit-01 Statue aus Polystone &#8211; k\u00fcnstlichem Stein-Harz-Gemisch. Besonderheiten: mit LED weltweit 799 St\u00fcck Release-Status: Vorbestellung. [&hellip;]<\/p>\n","protected":false},"featured_media":16576,"comment_status":"closed","ping_status":"closed","template":"","meta":[],"product_brand":[],"product_cat":[24,811,568,84],"product_tag":[612,656,666,708,1043,658,479,147,251,383,2120,795,535,2123,2122,154,255,136,137,2121,2117,2118,2119],"class_list":{"0":"post-16575","1":"product","2":"type-product","3":"status-publish","4":"has-post-thumbnail","6":"product_cat-action-figuren","7":"product_cat-neon-genesis-evangelion","8":"product_cat-preorder","9":"product_cat-statuen-anime-comic-universum","10":"product_tag-anime","11":"product_tag-anime-collectibles","12":"product_tag-anime-figuren-shop","13":"product_tag-anime-statuen-shop","14":"product_tag-anime-statues","15":"product_tag-anime-toys","16":"product_tag-collectible","17":"product_tag-collectibles","18":"product_tag-collectibles-kaufen","19":"product_tag-collector","20":"product_tag-evangelion-unit-01","21":"product_tag-handsomecake","22":"product_tag-neo-genesis-evangelion","23":"product_tag-neo-genesis-evangelion-unit-01","24":"product_tag-neo-genesis-unit-01","25":"product_tag-resin-collectibles","26":"product_tag-resin-collectibles-kaufen","27":"product_tag-resin-statuen","28":"product_tag-resin-statuen-kaufen","29":"product_tag-unit-01-collectible","30":"product_tag-unit-01-figure","31":"product_tag-unit-01-resin-statue","32":"product_tag-unit-01-statue","33":"pa_brand-infinity-studio","34":"pa_scale-1_to_4","36":"first","37":"outofstock","38":"taxable","39":"shipping-taxable","40":"product-type-variable"},"_links":{"self":[{"href":"https:\/\/store.handsomecake.com\/en\/wp-json\/wp\/v2\/product\/16575","targetHints":{"allow":["GET"]}}],"collection":[{"href":"https:\/\/store.handsomecake.com\/en\/wp-json\/wp\/v2\/product"}],"about":[{"href":"https:\/\/store.handsomecake.com\/en\/wp-json\/wp\/v2\/types\/product"}],"replies":[{"embeddable":true,"href":"https:\/\/store.handsomecake.com\/en\/wp-json\/wp\/v2\/comments?post=16575"}],"wp:featuredmedia":[{"embeddable":true,"href":"https:\/\/store.handsomecake.com\/en\/wp-json\/wp\/v2\/media\/16576"}],"wp:attachment":[{"href":"https:\/\/store.handsomecake.com\/en\/wp-json\/wp\/v2\/media?parent=16575"}],"wp:term":[{"taxonomy":"product_brand","embeddable":true,"href":"https:\/\/store.handsomecake.com\/en\/wp-json\/wp\/v2\/product_brand?post=16575"},{"taxonomy":"product_cat","embeddable":true,"href":"https:\/\/store.handsomecake.com\/en\/wp-json\/wp\/v2\/product_cat?post=16575"},{"taxonomy":"product_tag","embeddable":true,"href":"https:\/\/store.handsomecake.com\/en\/wp-json\/wp\/v2\/product_tag?post=16575"}],"curies":[{"name":"wp","href":"https:\/\/api.w.org\/{rel}","templated":true}]}}