{"id":16416,"date":"2022-11-03T01:13:37","date_gmt":"2022-11-03T01:13:37","guid":{"rendered":"https:\/\/store.handsomecake.com\/product\/resident-evil-jill-valentine-11-resin-bust-von-yj-studio\/"},"modified":"2024-12-14T20:20:19","modified_gmt":"2024-12-14T20:20:19","slug":"resident-evil-jill-valentine-11-resin-bust-von-yj-studio","status":"publish","type":"product","link":"https:\/\/store.handsomecake.com\/en\/product\/resident-evil-jill-valentine-11-resin-bust-von-yj-studio\/","title":{"rendered":"Resident Evil &#8211; Jill Valentine | 1:1 Resin Bust | von YJ Studio"},"content":{"rendered":"<p>Resident Evil &#8211; Jill Valentine | 1:1 Resin Bust | von YJ Studio<\/p>\n<p>EU Taxfree! I do ship EU-wide, please contact me, should questions arise.<br \/>\nTolle B\u00fcste von einer der elf Gr\u00fcndungsmitglieder der BSAA<\/p>\n<p>Wunderbar verarbeitete und sehr detaillierte Jill B\u00fcste aus Polystone &#8211; k\u00fcnstlichem Stein-Harz-Gemisch.<\/p>\n<p><strong>Besonderheiten:<\/strong><\/p>\n<ul>\n<li>Kleidung abnehmbar<\/li>\n<\/ul>\n<p><strong>Release-Status:<\/strong><\/p>\n<ul>\n<li>Preorder, Statue wird voraussichtlich in Q2 2023 released. Wir erwarten sie im Warenlager ca. Ende August 2023.<\/li>\n<\/ul>\n<p>Wie immer bei meinen Artikeln &#8211; s\u00e4mtliche Geb\u00fchren sind, im Gegensatz zu anderen Angeboten, bereits inkludiert. Versand erfolgt ausschlie\u00dflich aus Deutschland, es fallen keine Zoll- und Importgeb\u00fchren an. Ihr kauft keine Katze im Sack \ud83d\ude42<\/p>\n<p><strong>Ma\u00dfe der Statue:<\/strong><\/p>\n<ul>\n<li>Gr\u00f6\u00dfe: ca. H65cm x cm x cm<\/li>\n<li>Gewicht: TBA, ca.16kg (gesch\u00e4tzt)<\/li>\n<\/ul>\n<p>You are not prepared! \ud83d\ude42<\/p>","protected":false},"excerpt":{"rendered":"<p>Resident Evil &#8211; Jill Valentine | 1:1 Resin Bust | von YJ Studio EU Taxfree! I do ship EU-wide, please contact me, should questions arise. Tolle B\u00fcste von einer der elf Gr\u00fcndungsmitglieder der BSAA Wunderbar verarbeitete und sehr detaillierte Jill B\u00fcste aus Polystone &#8211; k\u00fcnstlichem Stein-Harz-Gemisch. Besonderheiten: Kleidung abnehmbar Release-Status: Preorder, Statue wird voraussichtlich in [&hellip;]<\/p>\n","protected":false},"featured_media":16455,"comment_status":"closed","ping_status":"closed","template":"","meta":[],"product_brand":[],"product_cat":[24,568,82,81],"product_tag":[147,215,217,216,514,469,470,187,189,188,154,136,137,379,381,380,382],"class_list":{"0":"post-16416","1":"product","2":"type-product","3":"status-publish","4":"has-post-thumbnail","6":"product_cat-action-figuren","7":"product_cat-preorder","8":"product_cat-resident-evil","9":"product_cat-statuen-computerspieluniversum","10":"product_tag-collectibles","11":"product_tag-jill-valentine","12":"product_tag-jill-valentine-collectibles","13":"product_tag-jill-valentine-statue","14":"product_tag-lifesize","15":"product_tag-lifesize-collectibles","16":"product_tag-lifesize-statuen","17":"product_tag-resident-evil","18":"product_tag-resident-evil-collectibles","19":"product_tag-resident-evil-statuen","20":"product_tag-resin-collectibles","21":"product_tag-resin-statuen","22":"product_tag-resin-statuen-kaufen","23":"product_tag-statue-collectible","24":"product_tag-statue-collectibles","25":"product_tag-statues-collectible","26":"product_tag-statues-collectibles","27":"pa_brand-yj-studio","28":"pa_scale-1_to_1","30":"first","31":"instock","32":"taxable","33":"shipping-taxable","34":"product-type-variable"},"_links":{"self":[{"href":"https:\/\/store.handsomecake.com\/en\/wp-json\/wp\/v2\/product\/16416","targetHints":{"allow":["GET"]}}],"collection":[{"href":"https:\/\/store.handsomecake.com\/en\/wp-json\/wp\/v2\/product"}],"about":[{"href":"https:\/\/store.handsomecake.com\/en\/wp-json\/wp\/v2\/types\/product"}],"replies":[{"embeddable":true,"href":"https:\/\/store.handsomecake.com\/en\/wp-json\/wp\/v2\/comments?post=16416"}],"wp:featuredmedia":[{"embeddable":true,"href":"https:\/\/store.handsomecake.com\/en\/wp-json\/wp\/v2\/media\/16455"}],"wp:attachment":[{"href":"https:\/\/store.handsomecake.com\/en\/wp-json\/wp\/v2\/media?parent=16416"}],"wp:term":[{"taxonomy":"product_brand","embeddable":true,"href":"https:\/\/store.handsomecake.com\/en\/wp-json\/wp\/v2\/product_brand?post=16416"},{"taxonomy":"product_cat","embeddable":true,"href":"https:\/\/store.handsomecake.com\/en\/wp-json\/wp\/v2\/product_cat?post=16416"},{"taxonomy":"product_tag","embeddable":true,"href":"https:\/\/store.handsomecake.com\/en\/wp-json\/wp\/v2\/product_tag?post=16416"}],"curies":[{"name":"wp","href":"https:\/\/api.w.org\/{rel}","templated":true}]}}