{"id":16385,"date":"2022-11-01T14:16:16","date_gmt":"2022-11-01T14:16:16","guid":{"rendered":"https:\/\/store.handsomecake.com\/product\/dragon-ball-z-son-goku-lifesize-11-resin-statue-vom-infinite-studio-2\/"},"modified":"2024-06-12T15:30:20","modified_gmt":"2024-06-12T15:30:20","slug":"dragon-ball-z-son-goku-lifesize-11-resin-statue-vom-infinite-studio-2","status":"publish","type":"product","link":"https:\/\/store.handsomecake.com\/en\/product\/dragon-ball-z-son-goku-lifesize-11-resin-statue-vom-infinite-studio-2\/","title":{"rendered":"Dragon Ball Z &#8211; Namek Saga Son Goku Lifesize | 1:1 Resin Statue | von Infinite Studio"},"content":{"rendered":"<p>Dragon Ball Z &#8211; Namek Saga Son Goku | 1:1 Resin Statue |\u00a0von Infinite Studio<br \/>\nEU Taxfree! I do ship EU-wide, please contact me, should questions arise.<\/p>\n<p>215 cm gro\u00dfe Statue (Lifesize) unseres geliebten Super Saiyajin aus der Namek Saga<br \/>\nWunderbar verarbeitete und sehr detaillierte lifesize Statue von Son Goku aus Polystone &#8211; k\u00fcnstlichem Stein-Harz-Gemisch.<\/p>\n<p>Besonderheiten:<\/p>\n<ul>\n<li>2 austauschbare B\u00fcsten<\/li>\n<li>ES: China: 88 St\u00fcck, Welt: 150 St\u00fcck<\/li>\n<\/ul>\n<p>Release-Status:<\/p>\n<ul>\n<li>Pre order. Release ca. Q3 2023 erwartet, bei uns im Lager voraussichtlich Ende Dezember 2023.<\/li>\n<\/ul>\n<p>Wie immer bei meinen Artikeln &#8211; s\u00e4mtliche Geb\u00fchren sind, im Gegensatz zu anderen Angeboten, bereits inkludiert. Versand erfolgt ausschlie\u00dflich aus Deutschland, es fallen keine Zoll- und Importgeb\u00fchren an. Ihr kauft keine Katze im Sack \ud83d\ude42<\/p>\n<p>Ma\u00dfe der Statue:<br \/>\nGr\u00f6\u00dfe: ca. 215cm x 106cm x 98cm (Herstellerangaben, ohne Gew\u00e4hr)<br \/>\nGewicht: ca. 100kg (Herstellerangaben, ohne Gew\u00e4hr)<\/p>\n<p>You are not prepared! \ud83d\ude42<\/p>","protected":false},"excerpt":{"rendered":"<p>Dragon Ball Z &#8211; Namek Saga Son Goku | 1:1 Resin Statue |\u00a0von Infinite Studio EU Taxfree! I do ship EU-wide, please contact me, should questions arise. 215 cm gro\u00dfe Statue (Lifesize) unseres geliebten Super Saiyajin aus der Namek Saga Wunderbar verarbeitete und sehr detaillierte lifesize Statue von Son Goku aus Polystone &#8211; k\u00fcnstlichem Stein-Harz-Gemisch. [&hellip;]<\/p>\n","protected":false},"featured_media":16386,"comment_status":"closed","ping_status":"closed","template":"","meta":[],"product_brand":[],"product_cat":[87,568,84],"product_tag":[147,251,190,471,191,171,346,97,98,674,469,470,154,136,137,1273,2150,472,2151,379,381,380,382,96,675,2198],"class_list":{"0":"post-16385","1":"product","2":"type-product","3":"status-publish","4":"has-post-thumbnail","6":"product_cat-dragon-ball","7":"product_cat-preorder","8":"product_cat-statuen-anime-comic-universum","9":"product_tag-collectibles","10":"product_tag-collectibles-kaufen","11":"product_tag-dragon-ball-collectibles","12":"product_tag-dragon-ball-lifesize","13":"product_tag-dragon-ball-resin","14":"product_tag-dragon-ball-son-goku","15":"product_tag-dragon-ball-son-goku-collectible","16":"product_tag-dragon-ball-statue","17":"product_tag-dragon-ball-vegeta","18":"product_tag-dragon-ball-z-vegeta","19":"product_tag-lifesize-collectibles","20":"product_tag-lifesize-statuen","21":"product_tag-resin-collectibles","22":"product_tag-resin-statuen","23":"product_tag-resin-statuen-kaufen","24":"product_tag-resincollectors","25":"product_tag-son-goku-figur-lebensgross","26":"product_tag-son-goku-statue","27":"product_tag-son-goku-statue-lebensgross","28":"product_tag-statue-collectible","29":"product_tag-statue-collectibles","30":"product_tag-statues-collectible","31":"product_tag-statues-collectibles","32":"product_tag-vegeta","33":"product_tag-vegeta-collectible","34":"product_tag-vegeta-statuelifesize","35":"pa_brand-infinite-studio","36":"pa_scale-1_to_1","38":"first","39":"instock","40":"taxable","41":"shipping-taxable","42":"product-type-variable"},"_links":{"self":[{"href":"https:\/\/store.handsomecake.com\/en\/wp-json\/wp\/v2\/product\/16385","targetHints":{"allow":["GET"]}}],"collection":[{"href":"https:\/\/store.handsomecake.com\/en\/wp-json\/wp\/v2\/product"}],"about":[{"href":"https:\/\/store.handsomecake.com\/en\/wp-json\/wp\/v2\/types\/product"}],"replies":[{"embeddable":true,"href":"https:\/\/store.handsomecake.com\/en\/wp-json\/wp\/v2\/comments?post=16385"}],"wp:featuredmedia":[{"embeddable":true,"href":"https:\/\/store.handsomecake.com\/en\/wp-json\/wp\/v2\/media\/16386"}],"wp:attachment":[{"href":"https:\/\/store.handsomecake.com\/en\/wp-json\/wp\/v2\/media?parent=16385"}],"wp:term":[{"taxonomy":"product_brand","embeddable":true,"href":"https:\/\/store.handsomecake.com\/en\/wp-json\/wp\/v2\/product_brand?post=16385"},{"taxonomy":"product_cat","embeddable":true,"href":"https:\/\/store.handsomecake.com\/en\/wp-json\/wp\/v2\/product_cat?post=16385"},{"taxonomy":"product_tag","embeddable":true,"href":"https:\/\/store.handsomecake.com\/en\/wp-json\/wp\/v2\/product_tag?post=16385"}],"curies":[{"name":"wp","href":"https:\/\/api.w.org\/{rel}","templated":true}]}}