{"id":16340,"date":"2022-10-31T10:09:51","date_gmt":"2022-10-31T10:09:51","guid":{"rendered":"https:\/\/store.handsomecake.com\/product\/one-piece-monkey-d-luffy-vs-kaido-16-resin-statue-von-fantasy-studio\/"},"modified":"2025-03-20T20:20:20","modified_gmt":"2025-03-20T20:20:20","slug":"one-piece-monkey-d-luffy-vs-kaido-16-resin-statue-von-fantasy-studio","status":"publish","type":"product","link":"https:\/\/store.handsomecake.com\/en\/product\/one-piece-monkey-d-luffy-vs-kaido-16-resin-statue-von-fantasy-studio\/","title":{"rendered":"One Piece &#8211; Monkey D. Luffy vs. Kaido | 1:6 Resin Statue | von Fantasy Studio"},"content":{"rendered":"<p>One Piece &#8211; Monkey D. Luffy vs. Kaido | 1:6 Resin Statue | von Fantasy Studio<\/p>\n<p>I do ship EU-wide, please contact me, should questions arise.<\/p>\n<p>Tolle Statue der dynamischen Kampfszene zwischen Luffy und Kaido<br \/>\nWunderbar verarbeitete und sehr detaillierte Luffy vs. Kaido Statue aus Polystone &#8211; k\u00fcnstlichem Stein-Harz-Gemisch.<\/p>\n<p><strong>Besonderheiten:<\/strong><\/p>\n<ul>\n<li>ausschlie\u00dflich EX Version (+ Luffy Red Rock Version)<\/li>\n<li>mit LED<\/li>\n<\/ul>\n<p><strong>Release-Status:<\/strong><\/p>\n<ul>\n<li>Released &amp; lagernd in China. Ab Bestellzeitpunkt in ca. 3-4 Monaten bei euch.<\/li>\n<\/ul>\n<p>Wie immer bei meinen Aktionen &#8211; s\u00e4mtliche Geb\u00fchren sind, im Gegensatz zu anderen Angeboten, bereits inkludiert. Versand erfolgt ausschlie\u00dflich aus Deutschland, es fallen keine Zoll- und Importgeb\u00fchren an. Ihr kauft keine Katze im Sack \ud83d\ude42<\/p>\n<p><strong>Ma\u00dfe der Statue:<\/strong><\/p>\n<ul>\n<li>Gr\u00f6\u00dfe EX: ca. H70cm x D53cm x W42cm<\/li>\n<li>Gewicht: TBA, ca. 16 kg (gesch\u00e4tzt)<\/li>\n<\/ul>\n<p>You are not prepared! \ud83d\ude42<\/p>","protected":false},"excerpt":{"rendered":"<p>One Piece &#8211; Monkey D. Luffy vs. Kaido | 1:6 Resin Statue | von Fantasy Studio I do ship EU-wide, please contact me, should questions arise. Tolle Statue der dynamischen Kampfszene zwischen Luffy und Kaido Wunderbar verarbeitete und sehr detaillierte Luffy vs. Kaido Statue aus Polystone &#8211; k\u00fcnstlichem Stein-Harz-Gemisch. Besonderheiten: ausschlie\u00dflich EX Version (+ Luffy [&hellip;]<\/p>\n","protected":false},"featured_media":16341,"comment_status":"closed","ping_status":"closed","template":"","meta":[],"product_brand":[],"product_cat":[24,89,84,567],"product_tag":[612,664,666,717,794,662,640,658,479,147,251,795,529,531,530,532,164,502,165,154,255,136,137,379,381,552,380,382,547,718],"class_list":{"0":"post-16340","1":"product","2":"type-product","3":"status-publish","4":"has-post-thumbnail","6":"product_cat-action-figuren","7":"product_cat-one-piece","8":"product_cat-statuen-anime-comic-universum","9":"product_cat-in_stock_warehouse_china","10":"product_tag-anime","11":"product_tag-anime-figuren-one-piece","12":"product_tag-anime-figuren-shop","13":"product_tag-anime-shop","14":"product_tag-anime-statue","15":"product_tag-anime-statue-shop","16":"product_tag-anime-statuen","17":"product_tag-anime-toys","18":"product_tag-collectible","19":"product_tag-collectibles","20":"product_tag-collectibles-kaufen","21":"product_tag-handsomecake","22":"product_tag-luffy","23":"product_tag-luffy-collectible","24":"product_tag-luffy-one-piece","25":"product_tag-luffy-statue","26":"product_tag-one-piece-collectibles","27":"product_tag-one-piece-resin","28":"product_tag-one-piece-statue","29":"product_tag-resin-collectibles","30":"product_tag-resin-collectibles-kaufen","31":"product_tag-resin-statuen","32":"product_tag-resin-statuen-kaufen","33":"product_tag-statue-collectible","34":"product_tag-statue-collectibles","35":"product_tag-statue-collector","36":"product_tag-statues-collectible","37":"product_tag-statues-collectibles","38":"product_tag-statues-collector","39":"product_tag-toys","40":"pa_brand-fantasy-studio","41":"pa_scale-1_to_6","43":"first","44":"outofstock","45":"sale","46":"taxable","47":"shipping-taxable","48":"product-type-variable"},"_links":{"self":[{"href":"https:\/\/store.handsomecake.com\/en\/wp-json\/wp\/v2\/product\/16340","targetHints":{"allow":["GET"]}}],"collection":[{"href":"https:\/\/store.handsomecake.com\/en\/wp-json\/wp\/v2\/product"}],"about":[{"href":"https:\/\/store.handsomecake.com\/en\/wp-json\/wp\/v2\/types\/product"}],"replies":[{"embeddable":true,"href":"https:\/\/store.handsomecake.com\/en\/wp-json\/wp\/v2\/comments?post=16340"}],"wp:featuredmedia":[{"embeddable":true,"href":"https:\/\/store.handsomecake.com\/en\/wp-json\/wp\/v2\/media\/16341"}],"wp:attachment":[{"href":"https:\/\/store.handsomecake.com\/en\/wp-json\/wp\/v2\/media?parent=16340"}],"wp:term":[{"taxonomy":"product_brand","embeddable":true,"href":"https:\/\/store.handsomecake.com\/en\/wp-json\/wp\/v2\/product_brand?post=16340"},{"taxonomy":"product_cat","embeddable":true,"href":"https:\/\/store.handsomecake.com\/en\/wp-json\/wp\/v2\/product_cat?post=16340"},{"taxonomy":"product_tag","embeddable":true,"href":"https:\/\/store.handsomecake.com\/en\/wp-json\/wp\/v2\/product_tag?post=16340"}],"curies":[{"name":"wp","href":"https:\/\/api.w.org\/{rel}","templated":true}]}}