{"id":1633,"date":"2020-11-27T14:57:29","date_gmt":"2020-11-27T14:57:29","guid":{"rendered":"https:\/\/store.handsomecake.com\/product\/resident-evil-3-remake-jill-valentine-16-resin-statue-vom-nt-studio\/"},"modified":"2024-06-12T14:33:08","modified_gmt":"2024-06-12T14:33:08","slug":"resident-evil-3-remake-jill-valentine-16-resin-statue-vom-nt-studio","status":"publish","type":"product","link":"https:\/\/store.handsomecake.com\/en\/product\/resident-evil-3-remake-jill-valentine-16-resin-statue-vom-nt-studio\/","title":{"rendered":"Resident Evil 3 Remake &#8211; Jill Valentine | 1:6 Resin Statue | vom NT Studio"},"content":{"rendered":"<p>Resident Evil 3 Remake &#8211; Jill Valentine &#8218; 1:6 Resin Statue &#8218; vom NT Studio<\/p>\n<p>I do ship EU-wide, please contact me, should questions arise.<br \/>\nEU shipping costs are more an estimate and will be recalculated (and you will receive a refund, if shippings costs turn out to be lower in the end).<br \/>\nExample &#8211; some statues are stated as 58cm width. Until they arrive we can&#8217;t guarantee if its the width WITH packaging or without. If it&#8217;s WITH, we fit under the 60cm rule and if the weight is under 31.5kg as well, shipping will be as low as 43.86\u20ac (current DHL price), if the statue is over 60cm with packaging, we will need to engage a hauling company&#8230;<\/p>\n<p>Tolle Statue der tapferen STARS K\u00e4mpferin<\/p>\n<p>Wunderbar verarbeitete und sehr detaillierte Jill Valentine Statue aus Polystone &#8211; k\u00fcnstlichem Stein-Harz-Gemisch.<\/p>\n<p>Besonderheiten:<\/p>\n<ul>\n<li>2 austauschbare Waffen<\/li>\n<li>Kleidung ist abnehmbar<\/li>\n<\/ul>\n<p>Release-Status:<\/p>\n<ul>\n<li>Released. Ab Bestellzeitpunkt in ca. 90 Tagen bei euch.<\/li>\n<\/ul>\n<p>Wie immer bei meinen Aktionen &#8211; s\u00e4mtliche Geb\u00fchren sind, im Gegensatz zu anderen Angeboten, bereits inkludiert. Versand erfolgt ausschlie\u00dflich aus Deutschland, es fallen keine Zoll- und Importgeb\u00fchren an. Ihr kauft keine Katze im Sack \ud83d\ude42<\/p>\n<p>Preis-Hinweis:<br \/>\nSolltet ihr die Statue direkt \u00fcber unseren Online-Shop (einfach den Benutzernamen googeln) kaufen, so erhaltet ihr auf jeden Fall die Tiefstpreisgarantie &#8211; sollte beispielsweise der Versand, Zoll oder die Einfuhrumsatzsteuer am Ende, also wenn die Statue bei uns im Warenlager angekommen ist, geringer ausfallen, so leiten wir die Preisreduzierung 1:1 an euch weiter! Der Catfish Arthas war z.b. urspr\u00fcnglich f\u00fcr 1850\u20ac drin, Endpreis war 1569\u20ac.<\/p>\n<p>Ma\u00dfe der Statue:<br \/>\nGr\u00f6\u00dfe: ca. 57cm x 35cm x 32cm<br \/>\nGewicht: 14 kg<\/p>\n<p>You are not prepared! \ud83d\ude42<\/p>","protected":false},"excerpt":{"rendered":"<p>Resident Evil 3 Remake &#8211; Jill Valentine &#8218; 1:6 Resin Statue &#8218; vom NT Studio I do ship EU-wide, please contact me, should questions arise. EU shipping costs are more an estimate and will be recalculated (and you will receive a refund, if shippings costs turn out to be lower in the end). Example &#8211; [&hellip;]<\/p>\n","protected":false},"featured_media":1634,"comment_status":"closed","ping_status":"closed","template":"","meta":[],"product_brand":[],"product_cat":[82,81,567],"product_tag":[147,215,217,216,187,189,188,154,136,137,379,381,380,382],"class_list":{"0":"post-1633","1":"product","2":"type-product","3":"status-publish","4":"has-post-thumbnail","6":"product_cat-resident-evil","7":"product_cat-statuen-computerspieluniversum","8":"product_cat-in_stock_warehouse_china","9":"product_tag-collectibles","10":"product_tag-jill-valentine","11":"product_tag-jill-valentine-collectibles","12":"product_tag-jill-valentine-statue","13":"product_tag-resident-evil","14":"product_tag-resident-evil-collectibles","15":"product_tag-resident-evil-statuen","16":"product_tag-resin-collectibles","17":"product_tag-resin-statuen","18":"product_tag-resin-statuen-kaufen","19":"product_tag-statue-collectible","20":"product_tag-statue-collectibles","21":"product_tag-statues-collectible","22":"product_tag-statues-collectibles","23":"pa_brand-nt-studio","24":"pa_scale-1_to_6","26":"first","27":"onbackorder","28":"taxable","29":"shipping-taxable","30":"product-type-variable"},"_links":{"self":[{"href":"https:\/\/store.handsomecake.com\/en\/wp-json\/wp\/v2\/product\/1633","targetHints":{"allow":["GET"]}}],"collection":[{"href":"https:\/\/store.handsomecake.com\/en\/wp-json\/wp\/v2\/product"}],"about":[{"href":"https:\/\/store.handsomecake.com\/en\/wp-json\/wp\/v2\/types\/product"}],"replies":[{"embeddable":true,"href":"https:\/\/store.handsomecake.com\/en\/wp-json\/wp\/v2\/comments?post=1633"}],"wp:featuredmedia":[{"embeddable":true,"href":"https:\/\/store.handsomecake.com\/en\/wp-json\/wp\/v2\/media\/1634"}],"wp:attachment":[{"href":"https:\/\/store.handsomecake.com\/en\/wp-json\/wp\/v2\/media?parent=1633"}],"wp:term":[{"taxonomy":"product_brand","embeddable":true,"href":"https:\/\/store.handsomecake.com\/en\/wp-json\/wp\/v2\/product_brand?post=1633"},{"taxonomy":"product_cat","embeddable":true,"href":"https:\/\/store.handsomecake.com\/en\/wp-json\/wp\/v2\/product_cat?post=1633"},{"taxonomy":"product_tag","embeddable":true,"href":"https:\/\/store.handsomecake.com\/en\/wp-json\/wp\/v2\/product_tag?post=1633"}],"curies":[{"name":"wp","href":"https:\/\/api.w.org\/{rel}","templated":true}]}}