{"id":16231,"date":"2022-10-25T00:05:39","date_gmt":"2022-10-25T00:05:39","guid":{"rendered":"https:\/\/store.handsomecake.com\/product\/one-piece-shanks-14-resin-statue-von-last-sleep-studio\/"},"modified":"2025-09-02T23:27:39","modified_gmt":"2025-09-02T23:27:39","slug":"one-piece-shanks-14-resin-statue-von-last-sleep-studio","status":"publish","type":"product","link":"https:\/\/store.handsomecake.com\/en\/product\/one-piece-shanks-14-resin-statue-von-last-sleep-studio\/","title":{"rendered":"One Piece &#8211; Shanks | 1:4 Resin Statue | von Last Sleep Studio"},"content":{"rendered":"<p>One Piece &#8211; Shanks | 1:4 Resin Statue | von Last Sleep Studio<\/p>\n<p>I do ship EU-wide, please contact me, should questions arise.<\/p>\n<table style=\"background: transparent;\">\n<tbody>\n<tr>\n<td style=\"color: #b2b7f2; font-size: 3.3em; font-family: 'Times New Roman',serif; font-weight: bold; padding: 4px 2px 2px; width: 0.5em; vertical-align: top;\"><span style=\"color: #dddddd;\">\u201c<\/span><\/td>\n<td><span style=\"color: #000000;\"><i><span style=\"background-color: #dddddd;\">Listen up\u2026 You can pour drinks on me, you can throw food at me\u2026 You can even spit on me. I&#8217;ll just laugh that stuff off. But\u2026 Good reason or not\u2026 Nobody hurts a friend of mine.<\/span><\/i><\/span><\/td>\n<td style=\"color: #b2b7f2; font-size: 3.3em; font-family: Times New Roman,serif; font-weight: bold; padding: 4px 2px 2px; width: 0.5em; vertical-align: bottom;\"><span style=\"color: #ecf0f1;\"><span style=\"font-family: Times New Roman,Times,serif;\">\u201e<\/span><\/span><\/td>\n<\/tr>\n<tr>\n<td><\/td>\n<td style=\"text-align: right; font-family: Lobster,serif;\"><em><small><strong><span style=\"font-size: 14px;\">&#8211; Shanks<\/span><\/strong>.<\/small><\/em><\/td>\n<td><\/td>\n<\/tr>\n<\/tbody>\n<\/table>\n<p>Tolle Statue des Kapit\u00e4ns der Rothaar-Piratenbande<br \/>\nWunderbar verarbeitete und sehr detaillierte Shanks Statue aus Polystone &#8211; k\u00fcnstlichem Stein-Harz-Gemisch.<\/p>\n<p><strong>Besonderheiten:<\/strong><\/p>\n<ul>\n<li>S Version (ca. 1:4), 168 St\u00fcck weltweit<\/li>\n<li>auch S- Version ist verf\u00fcgbar (ca. 1:6), 228 St\u00fcck weltweit<\/li>\n<\/ul>\n<p><strong>Release-Status:<\/strong><\/p>\n<ul>\n<li>Lagernd vor Ort. Versandfertig in ca. 5 Werktagen.<\/li>\n<\/ul>\n<p>Wie immer bei meinen Aktionen &#8211; s\u00e4mtliche Geb\u00fchren sind, im Gegensatz zu anderen Angeboten, bereits inkludiert. Versand erfolgt ausschlie\u00dflich aus Deutschland, es fallen keine Zoll- und Importgeb\u00fchren an. Ihr kauft keine Katze im Sack \ud83d\ude42<\/p>\n<p><strong>Ma\u00dfe der Statue:<\/strong><\/p>\n<ul>\n<li>Gr\u00f6\u00dfe S: ca. H72cm x D51cm x W56cm<\/li>\n<li>Gr\u00f6\u00dfe S-: ca. H50cm x D34cm x W40cm<\/li>\n<\/ul>\n<p>Gewicht: TBA, ca. 16 kg (gesch\u00e4tzt)<\/p>\n<p>You are not prepared! \ud83d\ude42<\/p>","protected":false},"excerpt":{"rendered":"<p>One Piece &#8211; Shanks | 1:4 Resin Statue | von Last Sleep Studio I do ship EU-wide, please contact me, should questions arise. \u201c Listen up\u2026 You can pour drinks on me, you can throw food at me\u2026 You can even spit on me. I&#8217;ll just laugh that stuff off. But\u2026 Good reason or not\u2026 [&hellip;]<\/p>\n","protected":false},"featured_media":16232,"comment_status":"closed","ping_status":"closed","template":"","meta":[],"product_brand":[],"product_cat":[826,89,84],"product_tag":[612,666,717,794,662,640,658,479,147,251,795,164,502,2082,165,154,255,136,137,2079,2080,2081,379,381,552,665,380,382,547],"class_list":{"0":"post-16231","1":"product","2":"type-product","3":"status-publish","4":"has-post-thumbnail","6":"product_cat-lagernd-vor-ort","7":"product_cat-one-piece","8":"product_cat-statuen-anime-comic-universum","9":"product_tag-anime","10":"product_tag-anime-figuren-shop","11":"product_tag-anime-shop","12":"product_tag-anime-statue","13":"product_tag-anime-statue-shop","14":"product_tag-anime-statuen","15":"product_tag-anime-toys","16":"product_tag-collectible","17":"product_tag-collectibles","18":"product_tag-collectibles-kaufen","19":"product_tag-handsomecake","20":"product_tag-one-piece-collectibles","21":"product_tag-one-piece-resin","22":"product_tag-one-piece-shanks","23":"product_tag-one-piece-statue","24":"product_tag-resin-collectibles","25":"product_tag-resin-collectibles-kaufen","26":"product_tag-resin-statuen","27":"product_tag-resin-statuen-kaufen","28":"product_tag-shanks","29":"product_tag-shanks-collectible","30":"product_tag-shanks-statue","31":"product_tag-statue-collectible","32":"product_tag-statue-collectibles","33":"product_tag-statue-collector","34":"product_tag-statuen-shop","35":"product_tag-statues-collectible","36":"product_tag-statues-collectibles","37":"product_tag-statues-collector","38":"pa_brand-las-sleep-studio","40":"first","41":"instock","42":"taxable","43":"shipping-taxable","44":"product-type-variable"},"_links":{"self":[{"href":"https:\/\/store.handsomecake.com\/en\/wp-json\/wp\/v2\/product\/16231","targetHints":{"allow":["GET"]}}],"collection":[{"href":"https:\/\/store.handsomecake.com\/en\/wp-json\/wp\/v2\/product"}],"about":[{"href":"https:\/\/store.handsomecake.com\/en\/wp-json\/wp\/v2\/types\/product"}],"replies":[{"embeddable":true,"href":"https:\/\/store.handsomecake.com\/en\/wp-json\/wp\/v2\/comments?post=16231"}],"wp:featuredmedia":[{"embeddable":true,"href":"https:\/\/store.handsomecake.com\/en\/wp-json\/wp\/v2\/media\/16232"}],"wp:attachment":[{"href":"https:\/\/store.handsomecake.com\/en\/wp-json\/wp\/v2\/media?parent=16231"}],"wp:term":[{"taxonomy":"product_brand","embeddable":true,"href":"https:\/\/store.handsomecake.com\/en\/wp-json\/wp\/v2\/product_brand?post=16231"},{"taxonomy":"product_cat","embeddable":true,"href":"https:\/\/store.handsomecake.com\/en\/wp-json\/wp\/v2\/product_cat?post=16231"},{"taxonomy":"product_tag","embeddable":true,"href":"https:\/\/store.handsomecake.com\/en\/wp-json\/wp\/v2\/product_tag?post=16231"}],"curies":[{"name":"wp","href":"https:\/\/api.w.org\/{rel}","templated":true}]}}