{"id":16154,"date":"2022-10-21T12:41:08","date_gmt":"2022-10-21T12:41:08","guid":{"rendered":"https:\/\/store.handsomecake.com\/product\/one-punch-man-boros-16-resin-statue-von-kitsune-statue\/"},"modified":"2024-06-12T15:29:57","modified_gmt":"2024-06-12T15:29:57","slug":"one-punch-man-boros-16-resin-statue-von-kitsune-statue","status":"publish","type":"product","link":"https:\/\/store.handsomecake.com\/en\/product\/one-punch-man-boros-16-resin-statue-von-kitsune-statue\/","title":{"rendered":"One Punch Man &#8211; Boros | 1:6 Resin Statue | von Kitsune Statue"},"content":{"rendered":"<p>One Punch Man &#8211; Boros | 1:6 Resin Statue | von Kitsune Statue<\/p>\n<p>I do ship EU-wide, please contact me, should questions arise.<\/p>\n<p><span style=\"color: #ffffff;\"><strong><em><span style=\"background-color: #2c3e50;\">&#8220; I lead the band of thieves known as Dark Matter. I am Boros, Dominator of the Universe. &#8222;<\/span><\/em><\/strong><\/span><\/p>\n<p>Tolle Statue von Lord Boros<br \/>\nWunderbar verarbeitete und sehr detaillierte Boros Statue aus Polystone &#8211; k\u00fcnstlichem Stein-Harz-Gemisch.<\/p>\n<p><strong>Besonderheiten:<\/strong><\/p>\n<ul>\n<li>weltweit 400 St\u00fcck<\/li>\n<\/ul>\n<p><strong>Release-Status:<\/strong><\/p>\n<ul>\n<li>Vorbestellung, Release erwartet Ende Q4 2023, Collectible bei uns im Lager sch\u00e4tzungsweise Ende Februar 2024<\/li>\n<\/ul>\n<p>Wie immer bei meinen Aktionen &#8211; s\u00e4mtliche Geb\u00fchren sind, im Gegensatz zu anderen Angeboten, bereits inkludiert. Versand erfolgt ausschlie\u00dflich aus Deutschland, es fallen keine Zoll- und Importgeb\u00fchren an. Ihr kauft keine Katze im Sack \ud83d\ude42<\/p>\n<p><strong>Ma\u00dfe der Statue:<\/strong><\/p>\n<ul>\n<li>Gr\u00f6\u00dfe: ca. 52cm x 32.2cm x 51cm<\/li>\n<li>Gewicht: ca. 20kg<\/li>\n<\/ul>\n<p>You are not prepared! \ud83d\ude42<\/p>","protected":false},"excerpt":{"rendered":"<p>One Punch Man &#8211; Boros | 1:6 Resin Statue | von Kitsune Statue I do ship EU-wide, please contact me, should questions arise. &#8220; I lead the band of thieves known as Dark Matter. I am Boros, Dominator of the Universe. &#8222; Tolle Statue von Lord Boros Wunderbar verarbeitete und sehr detaillierte Boros Statue aus [&hellip;]<\/p>\n","protected":false},"featured_media":16186,"comment_status":"closed","ping_status":"closed","template":"","meta":[],"product_brand":[],"product_cat":[24,126,568,84],"product_tag":[2070,2071,2069,2072,2073,147,251,383,630,632,633,634,631,154,136,137,554,639,379,381,552,547],"class_list":{"0":"post-16154","1":"product","2":"type-product","3":"status-publish","4":"has-post-thumbnail","6":"product_cat-action-figuren","7":"product_cat-one-punch-man","8":"product_cat-preorder","9":"product_cat-statuen-anime-comic-universum","10":"product_tag-boros","11":"product_tag-boros-collectible","12":"product_tag-boros-collector","13":"product_tag-boros-figure","14":"product_tag-boros-statue","15":"product_tag-collectibles","16":"product_tag-collectibles-kaufen","17":"product_tag-collector","18":"product_tag-one-punch-man","19":"product_tag-one-punch-man-collectible","20":"product_tag-one-punch-man-figure","21":"product_tag-one-punch-man-figurine","22":"product_tag-one-punch-man-statue","23":"product_tag-resin-collectibles","24":"product_tag-resin-statuen","25":"product_tag-resin-statuen-kaufen","26":"product_tag-resin-statues","27":"product_tag-saitama-figurine","28":"product_tag-statue-collectible","29":"product_tag-statue-collectibles","30":"product_tag-statue-collector","31":"product_tag-statues-collector","32":"pa_brand-kitsune-statue-studio","33":"pa_scale-1_to_6","35":"first","36":"instock","37":"taxable","38":"shipping-taxable","39":"product-type-variable"},"_links":{"self":[{"href":"https:\/\/store.handsomecake.com\/en\/wp-json\/wp\/v2\/product\/16154","targetHints":{"allow":["GET"]}}],"collection":[{"href":"https:\/\/store.handsomecake.com\/en\/wp-json\/wp\/v2\/product"}],"about":[{"href":"https:\/\/store.handsomecake.com\/en\/wp-json\/wp\/v2\/types\/product"}],"replies":[{"embeddable":true,"href":"https:\/\/store.handsomecake.com\/en\/wp-json\/wp\/v2\/comments?post=16154"}],"wp:featuredmedia":[{"embeddable":true,"href":"https:\/\/store.handsomecake.com\/en\/wp-json\/wp\/v2\/media\/16186"}],"wp:attachment":[{"href":"https:\/\/store.handsomecake.com\/en\/wp-json\/wp\/v2\/media?parent=16154"}],"wp:term":[{"taxonomy":"product_brand","embeddable":true,"href":"https:\/\/store.handsomecake.com\/en\/wp-json\/wp\/v2\/product_brand?post=16154"},{"taxonomy":"product_cat","embeddable":true,"href":"https:\/\/store.handsomecake.com\/en\/wp-json\/wp\/v2\/product_cat?post=16154"},{"taxonomy":"product_tag","embeddable":true,"href":"https:\/\/store.handsomecake.com\/en\/wp-json\/wp\/v2\/product_tag?post=16154"}],"curies":[{"name":"wp","href":"https:\/\/api.w.org\/{rel}","templated":true}]}}