{"id":16090,"date":"2022-10-17T12:18:15","date_gmt":"2022-10-17T12:18:15","guid":{"rendered":"https:\/\/store.handsomecake.com\/product\/elden-ring-melina-14-resin-statue-von-crown-studio\/"},"modified":"2025-07-12T02:15:18","modified_gmt":"2025-07-12T02:15:18","slug":"elden-ring-melina-14-resin-statue-von-crown-studio","status":"publish","type":"product","link":"https:\/\/store.handsomecake.com\/en\/product\/elden-ring-melina-14-resin-statue-von-crown-studio\/","title":{"rendered":"Elden Ring &#8211; Melina | 1:4 Resin Statue | von Crown Studio"},"content":{"rendered":"<p>Elden Ring &#8211; Melina | 1:4 Resin Statue | von Crown Studio<\/p>\n<p>EU Taxfree! I do ship EU-wide, please contact me, should questions arise.<\/p>\n<p>Tolle Statue von Kindling Maiden<\/p>\n<p><span style=\"color: #ffffff;\"><strong><em><span style=\"background-color: #999999;\">&#8222;I can play the role of maiden. Turning rune fragments into strength. To aid you in your search for the Elden Ring. You need only take me with you.&#8220;<\/span><\/em><\/strong><\/span><\/p>\n<p>Wunderbar verarbeitete und sehr detaillierte Melina Statue aus Polystone &#8211; k\u00fcnstlichem Stein-Harz-Gemisch.<\/p>\n<p><strong>Besonderheiten:<\/strong><\/p>\n<ul>\n<li>weltweit auf 188 St\u00fcck begrenzt<\/li>\n<li>Kleidung kann abgenommen werden<\/li>\n<\/ul>\n<p><strong>Release-Status:<\/strong><\/p>\n<ul>\n<li>Lagernd vor Ort. Versandfertig in ca. 5 Werktagen.<\/li>\n<\/ul>\n<p>Wie immer bei meinen Aktionen &#8211; s\u00e4mtliche Geb\u00fchren sind, im Gegensatz zu anderen Angeboten, bereits inkludiert. Versand erfolgt ausschlie\u00dflich aus Deutschland, es fallen keine Zoll- und Importgeb\u00fchren an. Ihr kauft keine Katze im Sack \ud83d\ude42<\/p>\n<p><strong>Ma\u00dfe der Statue:<\/strong><\/p>\n<ul>\n<li>Gr\u00f6\u00dfe: ca. 73cm x 23cm x 24cm<\/li>\n<li>Gewicht: TBA, ca. 12 kg (gesch\u00e4tzt)<\/li>\n<\/ul>\n<p>You are not prepared! \ud83d\ude42<\/p>","protected":false},"excerpt":{"rendered":"<p>Elden Ring &#8211; Melina | 1:4 Resin Statue | von Crown Studio EU Taxfree! I do ship EU-wide, please contact me, should questions arise. Tolle Statue von Kindling Maiden &#8222;I can play the role of maiden. Turning rune fragments into strength. To aid you in your search for the Elden Ring. You need only take [&hellip;]<\/p>\n","protected":false},"featured_media":16115,"comment_status":"closed","ping_status":"closed","template":"","meta":[],"product_brand":[],"product_cat":[24,826,81],"product_tag":[658,147,251,1332,1329,2489,1330,1331,2490,1333,795,1815,1816,1818,1817,154,136,137,379,381,665,380,382,718],"class_list":{"0":"post-16090","1":"product","2":"type-product","3":"status-publish","4":"has-post-thumbnail","6":"product_cat-action-figuren","7":"product_cat-lagernd-vor-ort","8":"product_cat-statuen-computerspieluniversum","9":"product_tag-anime-toys","10":"product_tag-collectibles","11":"product_tag-collectibles-kaufen","12":"product_tag-elden-ring","13":"product_tag-elden-ring-collectibles","14":"product_tag-elden-ring-figur","15":"product_tag-elden-ring-resin","16":"product_tag-elden-ring-resin-statue","17":"product_tag-elden-ring-statue","18":"product_tag-elden-ring-statuen","19":"product_tag-handsomecake","20":"product_tag-melina","21":"product_tag-melina-collectible","22":"product_tag-melina-elden-ring","23":"product_tag-melina-statue","24":"product_tag-resin-collectibles","25":"product_tag-resin-statuen","26":"product_tag-resin-statuen-kaufen","27":"product_tag-statue-collectible","28":"product_tag-statue-collectibles","29":"product_tag-statuen-shop","30":"product_tag-statues-collectible","31":"product_tag-statues-collectibles","32":"product_tag-toys","33":"pa_brand-crown-studio","34":"pa_scale-1_to_4","36":"first","37":"outofstock","38":"taxable","39":"shipping-taxable","40":"product-type-simple"},"_links":{"self":[{"href":"https:\/\/store.handsomecake.com\/en\/wp-json\/wp\/v2\/product\/16090","targetHints":{"allow":["GET"]}}],"collection":[{"href":"https:\/\/store.handsomecake.com\/en\/wp-json\/wp\/v2\/product"}],"about":[{"href":"https:\/\/store.handsomecake.com\/en\/wp-json\/wp\/v2\/types\/product"}],"replies":[{"embeddable":true,"href":"https:\/\/store.handsomecake.com\/en\/wp-json\/wp\/v2\/comments?post=16090"}],"wp:featuredmedia":[{"embeddable":true,"href":"https:\/\/store.handsomecake.com\/en\/wp-json\/wp\/v2\/media\/16115"}],"wp:attachment":[{"href":"https:\/\/store.handsomecake.com\/en\/wp-json\/wp\/v2\/media?parent=16090"}],"wp:term":[{"taxonomy":"product_brand","embeddable":true,"href":"https:\/\/store.handsomecake.com\/en\/wp-json\/wp\/v2\/product_brand?post=16090"},{"taxonomy":"product_cat","embeddable":true,"href":"https:\/\/store.handsomecake.com\/en\/wp-json\/wp\/v2\/product_cat?post=16090"},{"taxonomy":"product_tag","embeddable":true,"href":"https:\/\/store.handsomecake.com\/en\/wp-json\/wp\/v2\/product_tag?post=16090"}],"curies":[{"name":"wp","href":"https:\/\/api.w.org\/{rel}","templated":true}]}}