{"id":16081,"date":"2022-10-17T12:16:22","date_gmt":"2022-10-17T12:16:22","guid":{"rendered":"https:\/\/store.handsomecake.com\/product\/studio-ghibli-spirited-away-resin-statue-von-opm-studio\/"},"modified":"2024-11-01T10:20:26","modified_gmt":"2024-11-01T10:20:26","slug":"studio-ghibli-spirited-away-resin-statue-von-opm-studio","status":"publish","type":"product","link":"https:\/\/store.handsomecake.com\/en\/product\/studio-ghibli-spirited-away-resin-statue-von-opm-studio\/","title":{"rendered":"Studio Ghibli &#8211; Spirited Away | Resin Statue | von OPM Studio"},"content":{"rendered":"<p>Studio Ghibli &#8211; Spirited Away | Resin Statue | von OPM Studio<\/p>\n<p>I do ship EU-wide, please contact me, should questions arise.<\/p>\n<p>M\u00e4rchenhafte Statue aus dem Studio Ghibli Meisterwerk &#8211; Chihiros Reise ins Zauberland<br \/>\nWunderbar verarbeitete und sehr detaillierte Spirited Away Statue aus Polystone &#8211; k\u00fcnstlichem Stein-Harz-Gemisch.<\/p>\n<p><strong>Besonderheiten:<\/strong><\/p>\n<ul>\n<li>weltweit 198 St\u00fcck<\/li>\n<li>mit LED<\/li>\n<\/ul>\n<p><strong>Release-Status:<\/strong><\/p>\n<ul>\n<li>Lagernd vor Ort. Versandfertig in ca. 5 Werktagen.<\/li>\n<\/ul>\n<p>Wie immer bei meinen Artikeln &#8211; s\u00e4mtliche Geb\u00fchren sind, im Gegensatz zu anderen Angeboten, bereits inkludiert. Versand erfolgt ausschlie\u00dflich aus Deutschland, es fallen keine Zoll- und Importgeb\u00fchren an. Ihr kauft keine Katze im Sack \ud83d\ude42<\/p>\n<p><strong>Ma\u00dfe der Statue:<\/strong><\/p>\n<ul>\n<li>Gr\u00f6\u00dfe: ca. H50cm x W40cm x D50cm<\/li>\n<li>Gewicht: TBA, gesch\u00e4tzt: ca. 12kg<\/li>\n<\/ul>\n<p>You are not prepared! \ud83d\ude42<\/p>","protected":false},"excerpt":{"rendered":"<p>Studio Ghibli &#8211; Spirited Away | Resin Statue | von OPM Studio I do ship EU-wide, please contact me, should questions arise. M\u00e4rchenhafte Statue aus dem Studio Ghibli Meisterwerk &#8211; Chihiros Reise ins Zauberland Wunderbar verarbeitete und sehr detaillierte Spirited Away Statue aus Polystone &#8211; k\u00fcnstlichem Stein-Harz-Gemisch. Besonderheiten: weltweit 198 St\u00fcck mit LED Release-Status: Lagernd [&hellip;]<\/p>\n","protected":false},"featured_media":16082,"comment_status":"closed","ping_status":"closed","template":"","meta":[],"product_brand":[],"product_cat":[826,84],"product_tag":[612,656,659,666,708,795,1313,1314,1311,1261,1786,1787,379,381,665,380,382,547,1257,2062],"class_list":{"0":"post-16081","1":"product","2":"type-product","3":"status-publish","4":"has-post-thumbnail","6":"product_cat-lagernd-vor-ort","7":"product_cat-statuen-anime-comic-universum","8":"product_tag-anime","9":"product_tag-anime-collectibles","10":"product_tag-anime-figuren","11":"product_tag-anime-figuren-shop","12":"product_tag-anime-statuen-shop","13":"product_tag-handsomecake","14":"product_tag-hayao-miyazaki","15":"product_tag-miyazaki","16":"product_tag-moving-castle","17":"product_tag-my-neighbor-totoro","18":"product_tag-spirited-away","19":"product_tag-sprited-away-collectibles","20":"product_tag-statue-collectible","21":"product_tag-statue-collectibles","22":"product_tag-statuen-shop","23":"product_tag-statues-collectible","24":"product_tag-statues-collectibles","25":"product_tag-statues-collector","26":"product_tag-studio-ghibli","27":"product_tag-studio-ghibli-figure","28":"pa_brand-opm-studio","29":"pa_scale-1_to_4","31":"first","32":"outofstock","33":"taxable","34":"shipping-taxable","35":"product-type-simple"},"_links":{"self":[{"href":"https:\/\/store.handsomecake.com\/en\/wp-json\/wp\/v2\/product\/16081","targetHints":{"allow":["GET"]}}],"collection":[{"href":"https:\/\/store.handsomecake.com\/en\/wp-json\/wp\/v2\/product"}],"about":[{"href":"https:\/\/store.handsomecake.com\/en\/wp-json\/wp\/v2\/types\/product"}],"replies":[{"embeddable":true,"href":"https:\/\/store.handsomecake.com\/en\/wp-json\/wp\/v2\/comments?post=16081"}],"wp:featuredmedia":[{"embeddable":true,"href":"https:\/\/store.handsomecake.com\/en\/wp-json\/wp\/v2\/media\/16082"}],"wp:attachment":[{"href":"https:\/\/store.handsomecake.com\/en\/wp-json\/wp\/v2\/media?parent=16081"}],"wp:term":[{"taxonomy":"product_brand","embeddable":true,"href":"https:\/\/store.handsomecake.com\/en\/wp-json\/wp\/v2\/product_brand?post=16081"},{"taxonomy":"product_cat","embeddable":true,"href":"https:\/\/store.handsomecake.com\/en\/wp-json\/wp\/v2\/product_cat?post=16081"},{"taxonomy":"product_tag","embeddable":true,"href":"https:\/\/store.handsomecake.com\/en\/wp-json\/wp\/v2\/product_tag?post=16081"}],"curies":[{"name":"wp","href":"https:\/\/api.w.org\/{rel}","templated":true}]}}