{"id":15846,"date":"2022-10-10T01:01:12","date_gmt":"2022-10-10T01:01:12","guid":{"rendered":"https:\/\/store.handsomecake.com\/product\/naruto-hinata-hyuga-14-resin-statue-von-fallen-angel-studio\/"},"modified":"2025-08-31T11:27:15","modified_gmt":"2025-08-31T11:27:15","slug":"naruto-hinata-hyuga-14-resin-statue-von-fallen-angel-studio","status":"publish","type":"product","link":"https:\/\/store.handsomecake.com\/en\/product\/naruto-hinata-hyuga-14-resin-statue-von-fallen-angel-studio\/","title":{"rendered":"Naruto &#8211; Hinata Hyuga | 1:4 Resin Statue | von Fallen Angel Studio"},"content":{"rendered":"<p>Naruto &#8211; Hinata Hyuga | 1:4 Resin Statue | von Fallen Angel Studio<\/p>\n<p>EU Taxfree! I do ship EU-wide, please contact me, should questions arise.<\/p>\n<p>Tolle Statue von Stammhalterin des ber\u00fchmten Hyuuga-Clan<br \/>\nWunderbar verarbeitete und sehr detaillierte Statue von Hinata aus Polystone &#8211; k\u00fcnstlichem Stein-Harz-Gemisch.<\/p>\n<p><strong>Besonderheiten:<\/strong><\/p>\n<ul>\n<li>EX Version (Kimono + Bikini (wei\u00df oder schwarz) + 2 austauschbare K\u00f6pfe)<\/li>\n<li>238 St\u00fcck weltweit<\/li>\n<li>Kimono und Bikini (wei\u00df\/schwarz) Versionen sind auch separat erh\u00e4ltlich<\/li>\n<\/ul>\n<p><strong>Release-Status:<\/strong><\/p>\n<ul>\n<li>Preorder. Statue wird voraussichtlich Q2 2023 released und wir erwarten sie sch\u00e4tzungsweise Ende August 2023 im Lager.<\/li>\n<\/ul>\n<p>Wie immer bei meinen Aktionen &#8211; s\u00e4mtliche Geb\u00fchren sind, im Gegensatz zu anderen Angeboten, bereits inkludiert. Versand erfolgt ausschlie\u00dflich aus Deutschland, es fallen keine Zoll- und Importgeb\u00fchren an. Ihr kauft keine Katze im Sack \ud83d\ude42<\/p>\n<p><strong>Ma\u00dfe der Statue:<\/strong><\/p>\n<ul>\n<li>Gr\u00f6\u00dfe: ca. 61.5cm x 33cm x 33cm<\/li>\n<li>Gewicht: TBA, gesch\u00e4tzt: ca. 12 kg<\/li>\n<\/ul>\n<p>&nbsp;<\/p>\n<p>You are not prepared! \ud83d\ude42<\/p>","protected":false},"excerpt":{"rendered":"<p>Naruto &#8211; Hinata Hyuga | 1:4 Resin Statue | von Fallen Angel Studio EU Taxfree! I do ship EU-wide, please contact me, should questions arise. Tolle Statue von Stammhalterin des ber\u00fchmten Hyuuga-Clan Wunderbar verarbeitete und sehr detaillierte Statue von Hinata aus Polystone &#8211; k\u00fcnstlichem Stein-Harz-Gemisch. Besonderheiten: EX Version (Kimono + Bikini (wei\u00df oder schwarz) + [&hellip;]<\/p>\n","protected":false},"featured_media":15847,"comment_status":"closed","ping_status":"closed","template":"","meta":[],"product_brand":[],"product_cat":[24,88,568,84],"product_tag":[656,659,660,657,640,658,147,251,1819,1821,1822,1820,1823,1824,168,1626,170,154],"class_list":{"0":"post-15846","1":"product","2":"type-product","3":"status-publish","4":"has-post-thumbnail","6":"product_cat-action-figuren","7":"product_cat-naruto","8":"product_cat-preorder","9":"product_cat-statuen-anime-comic-universum","10":"product_tag-anime-collectibles","11":"product_tag-anime-figuren","12":"product_tag-anime-figuren-naruto","13":"product_tag-anime-figures","14":"product_tag-anime-statuen","15":"product_tag-anime-toys","16":"product_tag-collectibles","17":"product_tag-collectibles-kaufen","18":"product_tag-hinata","19":"product_tag-hinata-collectibles","20":"product_tag-hinata-collectibles-kaufen","21":"product_tag-hinata-hyuuga","22":"product_tag-hinata-statue","23":"product_tag-hinata-statuen","24":"product_tag-naruto-collectibles","25":"product_tag-naruto-shippuden","26":"product_tag-naruto-statuen-kaufen","27":"product_tag-resin-collectibles","28":"pa_brand-fallen-angel-studio","29":"pa_scale-1_to_4","31":"first","32":"instock","33":"taxable","34":"shipping-taxable","35":"product-type-variable"},"_links":{"self":[{"href":"https:\/\/store.handsomecake.com\/en\/wp-json\/wp\/v2\/product\/15846","targetHints":{"allow":["GET"]}}],"collection":[{"href":"https:\/\/store.handsomecake.com\/en\/wp-json\/wp\/v2\/product"}],"about":[{"href":"https:\/\/store.handsomecake.com\/en\/wp-json\/wp\/v2\/types\/product"}],"replies":[{"embeddable":true,"href":"https:\/\/store.handsomecake.com\/en\/wp-json\/wp\/v2\/comments?post=15846"}],"wp:featuredmedia":[{"embeddable":true,"href":"https:\/\/store.handsomecake.com\/en\/wp-json\/wp\/v2\/media\/15847"}],"wp:attachment":[{"href":"https:\/\/store.handsomecake.com\/en\/wp-json\/wp\/v2\/media?parent=15846"}],"wp:term":[{"taxonomy":"product_brand","embeddable":true,"href":"https:\/\/store.handsomecake.com\/en\/wp-json\/wp\/v2\/product_brand?post=15846"},{"taxonomy":"product_cat","embeddable":true,"href":"https:\/\/store.handsomecake.com\/en\/wp-json\/wp\/v2\/product_cat?post=15846"},{"taxonomy":"product_tag","embeddable":true,"href":"https:\/\/store.handsomecake.com\/en\/wp-json\/wp\/v2\/product_tag?post=15846"}],"curies":[{"name":"wp","href":"https:\/\/api.w.org\/{rel}","templated":true}]}}