{"id":15788,"date":"2022-10-05T13:15:41","date_gmt":"2022-10-05T13:15:41","guid":{"rendered":"https:\/\/store.handsomecake.com\/product\/overwatch-mercy-14-resin-statue-von-zzdd-studio\/"},"modified":"2024-08-12T03:00:27","modified_gmt":"2024-08-12T03:00:27","slug":"overwatch-mercy-14-resin-statue-von-zzdd-studio","status":"publish","type":"product","link":"https:\/\/store.handsomecake.com\/en\/product\/overwatch-mercy-14-resin-statue-von-zzdd-studio\/","title":{"rendered":"Overwatch &#8211; Mercy | 1:4 Resin Statue | von ZZDD Studio"},"content":{"rendered":"<p>Overwatch &#8211; Mercy | 1:4 Resin Statue | von ZZDD Studio<\/p>\n<p>EU Taxfree! I do ship EU-wide, please contact me, should questions arise.<\/p>\n<p>Tolle Statue von dem Schutzengel Dr. Angela Ziegler<br \/>\nWunderbar verarbeitete und sehr detaillierte Statue von Mercy aus Polystone &#8211; k\u00fcnstlichem Stein-Harz-Gemisch.<\/p>\n<p><strong>Besonderheiten<\/strong>:<\/p>\n<ul>\n<li>EX Version(mit LED, mit austauschbarem nacktem K\u00f6rper, mit zus\u00e4tzlichem Sockel)<\/li>\n<li>weltweit auf 188 St\u00fcck begrenzt<\/li>\n<\/ul>\n<p><strong>Release-Status:<\/strong><\/p>\n<ul>\n<li>Lagernd vor Ort. Versandfertig innerhalb von 5 Werktagen.<\/li>\n<\/ul>\n<p>Wie immer bei meinen Aktionen &#8211; s\u00e4mtliche Geb\u00fchren sind, im Gegensatz zu anderen Angeboten, bereits inkludiert. Versand erfolgt ausschlie\u00dflich aus Deutschland, es fallen keine Zoll- und Importgeb\u00fchren an. Ihr kauft keine Katze im Sack \ud83d\ude42<\/p>\n<p><strong>Ma\u00dfe der Statue:<\/strong><\/p>\n<ul>\n<li>Gr\u00f6\u00dfe: H56cm x W28cm x D31cm<\/li>\n<li>Gewicht: TBA, gesch\u00e4tzt: ca. 16 kg<\/li>\n<\/ul>\n<p>You are not prepared! \ud83d\ude42<\/p>","protected":false},"excerpt":{"rendered":"<p>Overwatch &#8211; Mercy | 1:4 Resin Statue | von ZZDD Studio EU Taxfree! I do ship EU-wide, please contact me, should questions arise. Tolle Statue von dem Schutzengel Dr. Angela Ziegler Wunderbar verarbeitete und sehr detaillierte Statue von Mercy aus Polystone &#8211; k\u00fcnstlichem Stein-Harz-Gemisch. Besonderheiten: EX Version(mit LED, mit austauschbarem nacktem K\u00f6rper, mit zus\u00e4tzlichem Sockel) [&hellip;]<\/p>\n","protected":false},"featured_media":15789,"comment_status":"closed","ping_status":"closed","template":"","meta":[],"product_brand":[],"product_cat":[826,524,81],"product_tag":[147,383,2029,2030,2031,541,544,546,2032,545,154,255,136,137,379,381,380,382,547],"class_list":{"0":"post-15788","1":"product","2":"type-product","3":"status-publish","4":"has-post-thumbnail","6":"product_cat-lagernd-vor-ort","7":"product_cat-overwatch","8":"product_cat-statuen-computerspieluniversum","9":"product_tag-collectibles","10":"product_tag-collector","11":"product_tag-mercy","12":"product_tag-mercy-figure","13":"product_tag-mercy-statue","14":"product_tag-overwatch","15":"product_tag-overwatch-collectibles","16":"product_tag-overwatch-figures","17":"product_tag-overwatch-mercy","18":"product_tag-overwatch-resin","19":"product_tag-resin-collectibles","20":"product_tag-resin-collectibles-kaufen","21":"product_tag-resin-statuen","22":"product_tag-resin-statuen-kaufen","23":"product_tag-statue-collectible","24":"product_tag-statue-collectibles","25":"product_tag-statues-collectible","26":"product_tag-statues-collectibles","27":"product_tag-statues-collector","28":"pa_brand-zzdd-studio","29":"pa_scale-1_to_4","31":"first","32":"instock","33":"taxable","34":"shipping-taxable","35":"product-type-simple"},"_links":{"self":[{"href":"https:\/\/store.handsomecake.com\/en\/wp-json\/wp\/v2\/product\/15788","targetHints":{"allow":["GET"]}}],"collection":[{"href":"https:\/\/store.handsomecake.com\/en\/wp-json\/wp\/v2\/product"}],"about":[{"href":"https:\/\/store.handsomecake.com\/en\/wp-json\/wp\/v2\/types\/product"}],"replies":[{"embeddable":true,"href":"https:\/\/store.handsomecake.com\/en\/wp-json\/wp\/v2\/comments?post=15788"}],"wp:featuredmedia":[{"embeddable":true,"href":"https:\/\/store.handsomecake.com\/en\/wp-json\/wp\/v2\/media\/15789"}],"wp:attachment":[{"href":"https:\/\/store.handsomecake.com\/en\/wp-json\/wp\/v2\/media?parent=15788"}],"wp:term":[{"taxonomy":"product_brand","embeddable":true,"href":"https:\/\/store.handsomecake.com\/en\/wp-json\/wp\/v2\/product_brand?post=15788"},{"taxonomy":"product_cat","embeddable":true,"href":"https:\/\/store.handsomecake.com\/en\/wp-json\/wp\/v2\/product_cat?post=15788"},{"taxonomy":"product_tag","embeddable":true,"href":"https:\/\/store.handsomecake.com\/en\/wp-json\/wp\/v2\/product_tag?post=15788"}],"curies":[{"name":"wp","href":"https:\/\/api.w.org\/{rel}","templated":true}]}}