{"id":15775,"date":"2022-10-05T13:12:20","date_gmt":"2022-10-05T13:12:20","guid":{"rendered":"https:\/\/store.handsomecake.com\/product\/hunter-x-hunter-killua-vs-youpi-16-resin-statue-von-hunter-fan-studio\/"},"modified":"2025-04-09T00:26:25","modified_gmt":"2025-04-09T00:26:25","slug":"hunter-x-hunter-killua-vs-youpi-16-resin-statue-von-hunter-fan-studio","status":"publish","type":"product","link":"https:\/\/store.handsomecake.com\/en\/product\/hunter-x-hunter-killua-vs-youpi-16-resin-statue-von-hunter-fan-studio\/","title":{"rendered":"Hunter x Hunter &#8211; Killua vs. Youpi | 1:6 Resin Statue | von Hunter Fan Studio"},"content":{"rendered":"<p>Hunter x Hunter &#8211; Killua Zoldyck vs. Menthuthuyoupi | 1:6 Resin Statue\u00a0| von Hunter Fan Studio<\/p>\n<p>I do ship EU-wide, please contact me, should questions arise.<\/p>\n<p>Tolle Statue des Kampfes zwischen dem professionellen Attent\u00e4ter und dem j\u00fcngsten der drei Royal Guards des Chimera Ant King<br \/>\nWunderbar verarbeitete und sehr detaillierte Killua vs. Youpi Statue aus Polystone &#8211; k\u00fcnstlichem Stein-Harz-Gemisch.<\/p>\n<p><strong>Besonderheiten:<\/strong><\/p>\n<ul>\n<li>EX Version<\/li>\n<\/ul>\n<p><strong>Release-Status:<\/strong><\/p>\n<ul>\n<li>Preorder. Statue wird sch\u00e4tzungsweise Ende Q4 2023 fertiggestellt und wir erwarten sie bei uns im Lager gegen Ende Februar 2024.<\/li>\n<\/ul>\n<p>Wie immer bei meinen Aktionen &#8211; s\u00e4mtliche Geb\u00fchren sind, im Gegensatz zu anderen Angeboten, bereits inkludiert. Versand erfolgt ausschlie\u00dflich aus Deutschland, es fallen keine Zoll- und Importgeb\u00fchren an. Ihr kauft keine Katze im Sack \ud83d\ude42<\/p>\n<p><strong>Ma\u00dfe der Statue:<\/strong><\/p>\n<ul>\n<li>Gr\u00f6\u00dfe : ca. H50cm * W63cm * D41cm<\/li>\n<li>Gewicht: TBA, ca. 12kg (gesch\u00e4tzt)<\/li>\n<\/ul>\n<p>You are not prepared! \ud83d\ude42<\/p>","protected":false},"excerpt":{"rendered":"<p>Hunter x Hunter &#8211; Killua Zoldyck vs. Menthuthuyoupi | 1:6 Resin Statue\u00a0| von Hunter Fan Studio I do ship EU-wide, please contact me, should questions arise. Tolle Statue des Kampfes zwischen dem professionellen Attent\u00e4ter und dem j\u00fcngsten der drei Royal Guards des Chimera Ant King Wunderbar verarbeitete und sehr detaillierte Killua vs. Youpi Statue aus [&hellip;]<\/p>\n","protected":false},"featured_media":15776,"comment_status":"closed","ping_status":"closed","template":"","meta":[],"product_brand":[],"product_cat":[24,568,84],"product_tag":[612,666,717,794,662,640,658,479,147,251,795,1513,1516,1517,1855,1857,1858,1856,154,255,136,137,379,381,552,665,380,382,547,718],"class_list":{"0":"post-15775","1":"product","2":"type-product","3":"status-publish","4":"has-post-thumbnail","6":"product_cat-action-figuren","7":"product_cat-preorder","8":"product_cat-statuen-anime-comic-universum","9":"product_tag-anime","10":"product_tag-anime-figuren-shop","11":"product_tag-anime-shop","12":"product_tag-anime-statue","13":"product_tag-anime-statue-shop","14":"product_tag-anime-statuen","15":"product_tag-anime-toys","16":"product_tag-collectible","17":"product_tag-collectibles","18":"product_tag-collectibles-kaufen","19":"product_tag-handsomecake","20":"product_tag-hunterxhunter-collectible","21":"product_tag-hunterxhunter-collectibles","22":"product_tag-hunterxhunter-statuen","23":"product_tag-killua","24":"product_tag-killua-hunterxhunter","25":"product_tag-killua-statue","26":"product_tag-killua-zoldyck","27":"product_tag-resin-collectibles","28":"product_tag-resin-collectibles-kaufen","29":"product_tag-resin-statuen","30":"product_tag-resin-statuen-kaufen","31":"product_tag-statue-collectible","32":"product_tag-statue-collectibles","33":"product_tag-statue-collector","34":"product_tag-statuen-shop","35":"product_tag-statues-collectible","36":"product_tag-statues-collectibles","37":"product_tag-statues-collector","38":"product_tag-toys","39":"pa_brand-hunter-fan-studio","40":"pa_scale-1_to_6","42":"first","43":"instock","44":"taxable","45":"shipping-taxable","46":"product-type-simple"},"_links":{"self":[{"href":"https:\/\/store.handsomecake.com\/en\/wp-json\/wp\/v2\/product\/15775","targetHints":{"allow":["GET"]}}],"collection":[{"href":"https:\/\/store.handsomecake.com\/en\/wp-json\/wp\/v2\/product"}],"about":[{"href":"https:\/\/store.handsomecake.com\/en\/wp-json\/wp\/v2\/types\/product"}],"replies":[{"embeddable":true,"href":"https:\/\/store.handsomecake.com\/en\/wp-json\/wp\/v2\/comments?post=15775"}],"wp:featuredmedia":[{"embeddable":true,"href":"https:\/\/store.handsomecake.com\/en\/wp-json\/wp\/v2\/media\/15776"}],"wp:attachment":[{"href":"https:\/\/store.handsomecake.com\/en\/wp-json\/wp\/v2\/media?parent=15775"}],"wp:term":[{"taxonomy":"product_brand","embeddable":true,"href":"https:\/\/store.handsomecake.com\/en\/wp-json\/wp\/v2\/product_brand?post=15775"},{"taxonomy":"product_cat","embeddable":true,"href":"https:\/\/store.handsomecake.com\/en\/wp-json\/wp\/v2\/product_cat?post=15775"},{"taxonomy":"product_tag","embeddable":true,"href":"https:\/\/store.handsomecake.com\/en\/wp-json\/wp\/v2\/product_tag?post=15775"}],"curies":[{"name":"wp","href":"https:\/\/api.w.org\/{rel}","templated":true}]}}