{"id":1562,"date":"2020-11-17T17:23:43","date_gmt":"2020-11-17T17:23:43","guid":{"rendered":"https:\/\/store.handsomecake.com\/product\/one-piece-roroana-zoro-14-resin-statue-replika-der-last-sleep-statue\/"},"modified":"2024-06-12T14:32:50","modified_gmt":"2024-06-12T14:32:50","slug":"one-piece-roroana-zoro-14-resin-statue-replika-der-last-sleep-statue","status":"publish","type":"product","link":"https:\/\/store.handsomecake.com\/en\/product\/one-piece-roroana-zoro-14-resin-statue-replika-der-last-sleep-statue\/","title":{"rendered":"One Piece &#8211; Roroana Zoro | 1:4 Resin Statue | Replika der Last Sleep Statue"},"content":{"rendered":"<p>One Piece &#8211; Roroana Zoro &#8218; 1:4 Resin Statue &#8218; Replika der Last Sleep Statue<\/p>\n<p>I do ship EU-wide, please contact me, should questions arise.<br \/>\nEU shipping costs are more an estimate and will be recalculated (and you will receive a refund, if shippings costs turn out to be lower in the end).<br \/>\nExample &#8211; some statues are stated as 58cm width. Until they arrive we can&#8217;t guarantee if its the width WITH packaging or without. If it&#8217;s WITH, we fit under the 60cm rule and if the weight is under 31.5kg as well, shipping will be as low as 43.86\u20ac (current DHL price), if the statue is over 60cm with packaging, we will need to engage a hauling company&#8230;<\/p>\n<p>Tolle Statue unseres geliebten Schwertmeisters<\/p>\n<p>Wundersch\u00f6ne und sich sehr wertig anf\u00fchlende Replika. Die Statue unterscheidet sich im Detail von der Last Sleep Variante, ist zudem aus PVC und nicht aus Resin. Sie ist trotzdem ziemlich schwer (ca. 8.3 kg) und Details sind gut ausgearbeitet.<\/p>\n<p>Besonderheiten:<\/p>\n<ul>\n<li>keine<\/li>\n<\/ul>\n<p>Release-Status:<\/p>\n<ul>\n<li>sofort versandbereit<\/li>\n<\/ul>\n<p>Wie immer bei meinen Aktionen &#8211; s\u00e4mtliche Geb\u00fchren sind, im Gegensatz zu anderen Angeboten, bereits inkludiert. Versand erfolgt ausschlie\u00dflich aus Deutschland, es fallen keine Zoll- und Importgeb\u00fchren an. Ihr kauft keine Katze im Sack \ud83d\ude42<\/p>\n<p>Preis-Hinweis:<br \/>\nSolltet ihr die Statue direkt \u00fcber unseren Online-Shop (einfach den Benutzernamen googeln) kaufen, so erhaltet ihr auf jeden Fall die Tiefstpreisgarantie &#8211; sollte beispielsweise der Versand, Zoll oder die Einfuhrumsatzsteuer am Ende, also wenn die Statue bei uns im Warenlager angekommen ist, geringer ausfallen, so leiten wir die Preisreduzierung 1:1 an euch weiter! Der Catfish Arthas war z.b. urspr\u00fcnglich f\u00fcr 1850\u20ac drin, Endpreis war 1569\u20ac.<\/p>\n<p>Ma\u00dfe der Statue:<br \/>\nGr\u00f6\u00dfe: ca. 46cm x 35cm x 43cm<br \/>\nGewicht: 8.3 kg<\/p>\n<p>You are not prepared! \ud83d\ude42<\/p>","protected":false},"excerpt":{"rendered":"<p>One Piece &#8211; Roroana Zoro &#8218; 1:4 Resin Statue &#8218; Replika der Last Sleep Statue I do ship EU-wide, please contact me, should questions arise. EU shipping costs are more an estimate and will be recalculated (and you will receive a refund, if shippings costs turn out to be lower in the end). Example &#8211; [&hellip;]<\/p>\n","protected":false},"featured_media":1563,"comment_status":"closed","ping_status":"closed","template":"","meta":[],"product_brand":[],"product_cat":[89,84,567],"product_tag":[147,251,164,166,167,154,136,137,177,178,179,379,381,380,382],"class_list":{"0":"post-1562","1":"product","2":"type-product","3":"status-publish","4":"has-post-thumbnail","6":"product_cat-one-piece","7":"product_cat-statuen-anime-comic-universum","8":"product_cat-in_stock_warehouse_china","9":"product_tag-collectibles","10":"product_tag-collectibles-kaufen","11":"product_tag-one-piece-collectibles","12":"product_tag-one-piece-statuen","13":"product_tag-one-piece-statuen-kaufen","14":"product_tag-resin-collectibles","15":"product_tag-resin-statuen","16":"product_tag-resin-statuen-kaufen","17":"product_tag-roroana-zoro","18":"product_tag-roroana-zoro-collectible","19":"product_tag-roroana-zoro-statue","20":"product_tag-statue-collectible","21":"product_tag-statue-collectibles","22":"product_tag-statues-collectible","23":"product_tag-statues-collectibles","24":"pa_brand-dt-studio","25":"pa_scale-1_to_4","27":"first","28":"instock","29":"product-type-simple"},"_links":{"self":[{"href":"https:\/\/store.handsomecake.com\/en\/wp-json\/wp\/v2\/product\/1562","targetHints":{"allow":["GET"]}}],"collection":[{"href":"https:\/\/store.handsomecake.com\/en\/wp-json\/wp\/v2\/product"}],"about":[{"href":"https:\/\/store.handsomecake.com\/en\/wp-json\/wp\/v2\/types\/product"}],"replies":[{"embeddable":true,"href":"https:\/\/store.handsomecake.com\/en\/wp-json\/wp\/v2\/comments?post=1562"}],"wp:featuredmedia":[{"embeddable":true,"href":"https:\/\/store.handsomecake.com\/en\/wp-json\/wp\/v2\/media\/1563"}],"wp:attachment":[{"href":"https:\/\/store.handsomecake.com\/en\/wp-json\/wp\/v2\/media?parent=1562"}],"wp:term":[{"taxonomy":"product_brand","embeddable":true,"href":"https:\/\/store.handsomecake.com\/en\/wp-json\/wp\/v2\/product_brand?post=1562"},{"taxonomy":"product_cat","embeddable":true,"href":"https:\/\/store.handsomecake.com\/en\/wp-json\/wp\/v2\/product_cat?post=1562"},{"taxonomy":"product_tag","embeddable":true,"href":"https:\/\/store.handsomecake.com\/en\/wp-json\/wp\/v2\/product_tag?post=1562"}],"curies":[{"name":"wp","href":"https:\/\/api.w.org\/{rel}","templated":true}]}}