{"id":15593,"date":"2022-09-25T20:09:33","date_gmt":"2022-09-25T20:09:33","guid":{"rendered":"https:\/\/store.handsomecake.com\/product\/dragon-ball-z-gogeta-14-resin-statue-von-last-sleep-studio\/"},"modified":"2024-08-30T15:24:08","modified_gmt":"2024-08-30T15:24:08","slug":"dragon-ball-z-gogeta-14-resin-statue-von-last-sleep-studio","status":"publish","type":"product","link":"https:\/\/store.handsomecake.com\/en\/product\/dragon-ball-z-gogeta-14-resin-statue-von-last-sleep-studio\/","title":{"rendered":"Dragon Ball Z &#8211; Gogeta | 1:4 Resin Statue | von Last Sleep Studio"},"content":{"rendered":"<p>Dragon Ball Z &#8211; Gogeta | 1:4 Resin Statue | von Last Sleep Studio<\/p>\n<p>I do ship EU-wide, please contact me, should questions arise.<\/p>\n<p>Tolle Statue von Fusion von Son Goku und Vegeta durch Fusionsmethode von Metamorph<br \/>\nWunderbar verarbeitete und sehr detaillierte Gogeta Statue aus Polystone &#8211; k\u00fcnstlichem Stein-Harz-Gemisch.<\/p>\n<p><strong>Besonderheiten:<\/strong><\/p>\n<ul>\n<li>Gr\u00f6\u00dfe S (weltweit nur 168 St\u00fcck)<\/li>\n<li>auch Gr\u00f6\u00dfe S- ist verf\u00fcgbar (weltweit nur 228 St\u00fcck)<\/li>\n<li>3 austauschbare K\u00f6pfe<\/li>\n<\/ul>\n<p><strong>Release-Status:<\/strong><\/p>\n<ul>\n<li>Lagernd vor Ort. Versandfertig in ca. 5 Werktagen.<\/li>\n<\/ul>\n<p>Wie immer bei meinen Aktionen &#8211; s\u00e4mtliche Geb\u00fchren sind, im Gegensatz zu anderen Angeboten, bereits inkludiert. Versand erfolgt ausschlie\u00dflich aus Deutschland, es fallen keine Zoll- und Importgeb\u00fchren an. Ihr kauft keine Katze im Sack \ud83d\ude42<\/p>\n<p><strong>Ma\u00dfe der Statue:<\/strong><\/p>\n<ul>\n<li>Gr\u00f6\u00dfe (S): ca. H91cm x W48cm x D50cm<\/li>\n<li>Gr\u00f6\u00dfe (S-): ca. H61cm x W32cm x D34cm<\/li>\n<li>Gewicht: TBA, gesch\u00e4tzt ca. 23kg<\/li>\n<\/ul>\n<p>You are not prepared! \ud83d\ude42<\/p>","protected":false},"excerpt":{"rendered":"<p>Dragon Ball Z &#8211; Gogeta | 1:4 Resin Statue | von Last Sleep Studio I do ship EU-wide, please contact me, should questions arise. Tolle Statue von Fusion von Son Goku und Vegeta durch Fusionsmethode von Metamorph Wunderbar verarbeitete und sehr detaillierte Gogeta Statue aus Polystone &#8211; k\u00fcnstlichem Stein-Harz-Gemisch. Besonderheiten: Gr\u00f6\u00dfe S (weltweit nur 168 [&hellip;]<\/p>\n","protected":false},"featured_media":15594,"comment_status":"closed","ping_status":"closed","template":"","meta":[],"product_brand":[],"product_cat":[87,826,84],"product_tag":[147,251,190,471,191,171,346,97,98,674,469,470,154,136,137,1273,472,379,381,380,382,96,675,95],"class_list":{"0":"post-15593","1":"product","2":"type-product","3":"status-publish","4":"has-post-thumbnail","6":"product_cat-dragon-ball","7":"product_cat-lagernd-vor-ort","8":"product_cat-statuen-anime-comic-universum","9":"product_tag-collectibles","10":"product_tag-collectibles-kaufen","11":"product_tag-dragon-ball-collectibles","12":"product_tag-dragon-ball-lifesize","13":"product_tag-dragon-ball-resin","14":"product_tag-dragon-ball-son-goku","15":"product_tag-dragon-ball-son-goku-collectible","16":"product_tag-dragon-ball-statue","17":"product_tag-dragon-ball-vegeta","18":"product_tag-dragon-ball-z-vegeta","19":"product_tag-lifesize-collectibles","20":"product_tag-lifesize-statuen","21":"product_tag-resin-collectibles","22":"product_tag-resin-statuen","23":"product_tag-resin-statuen-kaufen","24":"product_tag-resincollectors","25":"product_tag-son-goku-statue","26":"product_tag-statue-collectible","27":"product_tag-statue-collectibles","28":"product_tag-statues-collectible","29":"product_tag-statues-collectibles","30":"product_tag-vegeta","31":"product_tag-vegeta-collectible","32":"product_tag-vegeta-statue","33":"pa_brand-las-sleep-studio","35":"first","36":"instock","37":"taxable","38":"shipping-taxable","39":"product-type-variable"},"_links":{"self":[{"href":"https:\/\/store.handsomecake.com\/en\/wp-json\/wp\/v2\/product\/15593","targetHints":{"allow":["GET"]}}],"collection":[{"href":"https:\/\/store.handsomecake.com\/en\/wp-json\/wp\/v2\/product"}],"about":[{"href":"https:\/\/store.handsomecake.com\/en\/wp-json\/wp\/v2\/types\/product"}],"replies":[{"embeddable":true,"href":"https:\/\/store.handsomecake.com\/en\/wp-json\/wp\/v2\/comments?post=15593"}],"wp:featuredmedia":[{"embeddable":true,"href":"https:\/\/store.handsomecake.com\/en\/wp-json\/wp\/v2\/media\/15594"}],"wp:attachment":[{"href":"https:\/\/store.handsomecake.com\/en\/wp-json\/wp\/v2\/media?parent=15593"}],"wp:term":[{"taxonomy":"product_brand","embeddable":true,"href":"https:\/\/store.handsomecake.com\/en\/wp-json\/wp\/v2\/product_brand?post=15593"},{"taxonomy":"product_cat","embeddable":true,"href":"https:\/\/store.handsomecake.com\/en\/wp-json\/wp\/v2\/product_cat?post=15593"},{"taxonomy":"product_tag","embeddable":true,"href":"https:\/\/store.handsomecake.com\/en\/wp-json\/wp\/v2\/product_tag?post=15593"}],"curies":[{"name":"wp","href":"https:\/\/api.w.org\/{rel}","templated":true}]}}