{"id":15527,"date":"2022-09-20T19:06:20","date_gmt":"2022-09-20T19:06:20","guid":{"rendered":"https:\/\/store.handsomecake.com\/product\/street-fighter-chun-li-16-resin-statue-von-acy-studio\/"},"modified":"2025-09-02T23:27:39","modified_gmt":"2025-09-02T23:27:39","slug":"street-fighter-chun-li-16-resin-statue-von-acy-studio","status":"publish","type":"product","link":"https:\/\/store.handsomecake.com\/en\/product\/street-fighter-chun-li-16-resin-statue-von-acy-studio\/","title":{"rendered":"Street Fighter &#8211; Chun Li | 1:6 Resin Statue | von ACY Studio"},"content":{"rendered":"<p>Street Fighter &#8211; Chun Li | 1:6 Resin Statue | von ACY Studio<\/p>\n<p>I do ship EU-wide, please contact me, should questions arise.<\/p>\n<p>Tolle Statue unserer geliebten Martial Arts K\u00e4mpferin<br \/>\n<em><span style=\"color: #ffffff;\"><span style=\"background-color: #2c3e50;\">&#8222;I am the strongest woman in the world!&#8220;<\/span><\/span><\/em><br \/>\n<span style=\"font-size: 12px;\">\u00a0 -Chun-Li (Street Fighter II)<\/span><\/p>\n<p>Wunderbar verarbeitete und sehr detaillierte Chun Li Statue aus Polystone &#8211; k\u00fcnstlichem Stein-Harz-Gemisch.<\/p>\n<p><strong>Besonderheiten<\/strong>:<\/p>\n<ul>\n<li>EX Version mit 2 Varianten:<\/li>\n<\/ul>\n<p>&#8211;\u00a0 (A) : Chun-Li in alternatives Kost\u00fcm von Street Fighter V<br \/>\n&#8211;\u00a0 (B) : Chun-Li in Kost\u00fcm von Street Fighter VI<\/p>\n<ul>\n<li>Varianten auch einzeln erh\u00e4ltlich<\/li>\n<li>288 St\u00fcck weltweit<\/li>\n<\/ul>\n<p><strong>Release-Status:<\/strong><\/p>\n<ul>\n<li>Preorder. Statue wird voraussichtlich Ende Q2 2023 released. Wir erwarten sie im Warenlager sch\u00e4tzungsweise Ende August 2023.<\/li>\n<\/ul>\n<p>Wie immer bei meinen Aktionen &#8211; s\u00e4mtliche Geb\u00fchren sind, im Gegensatz zu anderen Angeboten, bereits inkludiert. Versand erfolgt ausschlie\u00dflich aus Deutschland, es fallen keine Zoll- und Importgeb\u00fchren an. Ihr kauft keine Katze im Sack \ud83d\ude42<\/p>\n<p><strong>Ma\u00dfe der Statue:<\/strong><\/p>\n<ul>\n<li>Gr\u00f6\u00dfe (A) : ca. 59cm x 26cm x 24cm<\/li>\n<li>Gr\u00f6\u00dfe (B) : ca. 56cm x 26cm x 24cm<\/li>\n<li>Gewicht: TBA, ca. 20kg (gesch\u00e4tzt)<\/li>\n<\/ul>\n<p>&nbsp;<\/p>\n<p>You are not prepared! \ud83d\ude42<\/p>","protected":false},"excerpt":{"rendered":"<p>Street Fighter &#8211; Chun Li | 1:6 Resin Statue | von ACY Studio I do ship EU-wide, please contact me, should questions arise. Tolle Statue unserer geliebten Martial Arts K\u00e4mpferin &#8222;I am the strongest woman in the world!&#8220; \u00a0 -Chun-Li (Street Fighter II) Wunderbar verarbeitete und sehr detaillierte Chun Li Statue aus Polystone &#8211; k\u00fcnstlichem [&hellip;]<\/p>\n","protected":false},"featured_media":15528,"comment_status":"closed","ping_status":"closed","template":"","meta":[],"product_brand":[],"product_cat":[24,568,81,430],"product_tag":[612,666,717,640,658,781,779,780,479,147,251,383,553,795,913,916,915,914,917,154,255,136,137,554,379,381,552,380,382,547,432,778,433,434],"class_list":{"0":"post-15527","1":"product","2":"type-product","3":"status-publish","4":"has-post-thumbnail","6":"product_cat-action-figuren","7":"product_cat-preorder","8":"product_cat-statuen-computerspieluniversum","9":"product_cat-street-fighter","10":"product_tag-anime","11":"product_tag-anime-figuren-shop","12":"product_tag-anime-shop","13":"product_tag-anime-statuen","14":"product_tag-anime-toys","15":"product_tag-chun-li-figurine","16":"product_tag-chun-li-toy","17":"product_tag-chun-li-toys","18":"product_tag-collectible","19":"product_tag-collectibles","20":"product_tag-collectibles-kaufen","21":"product_tag-collector","22":"product_tag-figure-collector","23":"product_tag-handsomecake","24":"product_tag-prime-1","25":"product_tag-prime-1-figures","26":"product_tag-prime-1-statues","27":"product_tag-prime-1-studio","28":"product_tag-prime-1-toys","29":"product_tag-resin-collectibles","30":"product_tag-resin-collectibles-kaufen","31":"product_tag-resin-statuen","32":"product_tag-resin-statuen-kaufen","33":"product_tag-resin-statues","34":"product_tag-statue-collectible","35":"product_tag-statue-collectibles","36":"product_tag-statue-collector","37":"product_tag-statues-collectible","38":"product_tag-statues-collectibles","39":"product_tag-statues-collector","40":"product_tag-street-fighter","41":"product_tag-street-fighter-chun-li","42":"product_tag-street-fighter-collectibles","43":"product_tag-street-fighter-statuen","44":"pa_brand-acy-studio","46":"first","47":"instock","48":"taxable","49":"shipping-taxable","50":"product-type-variable"},"_links":{"self":[{"href":"https:\/\/store.handsomecake.com\/en\/wp-json\/wp\/v2\/product\/15527","targetHints":{"allow":["GET"]}}],"collection":[{"href":"https:\/\/store.handsomecake.com\/en\/wp-json\/wp\/v2\/product"}],"about":[{"href":"https:\/\/store.handsomecake.com\/en\/wp-json\/wp\/v2\/types\/product"}],"replies":[{"embeddable":true,"href":"https:\/\/store.handsomecake.com\/en\/wp-json\/wp\/v2\/comments?post=15527"}],"wp:featuredmedia":[{"embeddable":true,"href":"https:\/\/store.handsomecake.com\/en\/wp-json\/wp\/v2\/media\/15528"}],"wp:attachment":[{"href":"https:\/\/store.handsomecake.com\/en\/wp-json\/wp\/v2\/media?parent=15527"}],"wp:term":[{"taxonomy":"product_brand","embeddable":true,"href":"https:\/\/store.handsomecake.com\/en\/wp-json\/wp\/v2\/product_brand?post=15527"},{"taxonomy":"product_cat","embeddable":true,"href":"https:\/\/store.handsomecake.com\/en\/wp-json\/wp\/v2\/product_cat?post=15527"},{"taxonomy":"product_tag","embeddable":true,"href":"https:\/\/store.handsomecake.com\/en\/wp-json\/wp\/v2\/product_tag?post=15527"}],"curies":[{"name":"wp","href":"https:\/\/api.w.org\/{rel}","templated":true}]}}