{"id":1549,"date":"2020-11-17T17:23:16","date_gmt":"2020-11-17T17:23:16","guid":{"rendered":"https:\/\/store.handsomecake.com\/product\/street-fighter-shim-akuma-14-resin-statue-von-prototypez-studios\/"},"modified":"2024-06-12T14:32:47","modified_gmt":"2024-06-12T14:32:47","slug":"street-fighter-shim-akuma-14-resin-statue-von-prototypez-studios","status":"publish","type":"product","link":"https:\/\/store.handsomecake.com\/en\/product\/street-fighter-shim-akuma-14-resin-statue-von-prototypez-studios\/","title":{"rendered":"Street Fighter &#8211; Shim Akuma | 1:4 Resin Statue | von Prototypez Studios"},"content":{"rendered":"<p>Street Fighter &#8211; Shim Akuma &#8218; 1:4 Resin Statue &#8218; von Prototypez Studios<br \/>\nI do ship EU-wide, please contact me, should questions arise.<\/p>\n<p>Tolle Statue des Gro\u00dfteufels<\/p>\n<p>Wunderbar verarbeitete und sehr detaillierte Akuma Statue aus Polystone &#8211; k\u00fcnstlichem Stein-Harz-Gemisch. Die Statue wurde bereits released und ist auf dem Weg vom Studio direkt in unser Warenlager!<\/p>\n<p>Besonderheiten:<\/p>\n<ul>\n<li>2 austauschbare Torsovarianten &#8211; f\u00fcr den zweiten Torso wird ein Sockel mitgeliefert<\/li>\n<\/ul>\n<p>Release-Status:<\/p>\n<ul>\n<li>Lagernd vor Ort.<\/li>\n<\/ul>\n<p>Wie immer bei meinen Aktionen &#8211; s\u00e4mtliche Geb\u00fchren sind, im Gegensatz zu anderen Angeboten, bereits inkludiert. Versand erfolgt ausschlie\u00dflich aus Deutschland, es fallen keine Zoll- und Importgeb\u00fchren an. Ihr kauft keine Katze im Sack \ud83d\ude42<\/p>\n<p>Ma\u00dfe der Statue:<br \/>\nGr\u00f6\u00dfe: ca. 42cm x 38cm x 38cm<br \/>\nGewicht: 15 kg<\/p>\n<p>You are not prepared! \ud83d\ude42<\/p>","protected":false},"excerpt":{"rendered":"<p>Street Fighter &#8211; Shim Akuma &#8218; 1:4 Resin Statue &#8218; von Prototypez Studios I do ship EU-wide, please contact me, should questions arise. Tolle Statue des Gro\u00dfteufels Wunderbar verarbeitete und sehr detaillierte Akuma Statue aus Polystone &#8211; k\u00fcnstlichem Stein-Harz-Gemisch. Die Statue wurde bereits released und ist auf dem Weg vom Studio direkt in unser Warenlager! [&hellip;]<\/p>\n","protected":false},"featured_media":1557,"comment_status":"closed","ping_status":"closed","template":"","meta":[],"product_brand":[],"product_cat":[430,826,81,567],"product_tag":[440,439,147,251,154,136,137,438,437,379,381,380,382,432,433,436,435,434],"class_list":{"0":"post-1549","1":"product","2":"type-product","3":"status-publish","4":"has-post-thumbnail","6":"product_cat-street-fighter","7":"product_cat-lagernd-vor-ort","8":"product_cat-statuen-computerspieluniversum","9":"product_cat-in_stock_warehouse_china","10":"product_tag-akuma-collectible","11":"product_tag-akuma-statue","12":"product_tag-collectibles","13":"product_tag-collectibles-kaufen","14":"product_tag-resin-collectibles","15":"product_tag-resin-statuen","16":"product_tag-resin-statuen-kaufen","17":"product_tag-ryu-collectibles","18":"product_tag-ryu-statue","19":"product_tag-statue-collectible","20":"product_tag-statue-collectibles","21":"product_tag-statues-collectible","22":"product_tag-statues-collectibles","23":"product_tag-street-fighter","24":"product_tag-street-fighter-collectibles","25":"product_tag-street-fighter-evil-ryu","26":"product_tag-street-fighter-ryu","27":"product_tag-street-fighter-statuen","28":"pa_brand-prototypez-studios","29":"pa_scale-1_to_4","31":"first","32":"onbackorder","33":"product-type-simple"},"_links":{"self":[{"href":"https:\/\/store.handsomecake.com\/en\/wp-json\/wp\/v2\/product\/1549","targetHints":{"allow":["GET"]}}],"collection":[{"href":"https:\/\/store.handsomecake.com\/en\/wp-json\/wp\/v2\/product"}],"about":[{"href":"https:\/\/store.handsomecake.com\/en\/wp-json\/wp\/v2\/types\/product"}],"replies":[{"embeddable":true,"href":"https:\/\/store.handsomecake.com\/en\/wp-json\/wp\/v2\/comments?post=1549"}],"wp:featuredmedia":[{"embeddable":true,"href":"https:\/\/store.handsomecake.com\/en\/wp-json\/wp\/v2\/media\/1557"}],"wp:attachment":[{"href":"https:\/\/store.handsomecake.com\/en\/wp-json\/wp\/v2\/media?parent=1549"}],"wp:term":[{"taxonomy":"product_brand","embeddable":true,"href":"https:\/\/store.handsomecake.com\/en\/wp-json\/wp\/v2\/product_brand?post=1549"},{"taxonomy":"product_cat","embeddable":true,"href":"https:\/\/store.handsomecake.com\/en\/wp-json\/wp\/v2\/product_cat?post=1549"},{"taxonomy":"product_tag","embeddable":true,"href":"https:\/\/store.handsomecake.com\/en\/wp-json\/wp\/v2\/product_tag?post=1549"}],"curies":[{"name":"wp","href":"https:\/\/api.w.org\/{rel}","templated":true}]}}