{"id":1536,"date":"2020-11-17T17:22:49","date_gmt":"2020-11-17T17:22:49","guid":{"rendered":"https:\/\/store.handsomecake.com\/product\/street-fighter-classic-akuma-14-resin-statue-von-prototypez-studios\/"},"modified":"2024-06-12T14:32:43","modified_gmt":"2024-06-12T14:32:43","slug":"street-fighter-classic-akuma-14-resin-statue-von-prototypez-studios","status":"publish","type":"product","link":"https:\/\/store.handsomecake.com\/en\/product\/street-fighter-classic-akuma-14-resin-statue-von-prototypez-studios\/","title":{"rendered":"Street Fighter &#8211; Classic Akuma | 1:4 Resin Statue | von Prototypez Studios"},"content":{"rendered":"<p>Street Fighter &#8211; Evil Akuma &#8218; 1:4 Resin Statue &#8218; von Prototypez Studios<\/p>\n<p>I do ship EU-wide, please contact me, should questions arise.<br \/>\nEU shipping costs are more an estimate and will be recalculated (and you will receive a refund, if shippings costs turn out to be lower in the end).<br \/>\nExample &#8211; some statues are stated as 58cm width. Until they arrive we can&#8217;t guarantee if its the width WITH packaging or without. If it&#8217;s WITH, we fit under the 60cm rule and if the weight is under 31.5kg as well, shipping will be as low as 43.86\u20ac (current DHL price), if the statue is over 60cm with packaging, we will need to engage a hauling company&#8230;<\/p>\n<p>Tolle Statue des Gro\u00dfteufels<\/p>\n<p>Wunderbar verarbeitete und sehr detaillierte Akuma Statue aus Polystone &#8211; k\u00fcnstlichem Stein-Harz-Gemisch. Die Statue wurde bereits released und ist auf dem Weg vom Studio direkt in unser Warenlager!<\/p>\n<p>Besonderheiten:<\/p>\n<ul>\n<li>2 austauschbare Torsovarianten &#8211; f\u00fcr den zweiten Torso wird ein Sockel mitgeliefert<\/li>\n<\/ul>\n<p>Release-Status:<\/p>\n<ul>\n<li>Lagernd und vor Ort.<\/li>\n<\/ul>\n<p>Wie immer bei meinen Aktionen &#8211; s\u00e4mtliche Geb\u00fchren sind, im Gegensatz zu anderen Angeboten, bereits inkludiert. Versand erfolgt ausschlie\u00dflich aus Deutschland, es fallen keine Zoll- und Importgeb\u00fchren an. Ihr kauft keine Katze im Sack \ud83d\ude42<\/p>\n<p>Preis-Hinweis:<br \/>\nSolltet ihr die Statue direkt \u00fcber unseren Online-Shop (einfach den Benutzernamen googeln) kaufen, so erhaltet ihr auf jeden Fall die Tiefstpreisgarantie &#8211; sollte beispielsweise der Versand, Zoll oder die Einfuhrumsatzsteuer am Ende, also wenn die Statue bei uns im Warenlager angekommen ist, geringer ausfallen, so leiten wir die Preisreduzierung 1:1 an euch weiter! Der Catfish Arthas war z.b. urspr\u00fcnglich f\u00fcr 1850\u20ac drin, Endpreis war 1569\u20ac.<\/p>\n<p>Ma\u00dfe der Statue:<br \/>\nGr\u00f6\u00dfe: ca. 42cm x 38cm x 38cm<br \/>\nGewicht: 15 kg<\/p>\n<p>You are not prepared! \ud83d\ude42<\/p>","protected":false},"excerpt":{"rendered":"<p>Street Fighter &#8211; Evil Akuma &#8218; 1:4 Resin Statue &#8218; von Prototypez Studios I do ship EU-wide, please contact me, should questions arise. EU shipping costs are more an estimate and will be recalculated (and you will receive a refund, if shippings costs turn out to be lower in the end). Example &#8211; some statues [&hellip;]<\/p>\n","protected":false},"featured_media":1545,"comment_status":"closed","ping_status":"closed","template":"","meta":[],"product_brand":[],"product_cat":[430,81,567],"product_tag":[440,439,147,251,154,136,137,438,437,379,381,380,382,432,433,436,435,434],"class_list":{"0":"post-1536","1":"product","2":"type-product","3":"status-publish","4":"has-post-thumbnail","6":"product_cat-street-fighter","7":"product_cat-statuen-computerspieluniversum","8":"product_cat-in_stock_warehouse_china","9":"product_tag-akuma-collectible","10":"product_tag-akuma-statue","11":"product_tag-collectibles","12":"product_tag-collectibles-kaufen","13":"product_tag-resin-collectibles","14":"product_tag-resin-statuen","15":"product_tag-resin-statuen-kaufen","16":"product_tag-ryu-collectibles","17":"product_tag-ryu-statue","18":"product_tag-statue-collectible","19":"product_tag-statue-collectibles","20":"product_tag-statues-collectible","21":"product_tag-statues-collectibles","22":"product_tag-street-fighter","23":"product_tag-street-fighter-collectibles","24":"product_tag-street-fighter-evil-ryu","25":"product_tag-street-fighter-ryu","26":"product_tag-street-fighter-statuen","27":"pa_brand-prototypez-studios","28":"pa_scale-1_to_4","30":"first","31":"outofstock","32":"taxable","33":"shipping-taxable","34":"product-type-simple"},"_links":{"self":[{"href":"https:\/\/store.handsomecake.com\/en\/wp-json\/wp\/v2\/product\/1536","targetHints":{"allow":["GET"]}}],"collection":[{"href":"https:\/\/store.handsomecake.com\/en\/wp-json\/wp\/v2\/product"}],"about":[{"href":"https:\/\/store.handsomecake.com\/en\/wp-json\/wp\/v2\/types\/product"}],"replies":[{"embeddable":true,"href":"https:\/\/store.handsomecake.com\/en\/wp-json\/wp\/v2\/comments?post=1536"}],"wp:featuredmedia":[{"embeddable":true,"href":"https:\/\/store.handsomecake.com\/en\/wp-json\/wp\/v2\/media\/1545"}],"wp:attachment":[{"href":"https:\/\/store.handsomecake.com\/en\/wp-json\/wp\/v2\/media?parent=1536"}],"wp:term":[{"taxonomy":"product_brand","embeddable":true,"href":"https:\/\/store.handsomecake.com\/en\/wp-json\/wp\/v2\/product_brand?post=1536"},{"taxonomy":"product_cat","embeddable":true,"href":"https:\/\/store.handsomecake.com\/en\/wp-json\/wp\/v2\/product_cat?post=1536"},{"taxonomy":"product_tag","embeddable":true,"href":"https:\/\/store.handsomecake.com\/en\/wp-json\/wp\/v2\/product_tag?post=1536"}],"curies":[{"name":"wp","href":"https:\/\/api.w.org\/{rel}","templated":true}]}}