{"id":15228,"date":"2022-09-09T19:22:49","date_gmt":"2022-09-09T19:22:49","guid":{"rendered":"https:\/\/store.handsomecake.com\/product\/pokemon-kyogre-16-resin-statue-von-pc-house-studio\/"},"modified":"2024-06-12T15:27:33","modified_gmt":"2024-06-12T15:27:33","slug":"pokemon-kyogre-16-resin-statue-von-pc-house-studio","status":"publish","type":"product","link":"https:\/\/store.handsomecake.com\/en\/product\/pokemon-kyogre-16-resin-statue-von-pc-house-studio\/","title":{"rendered":"Pok\u00e9mon &#8211; Kyogre | 1:6 Resin Statue | von PC House STUDIO"},"content":{"rendered":"<p>Pok\u00e9mon &#8211; Kyogre | 1:6 Resin Statue | von PC House STUDIO<\/p>\n<p>I do ship EU-wide, please contact me, should questions arise.<\/p>\n<p>Tolle Statue von Legend\u00e4ren Pok\u00e9mon mit dem Typ Wasser<br \/>\nWunderbar verarbeitete und sehr detaillierte Statue von Kyogre aus Polystone &#8211; k\u00fcnstlichem Stein-Harz-Gemisch.<\/p>\n<p><strong>Besonderheiten<\/strong>:<\/p>\n<ul>\n<li>mit LED<\/li>\n<li>Blaue Version<\/li>\n<li>auch schwarze Version verf\u00fcgbar<\/li>\n<\/ul>\n<p><strong>Release-Status:<\/strong><\/p>\n<ul>\n<li>Preorder. Statue wird sch\u00e4tzungsweise am Ende Q4 2023 fertiggestellt und wir erwarten sie bei uns im Lager gegen Ende Februar 2024.<\/li>\n<\/ul>\n<p>Wie immer bei meinen Aktionen &#8211; s\u00e4mtliche Geb\u00fchren sind, im Gegensatz zu anderen Angeboten, bereits inkludiert. Versand erfolgt ausschlie\u00dflich aus Deutschland, es fallen keine Zoll- und Importgeb\u00fchren an. Ihr kauft keine Katze im Sack \ud83d\ude42<\/p>\n<p><strong>Ma\u00dfe der Statue:<\/strong><\/p>\n<ul>\n<li>Gr\u00f6\u00dfe: ca. H36cm x W25cm x D32cm<\/li>\n<li>Gewicht: TBA, gesch\u00e4tzt: ca. 8kg<\/li>\n<\/ul>\n<p>You are not prepared! \ud83d\ude42<\/p>","protected":false},"excerpt":{"rendered":"<p>Pok\u00e9mon &#8211; Kyogre | 1:6 Resin Statue | von PC House STUDIO I do ship EU-wide, please contact me, should questions arise. Tolle Statue von Legend\u00e4ren Pok\u00e9mon mit dem Typ Wasser Wunderbar verarbeitete und sehr detaillierte Statue von Kyogre aus Polystone &#8211; k\u00fcnstlichem Stein-Harz-Gemisch. Besonderheiten: mit LED Blaue Version auch schwarze Version verf\u00fcgbar Release-Status: Preorder. [&hellip;]<\/p>\n","protected":false},"featured_media":15242,"comment_status":"closed","ping_status":"closed","template":"","meta":[],"product_brand":[],"product_cat":[24,125,568,84],"product_tag":[147,251,1957,1959,1958,211,213,212,154,136,137],"class_list":{"0":"post-15228","1":"product","2":"type-product","3":"status-publish","4":"has-post-thumbnail","6":"product_cat-action-figuren","7":"product_cat-pokemon","8":"product_cat-preorder","9":"product_cat-statuen-anime-comic-universum","10":"product_tag-collectibles","11":"product_tag-collectibles-kaufen","12":"product_tag-kyogre","13":"product_tag-kyogre-pokemon","14":"product_tag-kyogre-statue","15":"product_tag-pokemon","16":"product_tag-pokemon-collectibles","17":"product_tag-pokemon-statuen","18":"product_tag-resin-collectibles","19":"product_tag-resin-statuen","20":"product_tag-resin-statuen-kaufen","21":"pa_brand-pc-house-studio","22":"pa_scale-1_to_6","24":"first","25":"instock","26":"taxable","27":"shipping-taxable","28":"product-type-variable"},"_links":{"self":[{"href":"https:\/\/store.handsomecake.com\/en\/wp-json\/wp\/v2\/product\/15228","targetHints":{"allow":["GET"]}}],"collection":[{"href":"https:\/\/store.handsomecake.com\/en\/wp-json\/wp\/v2\/product"}],"about":[{"href":"https:\/\/store.handsomecake.com\/en\/wp-json\/wp\/v2\/types\/product"}],"replies":[{"embeddable":true,"href":"https:\/\/store.handsomecake.com\/en\/wp-json\/wp\/v2\/comments?post=15228"}],"wp:featuredmedia":[{"embeddable":true,"href":"https:\/\/store.handsomecake.com\/en\/wp-json\/wp\/v2\/media\/15242"}],"wp:attachment":[{"href":"https:\/\/store.handsomecake.com\/en\/wp-json\/wp\/v2\/media?parent=15228"}],"wp:term":[{"taxonomy":"product_brand","embeddable":true,"href":"https:\/\/store.handsomecake.com\/en\/wp-json\/wp\/v2\/product_brand?post=15228"},{"taxonomy":"product_cat","embeddable":true,"href":"https:\/\/store.handsomecake.com\/en\/wp-json\/wp\/v2\/product_cat?post=15228"},{"taxonomy":"product_tag","embeddable":true,"href":"https:\/\/store.handsomecake.com\/en\/wp-json\/wp\/v2\/product_tag?post=15228"}],"curies":[{"name":"wp","href":"https:\/\/api.w.org\/{rel}","templated":true}]}}