{"id":1517,"date":"2020-11-14T09:12:18","date_gmt":"2020-11-14T09:12:18","guid":{"rendered":"https:\/\/store.handsomecake.com\/product\/world-of-warcraft-arthas-menethil-lich-king-14-resin-statue-von-al-model\/"},"modified":"2024-06-12T14:32:37","modified_gmt":"2024-06-12T14:32:37","slug":"world-of-warcraft-arthas-menethil-lich-king-14-resin-statue-von-al-model","status":"publish","type":"product","link":"https:\/\/store.handsomecake.com\/en\/product\/world-of-warcraft-arthas-menethil-lich-king-14-resin-statue-von-al-model\/","title":{"rendered":"World of Warcraft &#8211; Arthas Menethil\/Lich King | 1:4 Resin Statue | von AL Model"},"content":{"rendered":"<p>World of Warcraft &#8211; Arthas Menethil\/Lich King &#8218; 1:4 Resin Statue &#8218; von AL Model<\/p>\n<p>I do ship EU-wide, please contact me, should questions arise.<br \/>\nEU shipping costs are more an estimate and will be recalculated (and you will receive a refund, if shippings costs turn out to be lower in the end).<br \/>\nExample &#8211; some statues are stated as 58cm width. Until they arrive we can&#8217;t guarantee if its the width WITH packaging or without. If it&#8217;s WITH, we fit under the 60cm rule and if the weight is under 31.5kg as well, shipping will be as low as 43.86\u20ac (current DHL price), if the statue is over 60cm with packaging, we will need to engage a hauling company&#8230;<\/p>\n<p>Tolle Statue des schicksalhaften Todesritters<\/p>\n<p>Ein Realit\u00e4t gewordener Wahnsinn von einer Arthas Statue. Wunderbar verarbeitete und sehr detaillierte Lich K\u00f6nig Statue aus Polystone &#8211; k\u00fcnstlichem Stein-Harz-Gemisch. Die Statue wurde bereits released und ist auf dem Weg vom Studio direkt in unser Warenlager!<\/p>\n<p>Besonderheiten:<\/p>\n<ul>\n<li>keine<\/li>\n<\/ul>\n<p>Release-Status:<\/p>\n<ul>\n<li>Released. Ab Bestellzeitpunkt in ca. 3 Monaten bei Euch.<\/li>\n<\/ul>\n<p>Wie immer bei meinen Aktionen &#8211; s\u00e4mtliche Geb\u00fchren sind, im Gegensatz zu anderen Angeboten, bereits inkludiert. Versand erfolgt ausschlie\u00dflich aus Deutschland, es fallen keine Zoll- und Importgeb\u00fchren an. Ihr kauft keine Katze im Sack \ud83d\ude42<\/p>\n<p>Preis-Hinweis:<br \/>\nSolltet ihr die Statue direkt \u00fcber unseren Online-Shop (einfach den Benutzernamen googeln) kaufen, so erhaltet ihr auf jeden Fall die Tiefstpreisgarantie &#8211; sollte beispielsweise der Versand, Zoll oder die Einfuhrumsatzsteuer am Ende, also wenn die Statue bei uns im Warenlager angekommen ist, geringer ausfallen, so leiten wir die Preisreduzierung 1:1 an euch weiter! Der Catfish Arthas war z.b. urspr\u00fcnglich f\u00fcr 1850\u20ac drin, Endpreis war 1569\u20ac.<\/p>\n<p>Ma\u00dfe der Statue:<br \/>\nGr\u00f6\u00dfe: ca. 63cm x 48cm x 46cm<br \/>\nGewicht: 33 kg<\/p>\n<p>You are not prepared! \ud83d\ude42<\/p>","protected":false},"excerpt":{"rendered":"<p>World of Warcraft &#8211; Arthas Menethil\/Lich King &#8218; 1:4 Resin Statue &#8218; von AL Model I do ship EU-wide, please contact me, should questions arise. EU shipping costs are more an estimate and will be recalculated (and you will receive a refund, if shippings costs turn out to be lower in the end). Example &#8211; [&hellip;]<\/p>\n","protected":false},"featured_media":1518,"comment_status":"closed","ping_status":"closed","template":"","meta":[],"product_brand":[],"product_cat":[85,81,567],"product_tag":[129,130,147,251,154,136,137,379,381,380,382,131,224,104,103],"class_list":{"0":"post-1517","1":"product","2":"type-product","3":"status-publish","4":"has-post-thumbnail","6":"product_cat-warcraft","7":"product_cat-statuen-computerspieluniversum","8":"product_cat-in_stock_warehouse_china","9":"product_tag-arthas-menethil-resin-statue","10":"product_tag-arthas-menethil-warcraft","11":"product_tag-collectibles","12":"product_tag-collectibles-kaufen","13":"product_tag-resin-collectibles","14":"product_tag-resin-statuen","15":"product_tag-resin-statuen-kaufen","16":"product_tag-statue-collectible","17":"product_tag-statue-collectibles","18":"product_tag-statues-collectible","19":"product_tag-statues-collectibles","20":"product_tag-warcraft-resin-statue","21":"product_tag-world-of-warcraft-collectibles","22":"product_tag-world-of-warcraft-statuen","23":"product_tag-wow-statuen","24":"pa_brand-al-studio","25":"pa_scale-1_to_4","27":"first","28":"instock","29":"taxable","30":"shipping-taxable","31":"product-type-simple"},"_links":{"self":[{"href":"https:\/\/store.handsomecake.com\/en\/wp-json\/wp\/v2\/product\/1517","targetHints":{"allow":["GET"]}}],"collection":[{"href":"https:\/\/store.handsomecake.com\/en\/wp-json\/wp\/v2\/product"}],"about":[{"href":"https:\/\/store.handsomecake.com\/en\/wp-json\/wp\/v2\/types\/product"}],"replies":[{"embeddable":true,"href":"https:\/\/store.handsomecake.com\/en\/wp-json\/wp\/v2\/comments?post=1517"}],"wp:featuredmedia":[{"embeddable":true,"href":"https:\/\/store.handsomecake.com\/en\/wp-json\/wp\/v2\/media\/1518"}],"wp:attachment":[{"href":"https:\/\/store.handsomecake.com\/en\/wp-json\/wp\/v2\/media?parent=1517"}],"wp:term":[{"taxonomy":"product_brand","embeddable":true,"href":"https:\/\/store.handsomecake.com\/en\/wp-json\/wp\/v2\/product_brand?post=1517"},{"taxonomy":"product_cat","embeddable":true,"href":"https:\/\/store.handsomecake.com\/en\/wp-json\/wp\/v2\/product_cat?post=1517"},{"taxonomy":"product_tag","embeddable":true,"href":"https:\/\/store.handsomecake.com\/en\/wp-json\/wp\/v2\/product_tag?post=1517"}],"curies":[{"name":"wp","href":"https:\/\/api.w.org\/{rel}","templated":true}]}}