{"id":15165,"date":"2022-09-07T19:47:37","date_gmt":"2022-09-07T19:47:37","guid":{"rendered":"https:\/\/store.handsomecake.com\/product\/marvel-spider-man-at-holidays-14-resin-statue-von-sdz-studio\/"},"modified":"2024-06-12T15:27:22","modified_gmt":"2024-06-12T15:27:22","slug":"marvel-spider-man-at-holidays-14-resin-statue-von-sdz-studio","status":"publish","type":"product","link":"https:\/\/store.handsomecake.com\/en\/product\/marvel-spider-man-at-holidays-14-resin-statue-von-sdz-studio\/","title":{"rendered":"Marvel &#8211; Spider-Man at Holidays | 1:4 Resin Statue | von SDZ Studio"},"content":{"rendered":"<p>Marvel &#8211; Spider-Man at Holidays | 1:4 Resin Statue | von SDZ Studio<\/p>\n<p>EU Taxfree! I do ship EU-wide, please contact me, should questions arise.<\/p>\n<p><em><span style=\"color: #ffffff;\"><span style=\"background-color: #000000;\">&#8222;I really did try to help you. I mean, I could&#8217;ve killed you. At any given moment, but I didn&#8217;t. Because my Aunt May taught me that everyone deserves a second chance.&#8220;<\/span><\/span><\/em><\/p>\n<p><strong><span style=\"color: #000000;\"><span style=\"background-color: #ffffff;\">\u00a0\u00a0\u00a0\u00a0\u00a0\u00a0\u00a0\u00a0\u00a0\u00a0\u00a0\u00a0\u00a0\u00a0\u00a0\u00a0\u00a0\u00a0\u00a0\u00a0\u00a0\u00a0\u00a0\u00a0\u00a0\u00a0\u00a0\u00a0\u00a0\u00a0\u00a0\u00a0\u00a0\u00a0\u00a0\u00a0\u00a0\u00a0\u00a0\u00a0\u00a0\u00a0\u00a0\u00a0\u00a0\u00a0\u00a0\u00a0\u00a0\u00a0 \u00a0 \u00a0 \u00a0 \u00a0 \u00a0 \u00a0 \u00a0 \u00a0 \u00a0 \u00a0 \u00a0 \u00a0 \u00a0 \u00a0 \u00a0 \u00a0 \u00a0 \u00a0 \u00a0 \u00a0 \u00a0 \u00a0 \u00a0 \u00a0 \u00a0 \u00a0 \u00a0 \u00a0 \u00a0 \u00a0 \u00a0 \u00a0 \u00a0 \u00a0 \u00a0 \u00a0 \u00a0 \u00a0 \u00a0 \u00a0 \u00a0 \u00a0 \u00a0 \u00a0 \u00a0 \u00a0 \u00a0 \u00a0 \u00a0 \u00a0 \u00a0 \u00a0 \u00a0 \u00a0 \u00a0 \u00a0 \u00a0 \u00a0 \u00a0 \u00a0 \u00a0 \u00a0 \u00a0 \u00a0 \u00a0 \u00a0 \u00a0 \u00a0 \u00a0 \u00a0 \u00a0 \u00a0 \u00a0 \u00a0 \u00a0 \u00a0 \u00a0 \u00a0 \u00a0 \u00a0 \u00a0 \u00a0 \u00a0 \u2015 Spider-Man<\/span><\/span><\/strong><\/p>\n<p>Wunderbar verarbeitete und sehr detaillierte Statue von Spider aus Polystone &#8211; k\u00fcnstlichem Stein-Harz-Gemisch.<\/p>\n<p><strong>Besonderheiten:<\/strong><\/p>\n<ul>\n<li>nur 88 St\u00fcck weltweit<\/li>\n<li>3 austauschbare Kopfzubeh\u00f6re<\/li>\n<\/ul>\n<p><strong>Release-Status:<\/strong><\/p>\n<ul>\n<li>Preorder. Statue wird voraussichtlich Ende Q2 2023 released. Wir erwarten sie bei uns im Lager gegen August 2023.<\/li>\n<\/ul>\n<p>Wie immer bei meinen Aktionen &#8211; s\u00e4mtliche Geb\u00fchren sind, im Gegensatz zu anderen Angeboten, bereits inkludiert. Versand erfolgt ausschlie\u00dflich aus Deutschland, es fallen keine Zoll- und Importgeb\u00fchren an. Ihr kauft keine Katze im Sack \ud83d\ude42<\/p>\n<p><strong>Ma\u00dfe der Statue:<\/strong><\/p>\n<ul>\n<li>Gr\u00f6\u00dfe: H46.5cm x D21cm x W22cm<\/li>\n<li>Gewicht: TBA, gesch\u00e4tzt: ca. 10 kg<\/li>\n<\/ul>\n<p>You are not prepared! \ud83d\ude42<\/p>","protected":false},"excerpt":{"rendered":"<p>Marvel &#8211; Spider-Man at Holidays | 1:4 Resin Statue | von SDZ Studio EU Taxfree! I do ship EU-wide, please contact me, should questions arise. &#8222;I really did try to help you. I mean, I could&#8217;ve killed you. At any given moment, but I didn&#8217;t. Because my Aunt May taught me that everyone deserves a [&hellip;]<\/p>\n","protected":false},"featured_media":15177,"comment_status":"closed","ping_status":"closed","template":"","meta":[],"product_brand":[],"product_cat":[24,269,568,84],"product_tag":[147,251,383,551,282,284,557,281,283,553,154,136,137,554,626,627,628,629,625,379,381,552,547,550,278,279,555,280,556,558],"class_list":{"0":"post-15165","1":"product","2":"type-product","3":"status-publish","4":"has-post-thumbnail","6":"product_cat-action-figuren","7":"product_cat-marvel","8":"product_cat-preorder","9":"product_cat-statuen-anime-comic-universum","10":"product_tag-collectibles","11":"product_tag-collectibles-kaufen","12":"product_tag-collector","13":"product_tag-dc","14":"product_tag-dc-collectibles","15":"product_tag-dc-collectibles-kaufen","16":"product_tag-dc-collector","17":"product_tag-dc-comics","18":"product_tag-dc-comics-collectibles","19":"product_tag-figure-collector","20":"product_tag-resin-collectibles","21":"product_tag-resin-statuen","22":"product_tag-resin-statuen-kaufen","23":"product_tag-resin-statues","24":"product_tag-spiderman","25":"product_tag-spiderman-collectible","26":"product_tag-spiderman-figure","27":"product_tag-spiderman-figurine","28":"product_tag-spiderman-statue","29":"product_tag-statue-collectible","30":"product_tag-statue-collectibles","31":"product_tag-statue-collector","32":"product_tag-statues-collector","33":"product_tag-superman","34":"product_tag-superman-bust","35":"product_tag-superman-bueste","36":"product_tag-superman-collectible","37":"product_tag-superman-collectibles","38":"product_tag-superman-collector","39":"product_tag-superman-statue","40":"pa_brand-sdz-studio","41":"pa_scale-1_to_4","43":"first","44":"outofstock","45":"taxable","46":"shipping-taxable","47":"product-type-variable"},"_links":{"self":[{"href":"https:\/\/store.handsomecake.com\/en\/wp-json\/wp\/v2\/product\/15165","targetHints":{"allow":["GET"]}}],"collection":[{"href":"https:\/\/store.handsomecake.com\/en\/wp-json\/wp\/v2\/product"}],"about":[{"href":"https:\/\/store.handsomecake.com\/en\/wp-json\/wp\/v2\/types\/product"}],"replies":[{"embeddable":true,"href":"https:\/\/store.handsomecake.com\/en\/wp-json\/wp\/v2\/comments?post=15165"}],"wp:featuredmedia":[{"embeddable":true,"href":"https:\/\/store.handsomecake.com\/en\/wp-json\/wp\/v2\/media\/15177"}],"wp:attachment":[{"href":"https:\/\/store.handsomecake.com\/en\/wp-json\/wp\/v2\/media?parent=15165"}],"wp:term":[{"taxonomy":"product_brand","embeddable":true,"href":"https:\/\/store.handsomecake.com\/en\/wp-json\/wp\/v2\/product_brand?post=15165"},{"taxonomy":"product_cat","embeddable":true,"href":"https:\/\/store.handsomecake.com\/en\/wp-json\/wp\/v2\/product_cat?post=15165"},{"taxonomy":"product_tag","embeddable":true,"href":"https:\/\/store.handsomecake.com\/en\/wp-json\/wp\/v2\/product_tag?post=15165"}],"curies":[{"name":"wp","href":"https:\/\/api.w.org\/{rel}","templated":true}]}}