{"id":15050,"date":"2022-09-04T23:51:01","date_gmt":"2022-09-04T23:51:01","guid":{"rendered":"https:\/\/store.handsomecake.com\/product\/one-punch-man-fubuki-14-resin-statue-von-woota-studio\/"},"modified":"2024-06-12T15:27:17","modified_gmt":"2024-06-12T15:27:17","slug":"one-punch-man-fubuki-14-resin-statue-von-woota-studio","status":"publish","type":"product","link":"https:\/\/store.handsomecake.com\/en\/product\/one-punch-man-fubuki-14-resin-statue-von-woota-studio\/","title":{"rendered":"One Punch Man &#8211; Fubuki | 1:4 Resin Statue | von WooTa Studio"},"content":{"rendered":"<p>One Punch Man &#8211; Fubuki | 1:4 Resin Statue | von WooTa Studio<\/p>\n<p>I do ship EU-wide, please contact me, should questions arise.<\/p>\n<p>Tolle Statue von Hellish Blizzard<br \/>\nWunderbar verarbeitete und sehr detaillierte Fubuki Statue aus Polystone &#8211; k\u00fcnstlichem Stein-Harz-Gemisch.<\/p>\n<p><strong>Besonderheiten:<\/strong><\/p>\n<ul>\n<li>A+B Version (auch separat verf\u00fcgbar)<\/li>\n<li>A Version: mit gr\u00fcnem Kleid<\/li>\n<li>B Version: mit Hochzeitskleid<\/li>\n<li>weltweit 288 St\u00fcck<\/li>\n<\/ul>\n<p><strong>Release-Status:<\/strong><\/p>\n<ul>\n<li>Vorbestellung, Release erwartet Ende Q2 2023, Collectible bei uns im Lager sch\u00e4tzungsweise Ende August 2023<\/li>\n<\/ul>\n<p>Wie immer bei meinen Aktionen &#8211; s\u00e4mtliche Geb\u00fchren sind, im Gegensatz zu anderen Angeboten, bereits inkludiert. Versand erfolgt ausschlie\u00dflich aus Deutschland, es fallen keine Zoll- und Importgeb\u00fchren an. Ihr kauft keine Katze im Sack \ud83d\ude42<\/p>\n<p><strong>Ma\u00dfe der Statue:<\/strong><\/p>\n<ul>\n<li>Gr\u00f6\u00dfe: ca. 52cm x 21cm x 19cm<\/li>\n<li>Gewicht: TBA, gesch\u00e4tzt ca 12kg<\/li>\n<\/ul>\n<p>You are not prepared! \ud83d\ude42<\/p>","protected":false},"excerpt":{"rendered":"<p>One Punch Man &#8211; Fubuki | 1:4 Resin Statue | von WooTa Studio I do ship EU-wide, please contact me, should questions arise. Tolle Statue von Hellish Blizzard Wunderbar verarbeitete und sehr detaillierte Fubuki Statue aus Polystone &#8211; k\u00fcnstlichem Stein-Harz-Gemisch. Besonderheiten: A+B Version (auch separat verf\u00fcgbar) A Version: mit gr\u00fcnem Kleid B Version: mit Hochzeitskleid [&hellip;]<\/p>\n","protected":false},"featured_media":22008,"comment_status":"closed","ping_status":"closed","template":"","meta":[],"product_brand":[],"product_cat":[24,126,568,84],"product_tag":[147,251,383,553,1924,1925,1926,1927,630,632,633,634,631,154,136,137,554,639,379,381,552,547],"class_list":{"0":"post-15050","1":"product","2":"type-product","3":"status-publish","4":"has-post-thumbnail","6":"product_cat-action-figuren","7":"product_cat-one-punch-man","8":"product_cat-preorder","9":"product_cat-statuen-anime-comic-universum","10":"product_tag-collectibles","11":"product_tag-collectibles-kaufen","12":"product_tag-collector","13":"product_tag-figure-collector","14":"product_tag-fubuki","15":"product_tag-fubuki-collectible","16":"product_tag-fubuki-figure","17":"product_tag-fubuki-statue","18":"product_tag-one-punch-man","19":"product_tag-one-punch-man-collectible","20":"product_tag-one-punch-man-figure","21":"product_tag-one-punch-man-figurine","22":"product_tag-one-punch-man-statue","23":"product_tag-resin-collectibles","24":"product_tag-resin-statuen","25":"product_tag-resin-statuen-kaufen","26":"product_tag-resin-statues","27":"product_tag-saitama-figurine","28":"product_tag-statue-collectible","29":"product_tag-statue-collectibles","30":"product_tag-statue-collector","31":"product_tag-statues-collector","33":"first","34":"instock","35":"taxable","36":"shipping-taxable","37":"product-type-variable"},"_links":{"self":[{"href":"https:\/\/store.handsomecake.com\/en\/wp-json\/wp\/v2\/product\/15050","targetHints":{"allow":["GET"]}}],"collection":[{"href":"https:\/\/store.handsomecake.com\/en\/wp-json\/wp\/v2\/product"}],"about":[{"href":"https:\/\/store.handsomecake.com\/en\/wp-json\/wp\/v2\/types\/product"}],"replies":[{"embeddable":true,"href":"https:\/\/store.handsomecake.com\/en\/wp-json\/wp\/v2\/comments?post=15050"}],"wp:featuredmedia":[{"embeddable":true,"href":"https:\/\/store.handsomecake.com\/en\/wp-json\/wp\/v2\/media\/22008"}],"wp:attachment":[{"href":"https:\/\/store.handsomecake.com\/en\/wp-json\/wp\/v2\/media?parent=15050"}],"wp:term":[{"taxonomy":"product_brand","embeddable":true,"href":"https:\/\/store.handsomecake.com\/en\/wp-json\/wp\/v2\/product_brand?post=15050"},{"taxonomy":"product_cat","embeddable":true,"href":"https:\/\/store.handsomecake.com\/en\/wp-json\/wp\/v2\/product_cat?post=15050"},{"taxonomy":"product_tag","embeddable":true,"href":"https:\/\/store.handsomecake.com\/en\/wp-json\/wp\/v2\/product_tag?post=15050"}],"curies":[{"name":"wp","href":"https:\/\/api.w.org\/{rel}","templated":true}]}}