{"id":14850,"date":"2022-08-27T02:14:23","date_gmt":"2022-08-27T02:14:23","guid":{"rendered":"https:\/\/store.handsomecake.com\/product\/one-piece-roronoa-zoro-16-resin-statue-von-dayu-studio\/"},"modified":"2024-12-24T19:00:18","modified_gmt":"2024-12-24T19:00:18","slug":"one-piece-roronoa-zoro-16-resin-statue-von-dayu-studio","status":"publish","type":"product","link":"https:\/\/store.handsomecake.com\/en\/product\/one-piece-roronoa-zoro-16-resin-statue-von-dayu-studio\/","title":{"rendered":"One Piece &#8211; Roronoa Zoro | 1:6 Resin Statue | von DAYU Studio"},"content":{"rendered":"<p>One Piece &#8211; Roronoa Zoro | 1:6 Resin Statue | von DAYU Studio<\/p>\n<p>I do ship EU-wide, please contact me, should questions arise.<\/p>\n<p>Tolle Statue von unserem geliebten Schwertmeister<br \/>\nWunderbar verarbeitete und sehr detaillierte Roronoa Zoro Statue aus Polystone &#8211; k\u00fcnstlichem Stein-Harz-Gemisch.<\/p>\n<p><strong>Besonderheiten:<\/strong><\/p>\n<ul>\n<li>S+ Version<\/li>\n<li>mit austauschbarem K\u00f6pf<\/li>\n<li>Kind Zoro als Geschenk<\/li>\n<\/ul>\n<p><strong>Release-Status:<\/strong><\/p>\n<ul>\n<li>Lagernd vor Ort. Versandfertig in ca. 5 Werktagen.<\/li>\n<\/ul>\n<p>Wie immer bei meinen Artikeln &#8211; s\u00e4mtliche Geb\u00fchren sind, im Gegensatz zu anderen Angeboten, bereits inkludiert. Versand erfolgt ausschlie\u00dflich aus Deutschland, es fallen keine Zoll- und Importgeb\u00fchren an. Ihr kauft keine Katze im Sack \ud83d\ude42<\/p>\n<p><strong>Ma\u00dfe der Statue:<\/strong><\/p>\n<ul>\n<li>Gr\u00f6\u00dfe S+ : ca. H73cm x W50cm x D48cm<\/li>\n<li>Gr\u00f6\u00dfe S- : ca. H54cm x W37cm x D35cm<\/li>\n<li>Gewicht: TBA, gesch\u00e4tzt 20kg<\/li>\n<\/ul>\n<p>You are not prepared! \ud83d\ude42<\/p>","protected":false},"excerpt":{"rendered":"<p>One Piece &#8211; Roronoa Zoro | 1:6 Resin Statue | von DAYU Studio I do ship EU-wide, please contact me, should questions arise. Tolle Statue von unserem geliebten Schwertmeister Wunderbar verarbeitete und sehr detaillierte Roronoa Zoro Statue aus Polystone &#8211; k\u00fcnstlichem Stein-Harz-Gemisch. Besonderheiten: S+ Version mit austauschbarem K\u00f6pf Kind Zoro als Geschenk Release-Status: Lagernd vor [&hellip;]<\/p>\n","protected":false},"featured_media":14851,"comment_status":"closed","ping_status":"closed","template":"","meta":[],"product_brand":[],"product_cat":[24,826,89,84],"product_tag":[612,663,664,794,662,640,658,147,251,795,164,501,502,165,154,136,137,606,607,608,379,381,665,380,382,718,871],"class_list":{"0":"post-14850","1":"product","2":"type-product","3":"status-publish","4":"has-post-thumbnail","6":"product_cat-action-figuren","7":"product_cat-lagernd-vor-ort","8":"product_cat-one-piece","9":"product_cat-statuen-anime-comic-universum","10":"product_tag-anime","11":"product_tag-anime-figur-shop","12":"product_tag-anime-figuren-one-piece","13":"product_tag-anime-statue","14":"product_tag-anime-statue-shop","15":"product_tag-anime-statuen","16":"product_tag-anime-toys","17":"product_tag-collectibles","18":"product_tag-collectibles-kaufen","19":"product_tag-handsomecake","20":"product_tag-one-piece-collectibles","21":"product_tag-one-piece-lifesize","22":"product_tag-one-piece-resin","23":"product_tag-one-piece-statue","24":"product_tag-resin-collectibles","25":"product_tag-resin-statuen","26":"product_tag-resin-statuen-kaufen","27":"product_tag-roronoa-zoro","28":"product_tag-roronoa-zoro-collectible","29":"product_tag-roronoa-zoro-statue","30":"product_tag-statue-collectible","31":"product_tag-statue-collectibles","32":"product_tag-statuen-shop","33":"product_tag-statues-collectible","34":"product_tag-statues-collectibles","35":"product_tag-toys","36":"product_tag-zoro-toys","37":"pa_brand-dayu-studio","38":"pa_scale-1_to_6","40":"first","41":"instock","42":"taxable","43":"shipping-taxable","44":"product-type-simple"},"_links":{"self":[{"href":"https:\/\/store.handsomecake.com\/en\/wp-json\/wp\/v2\/product\/14850","targetHints":{"allow":["GET"]}}],"collection":[{"href":"https:\/\/store.handsomecake.com\/en\/wp-json\/wp\/v2\/product"}],"about":[{"href":"https:\/\/store.handsomecake.com\/en\/wp-json\/wp\/v2\/types\/product"}],"replies":[{"embeddable":true,"href":"https:\/\/store.handsomecake.com\/en\/wp-json\/wp\/v2\/comments?post=14850"}],"wp:featuredmedia":[{"embeddable":true,"href":"https:\/\/store.handsomecake.com\/en\/wp-json\/wp\/v2\/media\/14851"}],"wp:attachment":[{"href":"https:\/\/store.handsomecake.com\/en\/wp-json\/wp\/v2\/media?parent=14850"}],"wp:term":[{"taxonomy":"product_brand","embeddable":true,"href":"https:\/\/store.handsomecake.com\/en\/wp-json\/wp\/v2\/product_brand?post=14850"},{"taxonomy":"product_cat","embeddable":true,"href":"https:\/\/store.handsomecake.com\/en\/wp-json\/wp\/v2\/product_cat?post=14850"},{"taxonomy":"product_tag","embeddable":true,"href":"https:\/\/store.handsomecake.com\/en\/wp-json\/wp\/v2\/product_tag?post=14850"}],"curies":[{"name":"wp","href":"https:\/\/api.w.org\/{rel}","templated":true}]}}