{"id":1476,"date":"2020-11-10T18:28:06","date_gmt":"2020-11-10T18:28:06","guid":{"rendered":"https:\/\/store.handsomecake.com\/product\/world-of-warcraft-varian-wrynn-14-resin-statue-von-faceted-pebble\/"},"modified":"2024-06-12T14:32:32","modified_gmt":"2024-06-12T14:32:32","slug":"world-of-warcraft-varian-wrynn-14-resin-statue-von-faceted-pebble","status":"publish","type":"product","link":"https:\/\/store.handsomecake.com\/en\/product\/world-of-warcraft-varian-wrynn-14-resin-statue-von-faceted-pebble\/","title":{"rendered":"World of Warcraft &#8211; Varian Wrynn | 1:4 Resin Statue | von Faceted Pebble"},"content":{"rendered":"<p>World of Warcraft &#8211; Varian Wrynn &#8218; 1:4 Resin Statue &#8218; von Faceted Pebble<br \/>\nEU TAX FREE! I do ship EU-wide, please contact me, should questions arise.<\/p>\n<p>Absolut wahnsinnige Statue vom furchtlosen K\u00f6nig der Allianz<br \/>\nWunderbar verarbeitete und sehr detaillierte Varian Statue aus Polystone &#8211; k\u00fcnstlichem Stein-Harz-Gemisch. Die Statue wurde bereits released und ist auf dem Weg vom Studio direkt in unser Warenlager!<\/p>\n<p>Besonderheiten:<\/p>\n<ul>\n<li>2 austauschbare Kopfsets<\/li>\n<li>2 austauschbare Armsets<\/li>\n<\/ul>\n<p>Release-Status:<\/p>\n<ul>\n<li>Released, Statue unterwegs ins Warenlager<\/li>\n<\/ul>\n<p>Wie immer bei meinen Artikeln &#8211; s\u00e4mtliche Geb\u00fchren sind, im Gegensatz zu anderen Angeboten, bereits inkludiert. Versand erfolgt ausschlie\u00dflich aus Deutschland, es fallen keine Zoll- und Importgeb\u00fchren an. Ihr kauft keine Katze im Sack \ud83d\ude42<\/p>\n<p>Ma\u00dfe der Statue:<br \/>\nGr\u00f6\u00dfe: ca. 70cm x 45cm x 36cm<br \/>\nGewicht: 30.8 kg<\/p>\n<p>You are not prepared! \ud83d\ude42<\/p>","protected":false},"excerpt":{"rendered":"<p>World of Warcraft &#8211; Varian Wrynn &#8218; 1:4 Resin Statue &#8218; von Faceted Pebble EU TAX FREE! I do ship EU-wide, please contact me, should questions arise. Absolut wahnsinnige Statue vom furchtlosen K\u00f6nig der Allianz Wunderbar verarbeitete und sehr detaillierte Varian Statue aus Polystone &#8211; k\u00fcnstlichem Stein-Harz-Gemisch. Die Statue wurde bereits released und ist auf [&hellip;]<\/p>\n","protected":false},"featured_media":1477,"comment_status":"closed","ping_status":"closed","template":"","meta":[],"product_brand":[],"product_cat":[85,826,81,567],"product_tag":[147,251,154,136,137,379,381,380,382,100,417,102,416,131,224,104,103],"class_list":{"0":"post-1476","1":"product","2":"type-product","3":"status-publish","4":"has-post-thumbnail","6":"product_cat-warcraft","7":"product_cat-lagernd-vor-ort","8":"product_cat-statuen-computerspieluniversum","9":"product_cat-in_stock_warehouse_china","10":"product_tag-collectibles","11":"product_tag-collectibles-kaufen","12":"product_tag-resin-collectibles","13":"product_tag-resin-statuen","14":"product_tag-resin-statuen-kaufen","15":"product_tag-statue-collectible","16":"product_tag-statue-collectibles","17":"product_tag-statues-collectible","18":"product_tag-statues-collectibles","19":"product_tag-varian-wrynn","20":"product_tag-varian-wrynn-collectible","21":"product_tag-varian-wrynn-statue","22":"product_tag-warcraft-collectibles","23":"product_tag-warcraft-resin-statue","24":"product_tag-world-of-warcraft-collectibles","25":"product_tag-world-of-warcraft-statuen","26":"product_tag-wow-statuen","27":"pa_brand-faceted-pebble","29":"first","30":"instock","31":"sale","32":"taxable","33":"shipping-taxable","34":"product-type-simple"},"_links":{"self":[{"href":"https:\/\/store.handsomecake.com\/en\/wp-json\/wp\/v2\/product\/1476","targetHints":{"allow":["GET"]}}],"collection":[{"href":"https:\/\/store.handsomecake.com\/en\/wp-json\/wp\/v2\/product"}],"about":[{"href":"https:\/\/store.handsomecake.com\/en\/wp-json\/wp\/v2\/types\/product"}],"replies":[{"embeddable":true,"href":"https:\/\/store.handsomecake.com\/en\/wp-json\/wp\/v2\/comments?post=1476"}],"wp:featuredmedia":[{"embeddable":true,"href":"https:\/\/store.handsomecake.com\/en\/wp-json\/wp\/v2\/media\/1477"}],"wp:attachment":[{"href":"https:\/\/store.handsomecake.com\/en\/wp-json\/wp\/v2\/media?parent=1476"}],"wp:term":[{"taxonomy":"product_brand","embeddable":true,"href":"https:\/\/store.handsomecake.com\/en\/wp-json\/wp\/v2\/product_brand?post=1476"},{"taxonomy":"product_cat","embeddable":true,"href":"https:\/\/store.handsomecake.com\/en\/wp-json\/wp\/v2\/product_cat?post=1476"},{"taxonomy":"product_tag","embeddable":true,"href":"https:\/\/store.handsomecake.com\/en\/wp-json\/wp\/v2\/product_tag?post=1476"}],"curies":[{"name":"wp","href":"https:\/\/api.w.org\/{rel}","templated":true}]}}