{"id":14673,"date":"2022-08-25T04:19:19","date_gmt":"2022-08-25T04:19:19","guid":{"rendered":"https:\/\/store.handsomecake.com\/product\/neo-genesis-evangelion-ayanami-rei-12-resin-statue-von-infinity-studio\/"},"modified":"2025-03-31T12:11:23","modified_gmt":"2025-03-31T12:11:23","slug":"neo-genesis-evangelion-ayanami-rei-12-resin-statue-von-infinity-studio","status":"publish","type":"product","link":"https:\/\/store.handsomecake.com\/en\/product\/neo-genesis-evangelion-ayanami-rei-12-resin-statue-von-infinity-studio\/","title":{"rendered":"Neo Genesis Evangelion &#8211; Ayanami Rei | 1:2 Resin Statue | von INFINITY Studio"},"content":{"rendered":"<p>Neo Genesis Evangelion &#8211; Ayanami Rei | 1:2 Resin Statue | von INFINITY Studio<\/p>\n<p>I do ship EU-wide, please contact me, should questions arise.<\/p>\n<p>Tolle Statue von Ayanami aus Film &#8222;Evangelion: 3.0 You Can (Not) Redo&#8220;<br \/>\nWunderbar verarbeitete und sehr detaillierte Ayanami Rei Statue aus Polystone &#8211; k\u00fcnstlichem Stein-Harz-Gemisch.<\/p>\n<p><strong>Besonderheiten:<\/strong><\/p>\n<ul>\n<li>Premium Version<\/li>\n<li>weltweit 499 St\u00fcck<\/li>\n<\/ul>\n<p><strong>Release-Status:<\/strong><\/p>\n<ul>\n<li>Vorbestellung. Statue wird ca. Q3 2023 released, wir erwarten sie sch\u00e4tzungsweise November 2023 im Lager.<\/li>\n<\/ul>\n<p>Wie immer bei meinen Aktionen &#8211; s\u00e4mtliche Geb\u00fchren sind, im Gegensatz zu anderen Angeboten, bereits inkludiert. Versand erfolgt ausschlie\u00dflich aus Deutschland, es fallen keine Zoll- und Importgeb\u00fchren an. Ihr kauft keine Katze im Sack \ud83d\ude42<\/p>\n<p><strong>Ma\u00dfe der Statue:<\/strong><\/p>\n<ul>\n<li>Gr\u00f6\u00dfe: ca. H91cm * W36cm * L43cm<\/li>\n<li>Gewicht: TBA, ca. 20 kg (gesch\u00e4tzt)<\/li>\n<\/ul>\n<p>You are not prepared! \ud83d\ude42<\/p>","protected":false},"excerpt":{"rendered":"<p>Neo Genesis Evangelion &#8211; Ayanami Rei | 1:2 Resin Statue | von INFINITY Studio I do ship EU-wide, please contact me, should questions arise. Tolle Statue von Ayanami aus Film &#8222;Evangelion: 3.0 You Can (Not) Redo&#8220; Wunderbar verarbeitete und sehr detaillierte Ayanami Rei Statue aus Polystone &#8211; k\u00fcnstlichem Stein-Harz-Gemisch. Besonderheiten: Premium Version weltweit 499 St\u00fcck [&hellip;]<\/p>\n","protected":false},"featured_media":14692,"comment_status":"closed","ping_status":"closed","template":"","meta":[],"product_brand":[],"product_cat":[24,811,568,84],"product_tag":[612,656,666,708,1043,658,1455,479,147,251,383,795,1460,535,1459,1457,1458,1454,1456,154,255,136,137],"class_list":{"0":"post-14673","1":"product","2":"type-product","3":"status-publish","4":"has-post-thumbnail","6":"product_cat-action-figuren","7":"product_cat-neon-genesis-evangelion","8":"product_cat-preorder","9":"product_cat-statuen-anime-comic-universum","10":"product_tag-anime","11":"product_tag-anime-collectibles","12":"product_tag-anime-figuren-shop","13":"product_tag-anime-statuen-shop","14":"product_tag-anime-statues","15":"product_tag-anime-toys","16":"product_tag-ayanami-resin-statue","17":"product_tag-collectible","18":"product_tag-collectibles","19":"product_tag-collectibles-kaufen","20":"product_tag-collector","21":"product_tag-handsomecake","22":"product_tag-neo-genesis-ayanami-rei","23":"product_tag-neo-genesis-evangelion","24":"product_tag-neo-genesis-rei","25":"product_tag-rei","26":"product_tag-rei-ayanami-collectible","27":"product_tag-rei-ayanami-figure","28":"product_tag-rei-ayanami-statue","29":"product_tag-resin-collectibles","30":"product_tag-resin-collectibles-kaufen","31":"product_tag-resin-statuen","32":"product_tag-resin-statuen-kaufen","33":"pa_brand-infinity-studio","34":"pa_scale-1_to_2","36":"first","37":"instock","38":"taxable","39":"shipping-taxable","40":"product-type-simple"},"_links":{"self":[{"href":"https:\/\/store.handsomecake.com\/en\/wp-json\/wp\/v2\/product\/14673","targetHints":{"allow":["GET"]}}],"collection":[{"href":"https:\/\/store.handsomecake.com\/en\/wp-json\/wp\/v2\/product"}],"about":[{"href":"https:\/\/store.handsomecake.com\/en\/wp-json\/wp\/v2\/types\/product"}],"replies":[{"embeddable":true,"href":"https:\/\/store.handsomecake.com\/en\/wp-json\/wp\/v2\/comments?post=14673"}],"wp:featuredmedia":[{"embeddable":true,"href":"https:\/\/store.handsomecake.com\/en\/wp-json\/wp\/v2\/media\/14692"}],"wp:attachment":[{"href":"https:\/\/store.handsomecake.com\/en\/wp-json\/wp\/v2\/media?parent=14673"}],"wp:term":[{"taxonomy":"product_brand","embeddable":true,"href":"https:\/\/store.handsomecake.com\/en\/wp-json\/wp\/v2\/product_brand?post=14673"},{"taxonomy":"product_cat","embeddable":true,"href":"https:\/\/store.handsomecake.com\/en\/wp-json\/wp\/v2\/product_cat?post=14673"},{"taxonomy":"product_tag","embeddable":true,"href":"https:\/\/store.handsomecake.com\/en\/wp-json\/wp\/v2\/product_tag?post=14673"}],"curies":[{"name":"wp","href":"https:\/\/api.w.org\/{rel}","templated":true}]}}