{"id":14653,"date":"2022-08-25T04:15:31","date_gmt":"2022-08-25T04:15:31","guid":{"rendered":"https:\/\/store.handsomecake.com\/product\/bayonetta-bayonetta-14-resin-statue-von-hummingbird-studio\/"},"modified":"2024-09-30T08:01:12","modified_gmt":"2024-09-30T08:01:12","slug":"bayonetta-bayonetta-14-resin-statue-von-hummingbird-studio","status":"publish","type":"product","link":"https:\/\/store.handsomecake.com\/en\/product\/bayonetta-bayonetta-14-resin-statue-von-hummingbird-studio\/","title":{"rendered":"Bayonetta &#8211; Bayonetta | 1:4 Resin Statue | von HUMMINGBIRD Studio"},"content":{"rendered":"<p>Bayonetta &#8211; Bayonetta | 1:4 Resin Statue | von HUMMINGBIRD Studio<\/p>\n<p>EU Taxfree! I do ship EU-wide, please contact me, should questions arise.<\/p>\n<p>Tolle Statue der ber\u00fchmten Hexte und Gestaltwandlerin<br \/>\nWunderbar verarbeitete und sehr detaillierte Statue von Bayonetta aus Polystone &#8211; k\u00fcnstlichem Stein-Harz-Gemisch.<\/p>\n<p><strong>Besonderheiten:<\/strong><\/p>\n<ul>\n<li>EX Variante mit austauschbarem nacktem K\u00f6rper<\/li>\n<li>weltweit 299 St\u00fcck<\/li>\n<\/ul>\n<p><strong>Release-Status:<\/strong><\/p>\n<ul>\n<li>Lagernd vor Ort. Versandfertig in ca. 5 Werktagen.<\/li>\n<\/ul>\n<p>Wie immer bei meinen Artikeln &#8211; s\u00e4mtliche Geb\u00fchren sind, im Gegensatz zu anderen Angeboten, bereits inkludiert. Versand erfolgt ausschlie\u00dflich aus Deutschland, es fallen keine Zoll- und Importgeb\u00fchren an. Ihr kauft keine Katze im Sack \ud83d\ude42<\/p>\n<p><strong>Ma\u00dfe der Statue:<\/strong><\/p>\n<ul>\n<li>Gr\u00f6\u00dfe: ca. 50cm x 43cm x 52cm<\/li>\n<li>Gewicht: ca. 12kg (gesch\u00e4tzt)<\/li>\n<\/ul>\n<p>You are not prepared! \ud83d\ude42<\/p>","protected":false},"excerpt":{"rendered":"<p>Bayonetta &#8211; Bayonetta | 1:4 Resin Statue | von HUMMINGBIRD Studio EU Taxfree! I do ship EU-wide, please contact me, should questions arise. Tolle Statue der ber\u00fchmten Hexte und Gestaltwandlerin Wunderbar verarbeitete und sehr detaillierte Statue von Bayonetta aus Polystone &#8211; k\u00fcnstlichem Stein-Harz-Gemisch. Besonderheiten: EX Variante mit austauschbarem nacktem K\u00f6rper weltweit 299 St\u00fcck Release-Status: Lagernd [&hellip;]<\/p>\n","protected":false},"featured_media":14719,"comment_status":"closed","ping_status":"closed","template":"","meta":[],"product_brand":[],"product_cat":[826,84,81],"product_tag":[612,659,666,658,989,986,987,985,988,990,147,251,383,553,795,154,136,554,379,381,552,547],"class_list":{"0":"post-14653","1":"product","2":"type-product","3":"status-publish","4":"has-post-thumbnail","6":"product_cat-lagernd-vor-ort","7":"product_cat-statuen-anime-comic-universum","8":"product_cat-statuen-computerspieluniversum","9":"product_tag-anime","10":"product_tag-anime-figuren","11":"product_tag-anime-figuren-shop","12":"product_tag-anime-toys","13":"product_tag-bayonetta","14":"product_tag-bayonetta-collectibles","15":"product_tag-bayonetta-resin","16":"product_tag-bayonetta-statue","17":"product_tag-bayonetta-statues","18":"product_tag-bayonetta-toys","19":"product_tag-collectibles","20":"product_tag-collectibles-kaufen","21":"product_tag-collector","22":"product_tag-figure-collector","23":"product_tag-handsomecake","24":"product_tag-resin-collectibles","25":"product_tag-resin-statuen","26":"product_tag-resin-statues","27":"product_tag-statue-collectible","28":"product_tag-statue-collectibles","29":"product_tag-statue-collector","30":"product_tag-statues-collector","31":"pa_brand-hummingbird-studio","32":"pa_scale-1_to_4","34":"first","35":"instock","36":"sale","37":"taxable","38":"shipping-taxable","39":"product-type-simple"},"_links":{"self":[{"href":"https:\/\/store.handsomecake.com\/en\/wp-json\/wp\/v2\/product\/14653","targetHints":{"allow":["GET"]}}],"collection":[{"href":"https:\/\/store.handsomecake.com\/en\/wp-json\/wp\/v2\/product"}],"about":[{"href":"https:\/\/store.handsomecake.com\/en\/wp-json\/wp\/v2\/types\/product"}],"replies":[{"embeddable":true,"href":"https:\/\/store.handsomecake.com\/en\/wp-json\/wp\/v2\/comments?post=14653"}],"wp:featuredmedia":[{"embeddable":true,"href":"https:\/\/store.handsomecake.com\/en\/wp-json\/wp\/v2\/media\/14719"}],"wp:attachment":[{"href":"https:\/\/store.handsomecake.com\/en\/wp-json\/wp\/v2\/media?parent=14653"}],"wp:term":[{"taxonomy":"product_brand","embeddable":true,"href":"https:\/\/store.handsomecake.com\/en\/wp-json\/wp\/v2\/product_brand?post=14653"},{"taxonomy":"product_cat","embeddable":true,"href":"https:\/\/store.handsomecake.com\/en\/wp-json\/wp\/v2\/product_cat?post=14653"},{"taxonomy":"product_tag","embeddable":true,"href":"https:\/\/store.handsomecake.com\/en\/wp-json\/wp\/v2\/product_tag?post=14653"}],"curies":[{"name":"wp","href":"https:\/\/api.w.org\/{rel}","templated":true}]}}