{"id":14642,"date":"2022-08-25T04:14:06","date_gmt":"2022-08-25T04:14:06","guid":{"rendered":"https:\/\/store.handsomecake.com\/product\/ghostblade-black-swan-yan-haiqin-16-resin-statue-von-trieagles-studio\/"},"modified":"2024-06-12T15:26:06","modified_gmt":"2024-06-12T15:26:06","slug":"ghostblade-black-swan-yan-haiqin-16-resin-statue-von-trieagles-studio","status":"publish","type":"product","link":"https:\/\/store.handsomecake.com\/en\/product\/ghostblade-black-swan-yan-haiqin-16-resin-statue-von-trieagles-studio\/","title":{"rendered":"GhostBlade &#8211; Black Swan Yan Haiqin | 1:6 Resin Statue | von TriEagles Studio"},"content":{"rendered":"<p>GhostBlade &#8211; Black Swan Yan Haiqin | 1:6 Resin Statue | von TriEagles Studio<\/p>\n<p>I do ship EU-wide, please contact me, should questions arise.<\/p>\n<p>Tolle Statue von Ice Princess<br \/>\nWunderbar verarbeitete und sehr detaillierte Princess Yan Haiqin Statue aus Polystone &#8211; k\u00fcnstlichem Stein-Harz-Gemisch.<\/p>\n<p><strong>Besonderheiten:<\/strong><\/p>\n<ul>\n<li>Version mit schwarzem Kleid ( wei\u00dfe Farbe auch verf\u00fcgbar)<\/li>\n<li><strong><span style=\"font-size: 16px;\">Achtung<\/span>:<\/strong> Es gibt eine Aktivit\u00e4t in diesem Produkt, die blaue Farbe wird zuf\u00e4llig gesendet (1\/20), wenn Sie keine blaue Farbe w\u00fcnschen, hinterlassen Sie uns bitte eine Notiz!<\/li>\n<\/ul>\n<p><strong>Release-Status:<\/strong><\/p>\n<ul>\n<li>Preorder. Statue wird voraussichtlich Ende Q3 2023 erscheinen. Wir erwarten sie sch\u00e4tzungsweise Ende Oktober 2023 bei uns im Warenlager.<\/li>\n<\/ul>\n<p>Wie immer bei meinen Artikeln &#8211; s\u00e4mtliche Geb\u00fchren sind, im Gegensatz zu anderen Angeboten, bereits inkludiert. Versand erfolgt ausschlie\u00dflich aus Deutschland, es fallen keine Zoll- und Importgeb\u00fchren an. Ihr kauft keine Katze im Sack \ud83d\ude42<\/p>\n<p><strong>Ma\u00dfe der Statue:<\/strong><\/p>\n<ul>\n<li>Gr\u00f6\u00dfe: ca. 42cm x 32cm x 33cm<\/li>\n<li>Gewicht: TBA, gesch\u00e4tzt: ca. 5 kg<\/li>\n<\/ul>\n<p>You are not prepared! \ud83d\ude42<\/p>","protected":false},"excerpt":{"rendered":"<p>GhostBlade &#8211; Black Swan Yan Haiqin | 1:6 Resin Statue | von TriEagles Studio I do ship EU-wide, please contact me, should questions arise. Tolle Statue von Ice Princess Wunderbar verarbeitete und sehr detaillierte Princess Yan Haiqin Statue aus Polystone &#8211; k\u00fcnstlichem Stein-Harz-Gemisch. Besonderheiten: Version mit schwarzem Kleid ( wei\u00dfe Farbe auch verf\u00fcgbar) Achtung: Es [&hellip;]<\/p>\n","protected":false},"featured_media":14740,"comment_status":"closed","ping_status":"closed","template":"","meta":[],"product_brand":[],"product_cat":[24,568,84],"product_tag":[666,717,640,658,479,147,251,383,553,1442,1446,1448,795,1444,154,255,136,137,554,379,381,552,380,382,547,1445,718,1443,1449,1447],"class_list":{"0":"post-14642","1":"product","2":"type-product","3":"status-publish","4":"has-post-thumbnail","6":"product_cat-action-figuren","7":"product_cat-preorder","8":"product_cat-statuen-anime-comic-universum","9":"product_tag-anime-figuren-shop","10":"product_tag-anime-shop","11":"product_tag-anime-statuen","12":"product_tag-anime-toys","13":"product_tag-collectible","14":"product_tag-collectibles","15":"product_tag-collectibles-kaufen","16":"product_tag-collector","17":"product_tag-figure-collector","18":"product_tag-ghost-blade","19":"product_tag-ghost-blade-collectibles","20":"product_tag-ghost-blade-toys","21":"product_tag-handsomecake","22":"product_tag-princess-yan","23":"product_tag-resin-collectibles","24":"product_tag-resin-collectibles-kaufen","25":"product_tag-resin-statuen","26":"product_tag-resin-statuen-kaufen","27":"product_tag-resin-statues","28":"product_tag-statue-collectible","29":"product_tag-statue-collectibles","30":"product_tag-statue-collector","31":"product_tag-statues-collectible","32":"product_tag-statues-collectibles","33":"product_tag-statues-collector","34":"product_tag-the-ice-princess-collectible","35":"product_tag-toys","36":"product_tag-yan-haiqin","37":"product_tag-yan-haiqin-ghost-blade","38":"product_tag-yan-haiqin-statue","39":"pa_brand-tri-eagles-studio","40":"pa_scale-1_to_6","42":"first","43":"instock","44":"taxable","45":"shipping-taxable","46":"product-type-variable"},"_links":{"self":[{"href":"https:\/\/store.handsomecake.com\/en\/wp-json\/wp\/v2\/product\/14642","targetHints":{"allow":["GET"]}}],"collection":[{"href":"https:\/\/store.handsomecake.com\/en\/wp-json\/wp\/v2\/product"}],"about":[{"href":"https:\/\/store.handsomecake.com\/en\/wp-json\/wp\/v2\/types\/product"}],"replies":[{"embeddable":true,"href":"https:\/\/store.handsomecake.com\/en\/wp-json\/wp\/v2\/comments?post=14642"}],"wp:featuredmedia":[{"embeddable":true,"href":"https:\/\/store.handsomecake.com\/en\/wp-json\/wp\/v2\/media\/14740"}],"wp:attachment":[{"href":"https:\/\/store.handsomecake.com\/en\/wp-json\/wp\/v2\/media?parent=14642"}],"wp:term":[{"taxonomy":"product_brand","embeddable":true,"href":"https:\/\/store.handsomecake.com\/en\/wp-json\/wp\/v2\/product_brand?post=14642"},{"taxonomy":"product_cat","embeddable":true,"href":"https:\/\/store.handsomecake.com\/en\/wp-json\/wp\/v2\/product_cat?post=14642"},{"taxonomy":"product_tag","embeddable":true,"href":"https:\/\/store.handsomecake.com\/en\/wp-json\/wp\/v2\/product_tag?post=14642"}],"curies":[{"name":"wp","href":"https:\/\/api.w.org\/{rel}","templated":true}]}}