{"id":14612,"date":"2022-08-25T04:09:19","date_gmt":"2022-08-25T04:09:19","guid":{"rendered":"https:\/\/store.handsomecake.com\/product\/star-wars-battle-damaged-darth-vader-11-resin-bust-von-mfa-collectibles\/"},"modified":"2025-11-20T11:26:32","modified_gmt":"2025-11-20T11:26:32","slug":"star-wars-battle-damaged-darth-vader-11-resin-bust-von-mfa-collectibles","status":"publish","type":"product","link":"https:\/\/store.handsomecake.com\/en\/product\/star-wars-battle-damaged-darth-vader-11-resin-bust-von-mfa-collectibles\/","title":{"rendered":"Star Wars &#8211; Battle Damaged Darth Vader | 1:1 Resin Bust | von MFA Collectibles"},"content":{"rendered":"<p>Star Wars &#8211; Battle Damaged Darth Vader | 1:1 Resin Bust | von MFA Collectibles<\/p>\n<p>I do ship EU-wide, please contact me, should questions arise.<\/p>\n<p>Tolle B\u00fcste von dem Vater von Luke Skywalker und Leia Organa<br \/>\nWunderbar verarbeitete und sehr detaillierte Darth Vader Statue aus Polystone &#8211; k\u00fcnstlichem Stein-Harz-Gemisch.<\/p>\n<p><strong>Besonderheiten:<\/strong><\/p>\n<ul>\n<li>Helm abnehmbar<\/li>\n<\/ul>\n<p><strong>Release-Status:<\/strong><\/p>\n<ul>\n<li>Preorder. Statue wird voraussichtlich Ende Q3 2023 released. Wir erwarten sie bei uns gegen Ende Oktober 2023.<\/li>\n<\/ul>\n<p>Wie immer bei meinen Aktionen &#8211; s\u00e4mtliche Geb\u00fchren sind, im Gegensatz zu anderen Angeboten, bereits inkludiert. Versand erfolgt ausschlie\u00dflich aus Deutschland, es fallen keine Zoll- und Importgeb\u00fchren an. Ihr kauft keine Katze im Sack \ud83d\ude42<\/p>\n<p><strong>Ma\u00dfe der Statue:<\/strong><\/p>\n<ul>\n<li>Gr\u00f6\u00dfe: ca. H79cm x W67cm x D51cm<\/li>\n<li>Gewicht: TBA, gesch\u00e4tzt: ca. 20 kg<\/li>\n<\/ul>\n<p>You are not prepared! \ud83d\ude42<\/p>","protected":false},"excerpt":{"rendered":"<p>Star Wars &#8211; Battle Damaged Darth Vader | 1:1 Resin Bust | von MFA Collectibles I do ship EU-wide, please contact me, should questions arise. Tolle B\u00fcste von dem Vater von Luke Skywalker und Leia Organa Wunderbar verarbeitete und sehr detaillierte Darth Vader Statue aus Polystone &#8211; k\u00fcnstlichem Stein-Harz-Gemisch. Besonderheiten: Helm abnehmbar Release-Status: Preorder. Statue [&hellip;]<\/p>\n","protected":false},"featured_media":14613,"comment_status":"closed","ping_status":"closed","template":"","meta":[],"product_brand":[],"product_cat":[24,2298,568,2299],"product_tag":[612,666,717,794,662,640,658,1891,479,147,251,1884,1885,1886,795,514,469,470,154,255,136,137,1887,1888,1889,1890,379,381,552,665,380,382,547,718],"class_list":{"0":"post-14612","1":"product","2":"type-product","3":"status-publish","4":"has-post-thumbnail","6":"product_cat-action-figuren","7":"product_cat-films-and-books","8":"product_cat-preorder","9":"product_cat-star-wars","10":"product_tag-anime","11":"product_tag-anime-figuren-shop","12":"product_tag-anime-shop","13":"product_tag-anime-statue","14":"product_tag-anime-statue-shop","15":"product_tag-anime-statuen","16":"product_tag-anime-toys","17":"product_tag-battle-damaged-darth-vader","18":"product_tag-collectible","19":"product_tag-collectibles","20":"product_tag-collectibles-kaufen","21":"product_tag-darth-vader","22":"product_tag-darth-vader-collectible","23":"product_tag-darth-vader-statue","24":"product_tag-handsomecake","25":"product_tag-lifesize","26":"product_tag-lifesize-collectibles","27":"product_tag-lifesize-statuen","28":"product_tag-resin-collectibles","29":"product_tag-resin-collectibles-kaufen","30":"product_tag-resin-statuen","31":"product_tag-resin-statuen-kaufen","32":"product_tag-star-wars-collectibles","33":"product_tag-star-wars-darth-vader","34":"product_tag-star-wars-resin","35":"product_tag-star-wars-statue","36":"product_tag-statue-collectible","37":"product_tag-statue-collectibles","38":"product_tag-statue-collector","39":"product_tag-statuen-shop","40":"product_tag-statues-collectible","41":"product_tag-statues-collectibles","42":"product_tag-statues-collector","43":"product_tag-toys","44":"pa_brand-mfa-collectibles","45":"pa_scale-1_to_1","47":"first","48":"instock","49":"taxable","50":"shipping-taxable","51":"product-type-variable"},"_links":{"self":[{"href":"https:\/\/store.handsomecake.com\/en\/wp-json\/wp\/v2\/product\/14612","targetHints":{"allow":["GET"]}}],"collection":[{"href":"https:\/\/store.handsomecake.com\/en\/wp-json\/wp\/v2\/product"}],"about":[{"href":"https:\/\/store.handsomecake.com\/en\/wp-json\/wp\/v2\/types\/product"}],"replies":[{"embeddable":true,"href":"https:\/\/store.handsomecake.com\/en\/wp-json\/wp\/v2\/comments?post=14612"}],"wp:featuredmedia":[{"embeddable":true,"href":"https:\/\/store.handsomecake.com\/en\/wp-json\/wp\/v2\/media\/14613"}],"wp:attachment":[{"href":"https:\/\/store.handsomecake.com\/en\/wp-json\/wp\/v2\/media?parent=14612"}],"wp:term":[{"taxonomy":"product_brand","embeddable":true,"href":"https:\/\/store.handsomecake.com\/en\/wp-json\/wp\/v2\/product_brand?post=14612"},{"taxonomy":"product_cat","embeddable":true,"href":"https:\/\/store.handsomecake.com\/en\/wp-json\/wp\/v2\/product_cat?post=14612"},{"taxonomy":"product_tag","embeddable":true,"href":"https:\/\/store.handsomecake.com\/en\/wp-json\/wp\/v2\/product_tag?post=14612"}],"curies":[{"name":"wp","href":"https:\/\/api.w.org\/{rel}","templated":true}]}}