{"id":14307,"date":"2022-08-08T14:32:17","date_gmt":"2022-08-08T14:32:17","guid":{"rendered":"https:\/\/store.handsomecake.com\/product\/one-piece-boa-hancock-14-resin-statue-von-last-sleep-studio\/"},"modified":"2024-12-06T12:30:21","modified_gmt":"2024-12-06T12:30:21","slug":"one-piece-boa-hancock-14-resin-statue-von-last-sleep-studio","status":"publish","type":"product","link":"https:\/\/store.handsomecake.com\/en\/product\/one-piece-boa-hancock-14-resin-statue-von-last-sleep-studio\/","title":{"rendered":"One Piece &#8211; Boa Hancock | 1:4 Resin Statue | von Last Sleep Studio"},"content":{"rendered":"<p>One Piece &#8211; Boa Hancock | 1:4 Resin Statue | von Last Sleep Studio<\/p>\n<p>EU Taxfree! I do ship EU-wide, please contact me, should questions arise.<\/p>\n<p>Tolle Statue des Kapit\u00e4ns der Kuja Piraten<br \/>\nWunderbar verarbeitete und sehr detaillierte Statue von Boa aus Polystone &#8211; k\u00fcnstlichem Stein-Harz-Gemisch.<\/p>\n<p><strong>Besonderheiten:<\/strong><\/p>\n<ul>\n<li>\u00a0S Version<\/li>\n<li>2 austauschbare Schlangenk\u00f6pfe<\/li>\n<li>auch S- Version verf\u00fcgbar (Gr\u00f6\u00dfe 1:6)<\/li>\n<\/ul>\n<p><strong>Release-Status:<\/strong><\/p>\n<ul>\n<li>Lagernd vor Ort. Versandfertig in ca. 5 Werktagen<\/li>\n<\/ul>\n<p>Wie immer bei meinen Artikeln &#8211; s\u00e4mtliche Geb\u00fchren sind, im Gegensatz zu anderen Angeboten, bereits inkludiert. Versand erfolgt ausschlie\u00dflich aus Deutschland, es fallen keine Zoll- und Importgeb\u00fchren an. Ihr kauft keine Katze im Sack \ud83d\ude42<\/p>\n<p><strong>Ma\u00dfe der Statue:<\/strong><\/p>\n<ul>\n<li>Gr\u00f6\u00dfe: S \uff1aca. H60 x D50 x W55cm<\/li>\n<\/ul>\n<p>S- \uff1aca. H41 x D35 x W39cm<\/p>\n<ul>\n<li>Gewicht: ca. 14kg (gesch\u00e4tzt)<\/li>\n<\/ul>\n<p>You are not prepared! \ud83d\ude42<\/p>","protected":false},"excerpt":{"rendered":"<p>One Piece &#8211; Boa Hancock | 1:4 Resin Statue | von Last Sleep Studio EU Taxfree! I do ship EU-wide, please contact me, should questions arise. Tolle Statue des Kapit\u00e4ns der Kuja Piraten Wunderbar verarbeitete und sehr detaillierte Statue von Boa aus Polystone &#8211; k\u00fcnstlichem Stein-Harz-Gemisch. Besonderheiten: \u00a0S Version 2 austauschbare Schlangenk\u00f6pfe auch S- Version [&hellip;]<\/p>\n","protected":false},"featured_media":14324,"comment_status":"closed","ping_status":"closed","template":"","meta":[],"product_brand":[],"product_cat":[826,89,84],"product_tag":[612,666,717,794,662,640,923,924,925,479,147,251,795,927,164,502,165,154,255,136,137,379,381,552,665,380,382,547,718],"class_list":{"0":"post-14307","1":"product","2":"type-product","3":"status-publish","4":"has-post-thumbnail","6":"product_cat-lagernd-vor-ort","7":"product_cat-one-piece","8":"product_cat-statuen-anime-comic-universum","9":"product_tag-anime","10":"product_tag-anime-figuren-shop","11":"product_tag-anime-shop","12":"product_tag-anime-statue","13":"product_tag-anime-statue-shop","14":"product_tag-anime-statuen","15":"product_tag-boa-hancock","16":"product_tag-boa-hancock-collectible","17":"product_tag-boa-hancock-statue","18":"product_tag-collectible","19":"product_tag-collectibles","20":"product_tag-collectibles-kaufen","21":"product_tag-handsomecake","22":"product_tag-one-piece-boa-hancock","23":"product_tag-one-piece-collectibles","24":"product_tag-one-piece-resin","25":"product_tag-one-piece-statue","26":"product_tag-resin-collectibles","27":"product_tag-resin-collectibles-kaufen","28":"product_tag-resin-statuen","29":"product_tag-resin-statuen-kaufen","30":"product_tag-statue-collectible","31":"product_tag-statue-collectibles","32":"product_tag-statue-collector","33":"product_tag-statuen-shop","34":"product_tag-statues-collectible","35":"product_tag-statues-collectibles","36":"product_tag-statues-collector","37":"product_tag-toys","38":"pa_brand-las-sleep-studio","39":"pa_scale-1_to_4","41":"first","42":"outofstock","43":"taxable","44":"shipping-taxable","45":"product-type-variable"},"_links":{"self":[{"href":"https:\/\/store.handsomecake.com\/en\/wp-json\/wp\/v2\/product\/14307","targetHints":{"allow":["GET"]}}],"collection":[{"href":"https:\/\/store.handsomecake.com\/en\/wp-json\/wp\/v2\/product"}],"about":[{"href":"https:\/\/store.handsomecake.com\/en\/wp-json\/wp\/v2\/types\/product"}],"replies":[{"embeddable":true,"href":"https:\/\/store.handsomecake.com\/en\/wp-json\/wp\/v2\/comments?post=14307"}],"wp:featuredmedia":[{"embeddable":true,"href":"https:\/\/store.handsomecake.com\/en\/wp-json\/wp\/v2\/media\/14324"}],"wp:attachment":[{"href":"https:\/\/store.handsomecake.com\/en\/wp-json\/wp\/v2\/media?parent=14307"}],"wp:term":[{"taxonomy":"product_brand","embeddable":true,"href":"https:\/\/store.handsomecake.com\/en\/wp-json\/wp\/v2\/product_brand?post=14307"},{"taxonomy":"product_cat","embeddable":true,"href":"https:\/\/store.handsomecake.com\/en\/wp-json\/wp\/v2\/product_cat?post=14307"},{"taxonomy":"product_tag","embeddable":true,"href":"https:\/\/store.handsomecake.com\/en\/wp-json\/wp\/v2\/product_tag?post=14307"}],"curies":[{"name":"wp","href":"https:\/\/api.w.org\/{rel}","templated":true}]}}