{"id":1427,"date":"2020-11-03T00:29:18","date_gmt":"2020-11-03T00:29:18","guid":{"rendered":"https:\/\/store.handsomecake.com\/product\/league-of-legends-irelia-14-resin-statue-vom-infinity-studio\/"},"modified":"2024-06-12T14:32:23","modified_gmt":"2024-06-12T14:32:23","slug":"league-of-legends-irelia-14-resin-statue-vom-infinity-studio","status":"publish","type":"product","link":"https:\/\/store.handsomecake.com\/en\/product\/league-of-legends-irelia-14-resin-statue-vom-infinity-studio\/","title":{"rendered":"League of Legends &#8211; Irelia | 1:4 Resin Statue | vom INFINITY Studio"},"content":{"rendered":"<p>League of Legends &#8211; Irelia The Blade Dancer &#8218; 1:4 Resin Statue &#8218; vom INFINITY Studio<\/p>\n<p>I do ship EU-wide, please contact me, should questions arise.<br \/>\nEU shipping costs are more an estimate and will be recalculated (and you will receive a refund, if shippings costs turn out to be lower in the end).<br \/>\nExample &#8211; some statues are stated as 58cm width. Until they arrive we can&#8217;t guarantee if its the width WITH packaging or without. If it&#8217;s WITH, we fit under the 60cm rule and if the weight is under 31.5kg as well, shipping will be as low as 43.86\u20ac (current DHL price), if the statue is over 60cm with packaging, we will need to engage a hauling company&#8230;<\/p>\n<p>Tolle Statue der Klingenmeisterin<\/p>\n<p>Wunderbar verarbeitete und sehr detaillierte Irelia Statue aus Polystone &#8211; k\u00fcnstlichem Stein-Harz-Gemisch. Die Statue wurde bereits released und ist auf dem Weg vom Studio direkt in unser Warenlager!<\/p>\n<p>Besonderheiten:<\/p>\n<ul>\n<li>keine<\/li>\n<\/ul>\n<p>Release-Status:<\/p>\n<ul>\n<li>PreOrder, voraussichtlicher Release Q3 2021. Bei uns im Lager sch\u00e4tzungsweise Ende Oktober 2021.<\/li>\n<\/ul>\n<p>Wie immer bei meinen Aktionen &#8211; s\u00e4mtliche Geb\u00fchren sind, im Gegensatz zu anderen Angeboten, bereits inkludiert. Versand erfolgt ausschlie\u00dflich aus Deutschland, es fallen keine Zoll- und Importgeb\u00fchren an. Ihr kauft keine Katze im Sack \ud83d\ude42<\/p>\n<p>Preis-Hinweis:<br \/>\nSolltet ihr die Statue direkt \u00fcber unseren Online-Shop (einfach den Benutzernamen googeln) kaufen, so erhaltet ihr auf jeden Fall die Tiefstpreisgarantie &#8211; sollte beispielsweise der Versand, Zoll oder die Einfuhrumsatzsteuer am Ende, also wenn die Statue bei uns im Warenlager angekommen ist, geringer ausfallen, so leiten wir die Preisreduzierung 1:1 an euch weiter! Der Catfish Arthas war z.b. urspr\u00fcnglich f\u00fcr 1850\u20ac drin, Endpreis war 1569\u20ac.<\/p>\n<p>Ma\u00dfe der Statue:<br \/>\nGr\u00f6\u00dfe: ca. 63cm x 42cm x 36cm<br \/>\nGewicht: 19.2 kg<\/p>\n<p>You are not prepared! \ud83d\ude42<\/p>","protected":false},"excerpt":{"rendered":"<p>League of Legends &#8211; Irelia The Blade Dancer &#8218; 1:4 Resin Statue &#8218; vom INFINITY Studio I do ship EU-wide, please contact me, should questions arise. EU shipping costs are more an estimate and will be recalculated (and you will receive a refund, if shippings costs turn out to be lower in the end). Example [&hellip;]<\/p>\n","protected":false},"featured_media":1428,"comment_status":"closed","ping_status":"closed","template":"","meta":[],"product_brand":[],"product_cat":[389,81],"product_tag":[147,251,390,392,391,395,394,393,154,136,137,379,381,380,382],"class_list":{"0":"post-1427","1":"product","2":"type-product","3":"status-publish","4":"has-post-thumbnail","6":"product_cat-league-of-legends","7":"product_cat-statuen-computerspieluniversum","8":"product_tag-collectibles","9":"product_tag-collectibles-kaufen","10":"product_tag-league-of-legends","11":"product_tag-league-of-legends-collectibles","12":"product_tag-league-of-legends-irelia","13":"product_tag-league-of-legends-irelia-collectible","14":"product_tag-league-of-legends-statuen","15":"product_tag-league-of-legends-statues","16":"product_tag-resin-collectibles","17":"product_tag-resin-statuen","18":"product_tag-resin-statuen-kaufen","19":"product_tag-statue-collectible","20":"product_tag-statue-collectibles","21":"product_tag-statues-collectible","22":"product_tag-statues-collectibles","23":"pa_brand-infinity-studio","24":"pa_scale-1_to_4","26":"first","27":"outofstock","28":"product-type-simple"},"_links":{"self":[{"href":"https:\/\/store.handsomecake.com\/en\/wp-json\/wp\/v2\/product\/1427","targetHints":{"allow":["GET"]}}],"collection":[{"href":"https:\/\/store.handsomecake.com\/en\/wp-json\/wp\/v2\/product"}],"about":[{"href":"https:\/\/store.handsomecake.com\/en\/wp-json\/wp\/v2\/types\/product"}],"replies":[{"embeddable":true,"href":"https:\/\/store.handsomecake.com\/en\/wp-json\/wp\/v2\/comments?post=1427"}],"wp:featuredmedia":[{"embeddable":true,"href":"https:\/\/store.handsomecake.com\/en\/wp-json\/wp\/v2\/media\/1428"}],"wp:attachment":[{"href":"https:\/\/store.handsomecake.com\/en\/wp-json\/wp\/v2\/media?parent=1427"}],"wp:term":[{"taxonomy":"product_brand","embeddable":true,"href":"https:\/\/store.handsomecake.com\/en\/wp-json\/wp\/v2\/product_brand?post=1427"},{"taxonomy":"product_cat","embeddable":true,"href":"https:\/\/store.handsomecake.com\/en\/wp-json\/wp\/v2\/product_cat?post=1427"},{"taxonomy":"product_tag","embeddable":true,"href":"https:\/\/store.handsomecake.com\/en\/wp-json\/wp\/v2\/product_tag?post=1427"}],"curies":[{"name":"wp","href":"https:\/\/api.w.org\/{rel}","templated":true}]}}