{"id":14252,"date":"2022-08-07T19:19:06","date_gmt":"2022-08-07T19:19:06","guid":{"rendered":"https:\/\/store.handsomecake.com\/product\/dragon-ball-son-goku-vegeta-14-resin-statue-von-temple-studio\/"},"modified":"2024-06-12T15:24:35","modified_gmt":"2024-06-12T15:24:35","slug":"dragon-ball-son-goku-vegeta-14-resin-statue-von-temple-studio","status":"publish","type":"product","link":"https:\/\/store.handsomecake.com\/en\/product\/dragon-ball-son-goku-vegeta-14-resin-statue-von-temple-studio\/","title":{"rendered":"Dragon Ball &#8211; Son Goku &amp; Vegeta | 1:4 Resin Statue | von Temple Studio"},"content":{"rendered":"<p>Dragon Ball &#8211; Son Goku &amp; Vegeta | 1:4 Resin Statue | von Temple Studio<\/p>\n<p>EU Taxfree! I do ship EU-wide, please contact me, should questions arise.<\/p>\n<p>Tolle Statue von zwei Saiyajin &#8211; Son Goku und Vegeta<br \/>\nWunderbar verarbeitete und sehr detaillierte Goku &amp; Vegeta Statue aus Polystone &#8211; k\u00fcnstlichem Stein-Harz-Gemisch.<\/p>\n<p><strong>Besonderheiten:<\/strong><\/p>\n<ul>\n<li>EX Variante (Goku + Vegeta)<\/li>\n<li>weltweit auf 120 St\u00fcck begrenzt<\/li>\n<li>Goku und Vegeta separat auch erh\u00e4ltlich<\/li>\n<\/ul>\n<p><strong>Release-Status:<\/strong><\/p>\n<ul>\n<li>Preorder. Release sch\u00e4tzungsweise Q3 2023, wir erwarten die Statue voraussichtlich Ende Oktober 2023 bei uns im Lager.<\/li>\n<\/ul>\n<p>Wie immer bei meinen Aktionen &#8211; s\u00e4mtliche Geb\u00fchren sind, im Gegensatz zu anderen Angeboten, bereits inkludiert. Versand erfolgt ausschlie\u00dflich aus Deutschland, es fallen keine Zoll- und Importgeb\u00fchren an. Ihr kauft keine Katze im Sack \ud83d\ude42<\/p>\n<p><strong>Ma\u00dfe der Statue:<\/strong><\/p>\n<ul>\n<li>Gr\u00f6\u00dfe: Goku H:57cm W: 30cm D:30cm<\/li>\n<\/ul>\n<p>Vegeta H:54cm W: 27cm D:25cm<\/p>\n<ul>\n<li>Gewicht: TBA, ca.20 kg (gesch\u00e4tzt)<\/li>\n<\/ul>\n<p>You are not prepared! \ud83d\ude42<\/p>","protected":false},"excerpt":{"rendered":"<p>Dragon Ball &#8211; Son Goku &amp; Vegeta | 1:4 Resin Statue | von Temple Studio EU Taxfree! I do ship EU-wide, please contact me, should questions arise. Tolle Statue von zwei Saiyajin &#8211; Son Goku und Vegeta Wunderbar verarbeitete und sehr detaillierte Goku &amp; Vegeta Statue aus Polystone &#8211; k\u00fcnstlichem Stein-Harz-Gemisch. Besonderheiten: EX Variante (Goku [&hellip;]<\/p>\n","protected":false},"featured_media":14277,"comment_status":"closed","ping_status":"closed","template":"","meta":[],"product_brand":[],"product_cat":[24,87,568,84],"product_tag":[147,251,190,471,191,171,346,97,98,674,469,470,154,136,137,1273,472,379,381,380,382,96,675,95],"class_list":{"0":"post-14252","1":"product","2":"type-product","3":"status-publish","4":"has-post-thumbnail","6":"product_cat-action-figuren","7":"product_cat-dragon-ball","8":"product_cat-preorder","9":"product_cat-statuen-anime-comic-universum","10":"product_tag-collectibles","11":"product_tag-collectibles-kaufen","12":"product_tag-dragon-ball-collectibles","13":"product_tag-dragon-ball-lifesize","14":"product_tag-dragon-ball-resin","15":"product_tag-dragon-ball-son-goku","16":"product_tag-dragon-ball-son-goku-collectible","17":"product_tag-dragon-ball-statue","18":"product_tag-dragon-ball-vegeta","19":"product_tag-dragon-ball-z-vegeta","20":"product_tag-lifesize-collectibles","21":"product_tag-lifesize-statuen","22":"product_tag-resin-collectibles","23":"product_tag-resin-statuen","24":"product_tag-resin-statuen-kaufen","25":"product_tag-resincollectors","26":"product_tag-son-goku-statue","27":"product_tag-statue-collectible","28":"product_tag-statue-collectibles","29":"product_tag-statues-collectible","30":"product_tag-statues-collectibles","31":"product_tag-vegeta","32":"product_tag-vegeta-collectible","33":"product_tag-vegeta-statue","34":"pa_brand-temple-studio","35":"pa_scale-1_to_4","37":"first","38":"instock","39":"taxable","40":"shipping-taxable","41":"product-type-variable"},"_links":{"self":[{"href":"https:\/\/store.handsomecake.com\/en\/wp-json\/wp\/v2\/product\/14252","targetHints":{"allow":["GET"]}}],"collection":[{"href":"https:\/\/store.handsomecake.com\/en\/wp-json\/wp\/v2\/product"}],"about":[{"href":"https:\/\/store.handsomecake.com\/en\/wp-json\/wp\/v2\/types\/product"}],"replies":[{"embeddable":true,"href":"https:\/\/store.handsomecake.com\/en\/wp-json\/wp\/v2\/comments?post=14252"}],"wp:featuredmedia":[{"embeddable":true,"href":"https:\/\/store.handsomecake.com\/en\/wp-json\/wp\/v2\/media\/14277"}],"wp:attachment":[{"href":"https:\/\/store.handsomecake.com\/en\/wp-json\/wp\/v2\/media?parent=14252"}],"wp:term":[{"taxonomy":"product_brand","embeddable":true,"href":"https:\/\/store.handsomecake.com\/en\/wp-json\/wp\/v2\/product_brand?post=14252"},{"taxonomy":"product_cat","embeddable":true,"href":"https:\/\/store.handsomecake.com\/en\/wp-json\/wp\/v2\/product_cat?post=14252"},{"taxonomy":"product_tag","embeddable":true,"href":"https:\/\/store.handsomecake.com\/en\/wp-json\/wp\/v2\/product_tag?post=14252"}],"curies":[{"name":"wp","href":"https:\/\/api.w.org\/{rel}","templated":true}]}}