{"id":14243,"date":"2022-08-07T19:15:54","date_gmt":"2022-08-07T19:15:54","guid":{"rendered":"https:\/\/store.handsomecake.com\/product\/elden-ring-melina-14-resin-statue-von-mf-studio\/"},"modified":"2025-08-31T23:27:57","modified_gmt":"2025-08-31T23:27:57","slug":"elden-ring-melina-14-resin-statue-von-mf-studio","status":"publish","type":"product","link":"https:\/\/store.handsomecake.com\/en\/product\/elden-ring-melina-14-resin-statue-von-mf-studio\/","title":{"rendered":"Elden Ring &#8211; Melina | 1:4 Resin Statue | von MF. Studio"},"content":{"rendered":"<p>Elden Ring &#8211; Melina | 1:4 Resin Statue | von MF. Studio<\/p>\n<p>EU Taxfree! I do ship EU-wide, please contact me, should questions arise.<\/p>\n<p>Tolle Statue einer der zentralen Figuren aus Elden Ring<br \/>\n<strong><em>&#8222;I can play the role of maiden. Turning rune fragments into strength. To aid you in your search for the Elden Ring. You need only take me with you.&#8220;<\/em><\/strong><br \/>\nWunderbar verarbeitete und sehr detaillierte Melina Statue aus Polystone &#8211; k\u00fcnstlichem Stein-Harz-Gemisch.<\/p>\n<p><strong>Besonderheiten:<\/strong><\/p>\n<ul>\n<li>EX Variante (2 austauschbare K\u00f6pfe + austauschbarer K\u00f6rper + austauschbarer Oberk\u00f6rper +austauschbare Hand + Karte)<\/li>\n<li>weltweit auf 188 St\u00fcck begrenzt<\/li>\n<li>Regular Version auch verf\u00fcgbar<\/li>\n<\/ul>\n<p><strong>Release-Status:<\/strong><\/p>\n<ul>\n<li>Preorder. Voraussichtlicher Release-Termin: Ende Q3 2023, voraussichtlich bei uns im Lager: Oktober 2023<\/li>\n<\/ul>\n<p>Wie immer bei meinen Aktionen &#8211; s\u00e4mtliche Geb\u00fchren sind, im Gegensatz zu anderen Angeboten, bereits inkludiert. Versand erfolgt ausschlie\u00dflich aus Deutschland, es fallen keine Zoll- und Importgeb\u00fchren an. Ihr kauft keine Katze im Sack \ud83d\ude42<\/p>\n<p><strong>Ma\u00dfe der Statue:<\/strong><\/p>\n<ul>\n<li>Gr\u00f6\u00dfe: ca. 58cm x 28cm x 25cm<\/li>\n<li>Gewicht: TBA, ca. 10 kg (gesch\u00e4tzt)<\/li>\n<\/ul>\n<p>You are not prepared! \ud83d\ude42<\/p>","protected":false},"excerpt":{"rendered":"<p>Elden Ring &#8211; Melina | 1:4 Resin Statue | von MF. Studio EU Taxfree! I do ship EU-wide, please contact me, should questions arise. Tolle Statue einer der zentralen Figuren aus Elden Ring &#8222;I can play the role of maiden. Turning rune fragments into strength. To aid you in your search for the Elden Ring. [&hellip;]<\/p>\n","protected":false},"featured_media":14276,"comment_status":"closed","ping_status":"closed","template":"","meta":[],"product_brand":[],"product_cat":[24,568,81],"product_tag":[658,147,251,1332,1329,2489,1330,1331,2490,1333,795,1815,1816,1818,1817,154,136,137,379,381,665,380,382,718],"class_list":{"0":"post-14243","1":"product","2":"type-product","3":"status-publish","4":"has-post-thumbnail","6":"product_cat-action-figuren","7":"product_cat-preorder","8":"product_cat-statuen-computerspieluniversum","9":"product_tag-anime-toys","10":"product_tag-collectibles","11":"product_tag-collectibles-kaufen","12":"product_tag-elden-ring","13":"product_tag-elden-ring-collectibles","14":"product_tag-elden-ring-figur","15":"product_tag-elden-ring-resin","16":"product_tag-elden-ring-resin-statue","17":"product_tag-elden-ring-statue","18":"product_tag-elden-ring-statuen","19":"product_tag-handsomecake","20":"product_tag-melina","21":"product_tag-melina-collectible","22":"product_tag-melina-elden-ring","23":"product_tag-melina-statue","24":"product_tag-resin-collectibles","25":"product_tag-resin-statuen","26":"product_tag-resin-statuen-kaufen","27":"product_tag-statue-collectible","28":"product_tag-statue-collectibles","29":"product_tag-statuen-shop","30":"product_tag-statues-collectible","31":"product_tag-statues-collectibles","32":"product_tag-toys","33":"pa_brand-mf-studio-2","35":"first","36":"instock","37":"taxable","38":"shipping-taxable","39":"product-type-variable"},"_links":{"self":[{"href":"https:\/\/store.handsomecake.com\/en\/wp-json\/wp\/v2\/product\/14243","targetHints":{"allow":["GET"]}}],"collection":[{"href":"https:\/\/store.handsomecake.com\/en\/wp-json\/wp\/v2\/product"}],"about":[{"href":"https:\/\/store.handsomecake.com\/en\/wp-json\/wp\/v2\/types\/product"}],"replies":[{"embeddable":true,"href":"https:\/\/store.handsomecake.com\/en\/wp-json\/wp\/v2\/comments?post=14243"}],"wp:featuredmedia":[{"embeddable":true,"href":"https:\/\/store.handsomecake.com\/en\/wp-json\/wp\/v2\/media\/14276"}],"wp:attachment":[{"href":"https:\/\/store.handsomecake.com\/en\/wp-json\/wp\/v2\/media?parent=14243"}],"wp:term":[{"taxonomy":"product_brand","embeddable":true,"href":"https:\/\/store.handsomecake.com\/en\/wp-json\/wp\/v2\/product_brand?post=14243"},{"taxonomy":"product_cat","embeddable":true,"href":"https:\/\/store.handsomecake.com\/en\/wp-json\/wp\/v2\/product_cat?post=14243"},{"taxonomy":"product_tag","embeddable":true,"href":"https:\/\/store.handsomecake.com\/en\/wp-json\/wp\/v2\/product_tag?post=14243"}],"curies":[{"name":"wp","href":"https:\/\/api.w.org\/{rel}","templated":true}]}}