{"id":1420,"date":"2020-11-03T00:28:54","date_gmt":"2020-11-03T00:28:54","guid":{"rendered":"https:\/\/store.handsomecake.com\/product\/dragon-ball-z-son-gohan-ssj2-14-resin-statue-vom-yoyo-studio\/"},"modified":"2025-04-09T00:25:18","modified_gmt":"2025-04-09T00:25:18","slug":"dragon-ball-z-son-gohan-ssj2-14-resin-statue-vom-yoyo-studio","status":"publish","type":"product","link":"https:\/\/store.handsomecake.com\/en\/product\/dragon-ball-z-son-gohan-ssj2-14-resin-statue-vom-yoyo-studio\/","title":{"rendered":"Dragon Ball Z &#8211; Son Gohan SSJ2 | 1:4 Resin Statue | vom YOYO Studio"},"content":{"rendered":"<p>Dragon Ball Z &#8211; Son Gohan SSJ2 &#8218; 1:4 Resin Statue &#8218; vom YOYO Studio<br \/>\nI do ship EU-wide, please contact me, should questions arise.<\/p>\n<p>Tolle Statue von Gokus Sohn<br \/>\nWunderbar verarbeitete und sehr detaillierte Gohan Statue aus Polystone &#8211; k\u00fcnstlichem Stein-Harz-Gemisch. Unglaubliche variabel, was die einzelnen K\u00f6rperteile angeht.<\/p>\n<p>Besonderheiten:<\/p>\n<ul>\n<li>2 austauschbare Kopfsets<\/li>\n<li>2 austauschbare Oberk\u00f6rper (+1 extra Sockel f\u00fcr den freien Oberk\u00f6rper)<\/li>\n<li>3 austauschbare rechte H\u00e4nde<\/li>\n<li>2 linke H\u00e4nde<\/li>\n<li>1 Hand, die den Umhang h\u00e4lt<\/li>\n<li>Umhang<\/li>\n<\/ul>\n<p>Release-Status:<\/p>\n<ul>\n<li>In Stock<\/li>\n<\/ul>\n<p>Wie immer bei meinen Artikeln &#8211; s\u00e4mtliche Geb\u00fchren sind, im Gegensatz zu anderen Angeboten, bereits inkludiert. Versand erfolgt ausschlie\u00dflich aus Deutschland, es fallen keine Zoll- und Importgeb\u00fchren an. Ihr kauft keine Katze im Sack \ud83d\ude42<\/p>\n<p>Ma\u00dfe der Statue:<br \/>\nGr\u00f6\u00dfe: ca. 65cm x 47cm x 38cm<br \/>\nGewicht: 18.2 kg<\/p>\n<p>You are not prepared! \ud83d\ude42<\/p>","protected":false},"excerpt":{"rendered":"<p>Dragon Ball Z &#8211; Son Gohan SSJ2 &#8218; 1:4 Resin Statue &#8218; vom YOYO Studio I do ship EU-wide, please contact me, should questions arise. Tolle Statue von Gokus Sohn Wunderbar verarbeitete und sehr detaillierte Gohan Statue aus Polystone &#8211; k\u00fcnstlichem Stein-Harz-Gemisch. Unglaubliche variabel, was die einzelnen K\u00f6rperteile angeht. Besonderheiten: 2 austauschbare Kopfsets 2 austauschbare [&hellip;]<\/p>\n","protected":false},"featured_media":1421,"comment_status":"closed","ping_status":"closed","template":"","meta":[],"product_brand":[],"product_cat":[87,826,84,567],"product_tag":[147,251,190,191,171,97,386,154,136,137,388,387,379,381,380,382],"class_list":{"0":"post-1420","1":"product","2":"type-product","3":"status-publish","4":"has-post-thumbnail","6":"product_cat-dragon-ball","7":"product_cat-lagernd-vor-ort","8":"product_cat-statuen-anime-comic-universum","9":"product_cat-in_stock_warehouse_china","10":"product_tag-collectibles","11":"product_tag-collectibles-kaufen","12":"product_tag-dragon-ball-collectibles","13":"product_tag-dragon-ball-resin","14":"product_tag-dragon-ball-son-goku","15":"product_tag-dragon-ball-statue","16":"product_tag-dragon-ball-z-son-gohan","17":"product_tag-resin-collectibles","18":"product_tag-resin-statuen","19":"product_tag-resin-statuen-kaufen","20":"product_tag-son-gohan-collectible","21":"product_tag-son-gohan-statue","22":"product_tag-statue-collectible","23":"product_tag-statue-collectibles","24":"product_tag-statues-collectible","25":"product_tag-statues-collectibles","26":"pa_brand-yoyo-studio","27":"pa_scale-1_to_4","29":"first","30":"instock","31":"taxable","32":"shipping-taxable","33":"product-type-simple"},"_links":{"self":[{"href":"https:\/\/store.handsomecake.com\/en\/wp-json\/wp\/v2\/product\/1420","targetHints":{"allow":["GET"]}}],"collection":[{"href":"https:\/\/store.handsomecake.com\/en\/wp-json\/wp\/v2\/product"}],"about":[{"href":"https:\/\/store.handsomecake.com\/en\/wp-json\/wp\/v2\/types\/product"}],"replies":[{"embeddable":true,"href":"https:\/\/store.handsomecake.com\/en\/wp-json\/wp\/v2\/comments?post=1420"}],"wp:featuredmedia":[{"embeddable":true,"href":"https:\/\/store.handsomecake.com\/en\/wp-json\/wp\/v2\/media\/1421"}],"wp:attachment":[{"href":"https:\/\/store.handsomecake.com\/en\/wp-json\/wp\/v2\/media?parent=1420"}],"wp:term":[{"taxonomy":"product_brand","embeddable":true,"href":"https:\/\/store.handsomecake.com\/en\/wp-json\/wp\/v2\/product_brand?post=1420"},{"taxonomy":"product_cat","embeddable":true,"href":"https:\/\/store.handsomecake.com\/en\/wp-json\/wp\/v2\/product_cat?post=1420"},{"taxonomy":"product_tag","embeddable":true,"href":"https:\/\/store.handsomecake.com\/en\/wp-json\/wp\/v2\/product_tag?post=1420"}],"curies":[{"name":"wp","href":"https:\/\/api.w.org\/{rel}","templated":true}]}}