{"id":14068,"date":"2022-07-29T19:45:40","date_gmt":"2022-07-29T19:45:40","guid":{"rendered":"https:\/\/store.handsomecake.com\/product\/elden-ring-malenia-14-resin-statue-von-coolbear-studio\/"},"modified":"2025-04-09T00:26:43","modified_gmt":"2025-04-09T00:26:43","slug":"elden-ring-malenia-14-resin-statue-von-coolbear-studio","status":"publish","type":"product","link":"https:\/\/store.handsomecake.com\/en\/product\/elden-ring-malenia-14-resin-statue-von-coolbear-studio\/","title":{"rendered":"Elden Ring &#8211; Malenia | 1:4 Resin Statue | von Coolbear Studio"},"content":{"rendered":"<p>Elden Ring &#8211; Malenia &#8218; 1:4 Resin Statue &#8218; von Coolbear Studio<br \/>\nEU Taxfree! I do ship EU-wide, please contact me, should questions arise.<\/p>\n<p>Tolle Statue von einem der schwersten Bosse in Elden Ring<\/p>\n<p>&#8222;&#8230;Heed my words. I am Malenia. Blade of Miquella. And I have never known defeat.&#8220;<\/p>\n<p>Wunderbar verarbeitete und sehr detaillierte Malenia Statue aus Polystone &#8211; k\u00fcnstlichem Stein-Harz-Gemisch.<\/p>\n<p><strong>Besonderheiten:<\/strong><\/p>\n<ul>\n<li>Weltweit auf 188 St\u00fcck begrenzt<\/li>\n<li>es kann zwischen &#8222;revealing&#8220; R\u00fcstung und der normalen R\u00fcstung gew\u00e4hlt werden (bitte bei der Bestellung als Kommentar angeben)<\/li>\n<li>beide Versionen haben den &#8222;Additional Pack&#8220; bereits inklusive, sprich ihr bekommt bei jeder Version einen zweiten Kopf, einen nackten K\u00f6rper und einen zweiten einfachen Sockel<\/li>\n<\/ul>\n<p><strong>Release-Status:<\/strong><\/p>\n<ul>\n<li>Preorder. Voraussichtlicher Release-Termin: Ende Q1 2023, voraussichtlich bei uns im Lager: Mai 2023<\/li>\n<\/ul>\n<p>Wie immer bei meinen Aktionen &#8211; s\u00e4mtliche Geb\u00fchren sind, im Gegensatz zu anderen Angeboten, bereits inkludiert. Versand erfolgt ausschlie\u00dflich aus Deutschland, es fallen keine Zoll- und Importgeb\u00fchren an. Ihr kauft keine Katze im Sack \ud83d\ude42<\/p>\n<p>Ma\u00dfe der Statue:<\/p>\n<ul>\n<li>Gr\u00f6\u00dfe: ca. 68cm x 50cm x 47cm<\/li>\n<li>Gewicht: ca. 12 kg (gesch\u00e4tzt)<\/li>\n<\/ul>\n<p>You are not prepared! \ud83d\ude42<\/p>","protected":false},"excerpt":{"rendered":"<p>Elden Ring &#8211; Malenia &#8218; 1:4 Resin Statue &#8218; von Coolbear Studio EU Taxfree! I do ship EU-wide, please contact me, should questions arise. Tolle Statue von einem der schwersten Bosse in Elden Ring &#8222;&#8230;Heed my words. I am Malenia. Blade of Miquella. And I have never known defeat.&#8220; Wunderbar verarbeitete und sehr detaillierte Malenia [&hellip;]<\/p>\n","protected":false},"featured_media":14069,"comment_status":"closed","ping_status":"closed","template":"","meta":[],"product_brand":[],"product_cat":[1775,568,81],"product_tag":[658,147,251,1332,1329,2489,1330,1331,2490,1333,795,1777,1778,1779,154,136,137,379,381,665,380,382,718],"class_list":{"0":"post-14068","1":"product","2":"type-product","3":"status-publish","4":"has-post-thumbnail","6":"product_cat-elden-ring","7":"product_cat-preorder","8":"product_cat-statuen-computerspieluniversum","9":"product_tag-anime-toys","10":"product_tag-collectibles","11":"product_tag-collectibles-kaufen","12":"product_tag-elden-ring","13":"product_tag-elden-ring-collectibles","14":"product_tag-elden-ring-figur","15":"product_tag-elden-ring-resin","16":"product_tag-elden-ring-resin-statue","17":"product_tag-elden-ring-statue","18":"product_tag-elden-ring-statuen","19":"product_tag-handsomecake","20":"product_tag-malenia","21":"product_tag-malenia-collectible","22":"product_tag-malenia-statue","23":"product_tag-resin-collectibles","24":"product_tag-resin-statuen","25":"product_tag-resin-statuen-kaufen","26":"product_tag-statue-collectible","27":"product_tag-statue-collectibles","28":"product_tag-statuen-shop","29":"product_tag-statues-collectible","30":"product_tag-statues-collectibles","31":"product_tag-toys","32":"pa_brand-coolbear-studio","33":"pa_scale-1_to_4","35":"first","36":"instock","37":"taxable","38":"shipping-taxable","39":"product-type-variable"},"_links":{"self":[{"href":"https:\/\/store.handsomecake.com\/en\/wp-json\/wp\/v2\/product\/14068","targetHints":{"allow":["GET"]}}],"collection":[{"href":"https:\/\/store.handsomecake.com\/en\/wp-json\/wp\/v2\/product"}],"about":[{"href":"https:\/\/store.handsomecake.com\/en\/wp-json\/wp\/v2\/types\/product"}],"replies":[{"embeddable":true,"href":"https:\/\/store.handsomecake.com\/en\/wp-json\/wp\/v2\/comments?post=14068"}],"wp:featuredmedia":[{"embeddable":true,"href":"https:\/\/store.handsomecake.com\/en\/wp-json\/wp\/v2\/media\/14069"}],"wp:attachment":[{"href":"https:\/\/store.handsomecake.com\/en\/wp-json\/wp\/v2\/media?parent=14068"}],"wp:term":[{"taxonomy":"product_brand","embeddable":true,"href":"https:\/\/store.handsomecake.com\/en\/wp-json\/wp\/v2\/product_brand?post=14068"},{"taxonomy":"product_cat","embeddable":true,"href":"https:\/\/store.handsomecake.com\/en\/wp-json\/wp\/v2\/product_cat?post=14068"},{"taxonomy":"product_tag","embeddable":true,"href":"https:\/\/store.handsomecake.com\/en\/wp-json\/wp\/v2\/product_tag?post=14068"}],"curies":[{"name":"wp","href":"https:\/\/api.w.org\/{rel}","templated":true}]}}