{"id":14023,"date":"2022-07-29T01:17:37","date_gmt":"2022-07-29T01:17:37","guid":{"rendered":"https:\/\/store.handsomecake.com\/product\/pokemon-charmeleon-mega-charizard-xy-16-resin-statue-von-gene-studio\/"},"modified":"2024-06-12T15:23:21","modified_gmt":"2024-06-12T15:23:21","slug":"pokemon-charmeleon-mega-charizard-xy-16-resin-statue-von-gene-studio","status":"publish","type":"product","link":"https:\/\/store.handsomecake.com\/en\/product\/pokemon-charmeleon-mega-charizard-xy-16-resin-statue-von-gene-studio\/","title":{"rendered":"Pok\u00e9mon &#8211; Charmeleon &amp; Mega Charizard X&amp;Y | 1:6 Resin Statue | von Gene Studio"},"content":{"rendered":"<p>Pok\u00e9mon &#8211; Charmeleon &amp; Mega Charizard X&amp;Y | 1:6 Resin Statue | von Gene Studio<\/p>\n<p>I do ship EU-wide, please contact me, should questions arise.<\/p>\n<p>Tolle Pok\u00e9mon Statue<br \/>\nWunderbar verarbeitete und sehr detaillierte Charmeleon &amp; Mega Charizard X &amp; Mega Charizard Y Statue aus Polystone &#8211; k\u00fcnstlichem Stein-Harz-Gemisch.<\/p>\n<p><strong>Besonderheiten:<\/strong><\/p>\n<ul>\n<li>188 St\u00fcck weltweit<\/li>\n<\/ul>\n<p><strong>Release-Status:<\/strong><\/p>\n<ul>\n<li>Preorder. Statue wird sch\u00e4tzungsweise am Ende Q2 2023 fertiggestellt und wir erwarten sie bei uns im Lager gegen Ende August 2023.<\/li>\n<\/ul>\n<p>Wie immer bei meinen Aktionen &#8211; s\u00e4mtliche Geb\u00fchren sind, im Gegensatz zu anderen Angeboten, bereits inkludiert. Versand erfolgt ausschlie\u00dflich aus Deutschland, es fallen keine Zoll- und Importgeb\u00fchren an. Ihr kauft keine Katze im Sack \ud83d\ude42<\/p>\n<p><strong>Ma\u00dfe der Statue:<\/strong><\/p>\n<ul>\n<li>Gr\u00f6\u00dfe: ca. H40cm x W30cm x D20cm<\/li>\n<li>Gewicht: TBA, gesch\u00e4tzt: ca. 8kg<\/li>\n<\/ul>\n<p>You are not prepared! \ud83d\ude42<\/p>","protected":false},"excerpt":{"rendered":"<p>Pok\u00e9mon &#8211; Charmeleon &amp; Mega Charizard X&amp;Y | 1:6 Resin Statue | von Gene Studio I do ship EU-wide, please contact me, should questions arise. Tolle Pok\u00e9mon Statue Wunderbar verarbeitete und sehr detaillierte Charmeleon &amp; Mega Charizard X &amp; Mega Charizard Y Statue aus Polystone &#8211; k\u00fcnstlichem Stein-Harz-Gemisch. Besonderheiten: 188 St\u00fcck weltweit Release-Status: Preorder. Statue [&hellip;]<\/p>\n","protected":false},"featured_media":14034,"comment_status":"closed","ping_status":"closed","template":"","meta":[],"product_brand":[],"product_cat":[24,125,568,84],"product_tag":[],"class_list":{"0":"post-14023","1":"product","2":"type-product","3":"status-publish","4":"has-post-thumbnail","6":"product_cat-action-figuren","7":"product_cat-pokemon","8":"product_cat-preorder","9":"product_cat-statuen-anime-comic-universum","10":"pa_brand-gene-studio","11":"pa_scale-1_to_6","13":"first","14":"instock","15":"taxable","16":"shipping-taxable","17":"product-type-variable"},"_links":{"self":[{"href":"https:\/\/store.handsomecake.com\/en\/wp-json\/wp\/v2\/product\/14023","targetHints":{"allow":["GET"]}}],"collection":[{"href":"https:\/\/store.handsomecake.com\/en\/wp-json\/wp\/v2\/product"}],"about":[{"href":"https:\/\/store.handsomecake.com\/en\/wp-json\/wp\/v2\/types\/product"}],"replies":[{"embeddable":true,"href":"https:\/\/store.handsomecake.com\/en\/wp-json\/wp\/v2\/comments?post=14023"}],"wp:featuredmedia":[{"embeddable":true,"href":"https:\/\/store.handsomecake.com\/en\/wp-json\/wp\/v2\/media\/14034"}],"wp:attachment":[{"href":"https:\/\/store.handsomecake.com\/en\/wp-json\/wp\/v2\/media?parent=14023"}],"wp:term":[{"taxonomy":"product_brand","embeddable":true,"href":"https:\/\/store.handsomecake.com\/en\/wp-json\/wp\/v2\/product_brand?post=14023"},{"taxonomy":"product_cat","embeddable":true,"href":"https:\/\/store.handsomecake.com\/en\/wp-json\/wp\/v2\/product_cat?post=14023"},{"taxonomy":"product_tag","embeddable":true,"href":"https:\/\/store.handsomecake.com\/en\/wp-json\/wp\/v2\/product_tag?post=14023"}],"curies":[{"name":"wp","href":"https:\/\/api.w.org\/{rel}","templated":true}]}}