{"id":13973,"date":"2022-07-29T01:11:04","date_gmt":"2022-07-29T01:11:04","guid":{"rendered":"https:\/\/store.handsomecake.com\/product\/tokyo-revengers-draken-16-resin-statue-von-jr-studio\/"},"modified":"2024-06-12T15:23:47","modified_gmt":"2024-06-12T15:23:47","slug":"tokyo-revengers-draken-16-resin-statue-von-jr-studio","status":"publish","type":"product","link":"https:\/\/store.handsomecake.com\/en\/product\/tokyo-revengers-draken-16-resin-statue-von-jr-studio\/","title":{"rendered":"Tokyo Revengers &#8211; Draken | 1:6 Resin Statue | von JR Studio"},"content":{"rendered":"<p>Tokyo Revengers &#8211; Draken | 1:6 Resin Statue | von JR Studio<\/p>\n<p>I do ship EU-wide, please contact me, should questions arise.<\/p>\n<p>Tolle Statue von Ken Ryuguji<br \/>\nWunderbar verarbeitete und sehr detaillierte Draken Statue aus Polystone &#8211; k\u00fcnstlichem Stein-Harz-Gemisch.<\/p>\n<p><strong>Besonderheiten:<\/strong><\/p>\n<ul>\n<li>keine<\/li>\n<\/ul>\n<p><strong>Release-Status:<\/strong><\/p>\n<ul>\n<li>Preorder. Statue wird voraussichtlich in Q1 2023 released und wir erwarten sie sch\u00e4tzungsweise Ende Mai 2023 bei uns im Warenlager.<\/li>\n<\/ul>\n<p>Wie immer bei meinen Aktionen &#8211; s\u00e4mtliche Geb\u00fchren sind, im Gegensatz zu anderen Angeboten, bereits inkludiert. Versand erfolgt ausschlie\u00dflich aus Deutschland, es fallen keine Zoll- und Importgeb\u00fchren an. Ihr kauft keine Katze im Sack \ud83d\ude42<\/p>\n<p><strong>Ma\u00dfe der Statue:<\/strong><\/p>\n<ul>\n<li>Gr\u00f6\u00dfe: ca. H42cm x W24cm x D29cm<\/li>\n<li>Gewicht: TBA, gesch\u00e4tzt: ca. 8kg<\/li>\n<\/ul>\n<p>You are not prepared! \ud83d\ude42<\/p>","protected":false},"excerpt":{"rendered":"<p>Tokyo Revengers &#8211; Draken | 1:6 Resin Statue | von JR Studio I do ship EU-wide, please contact me, should questions arise. Tolle Statue von Ken Ryuguji Wunderbar verarbeitete und sehr detaillierte Draken Statue aus Polystone &#8211; k\u00fcnstlichem Stein-Harz-Gemisch. Besonderheiten: keine Release-Status: Preorder. Statue wird voraussichtlich in Q1 2023 released und wir erwarten sie sch\u00e4tzungsweise [&hellip;]<\/p>\n","protected":false},"featured_media":13974,"comment_status":"closed","ping_status":"closed","template":"","meta":[],"product_brand":[],"product_cat":[24,568,84],"product_tag":[656,659,1859,657,640,658,147,251,1863,1864,1865,1867,1866,154,136,137,1860,1861,1868,1862],"class_list":{"0":"post-13973","1":"product","2":"type-product","3":"status-publish","4":"has-post-thumbnail","6":"product_cat-action-figuren","7":"product_cat-preorder","8":"product_cat-statuen-anime-comic-universum","9":"product_tag-anime-collectibles","10":"product_tag-anime-figuren","11":"product_tag-anime-figuren-tokyo-revengers","12":"product_tag-anime-figures","13":"product_tag-anime-statuen","14":"product_tag-anime-toys","15":"product_tag-collectibles","16":"product_tag-collectibles-kaufen","17":"product_tag-draken","18":"product_tag-draken-collectibles","19":"product_tag-draken-collectibles-kaufen","20":"product_tag-draken-statue","21":"product_tag-draken-tokyo-revengers","22":"product_tag-resin-collectibles","23":"product_tag-resin-statuen","24":"product_tag-resin-statuen-kaufen","25":"product_tag-tokyo-revengers-collectibles","26":"product_tag-tokyo-revengers-draken","27":"product_tag-tokyo-revengers-statuen","28":"product_tag-tokyo-revengers-statuen-kaufen","29":"pa_brand-jr-studio","30":"pa_scale-1_to_6","32":"first","33":"instock","34":"taxable","35":"shipping-taxable","36":"product-type-simple"},"_links":{"self":[{"href":"https:\/\/store.handsomecake.com\/en\/wp-json\/wp\/v2\/product\/13973","targetHints":{"allow":["GET"]}}],"collection":[{"href":"https:\/\/store.handsomecake.com\/en\/wp-json\/wp\/v2\/product"}],"about":[{"href":"https:\/\/store.handsomecake.com\/en\/wp-json\/wp\/v2\/types\/product"}],"replies":[{"embeddable":true,"href":"https:\/\/store.handsomecake.com\/en\/wp-json\/wp\/v2\/comments?post=13973"}],"wp:featuredmedia":[{"embeddable":true,"href":"https:\/\/store.handsomecake.com\/en\/wp-json\/wp\/v2\/media\/13974"}],"wp:attachment":[{"href":"https:\/\/store.handsomecake.com\/en\/wp-json\/wp\/v2\/media?parent=13973"}],"wp:term":[{"taxonomy":"product_brand","embeddable":true,"href":"https:\/\/store.handsomecake.com\/en\/wp-json\/wp\/v2\/product_brand?post=13973"},{"taxonomy":"product_cat","embeddable":true,"href":"https:\/\/store.handsomecake.com\/en\/wp-json\/wp\/v2\/product_cat?post=13973"},{"taxonomy":"product_tag","embeddable":true,"href":"https:\/\/store.handsomecake.com\/en\/wp-json\/wp\/v2\/product_tag?post=13973"}],"curies":[{"name":"wp","href":"https:\/\/api.w.org\/{rel}","templated":true}]}}