{"id":1395,"date":"2020-11-03T00:27:49","date_gmt":"2020-11-03T00:27:49","guid":{"rendered":"https:\/\/store.handsomecake.com\/product\/world-of-warcraft-der-kopflose-reiter-14-resin-statue-von-bigfoot-studio\/"},"modified":"2024-06-12T14:32:01","modified_gmt":"2024-06-12T14:32:01","slug":"world-of-warcraft-der-kopflose-reiter-14-resin-statue-von-bigfoot-studio","status":"publish","type":"product","link":"https:\/\/store.handsomecake.com\/en\/product\/world-of-warcraft-der-kopflose-reiter-14-resin-statue-von-bigfoot-studio\/","title":{"rendered":"World of Warcraft &#8211; Der kopflose Reiter | 1:4 Resin Statue | von Bigfoot Studio"},"content":{"rendered":"<p>World of Warcraft &#8211; Der kopflose Reiter &#8218; 1:4 Resin Statue &#8218; von Bigfoot Studio<\/p>\n<p>I do ship EU-wide, please contact me, should questions arise.<br \/>\nEU shipping costs are more an estimate and will be recalculated (and you will receive a refund, if shippings costs turn out to be lower in the end).<br \/>\nExample &#8211; some statues are stated as 58cm width. Until they arrive we can&#8217;t guarantee if its the width WITH packaging or without. If it&#8217;s WITH, we fit under the 60cm rule and if the weight is under 31.5kg as well, shipping will be as low as 43.86\u20ac (current DHL price), if the statue is over 60cm with packaging, we will need to engage a hauling company&#8230;<\/p>\n<p>Tolle Statue der gruseligen Eventbosses im Scharlachroten Kloster<\/p>\n<p>Wunderbar verarbeitete und sehr detaillierte Statue des kopflosen Reiters aus Polystone &#8211; k\u00fcnstlichem Stein-Harz-Gemisch. Ank\u00fcndigung (fast) p\u00fcnktlich zum Halloween! Die Endversion wird selbstverst\u00e4ndlich bemalt sein. Hier sind lediglich reallife Bilder des Prototypen zu sehen.<\/p>\n<p>Besonderheiten:<\/p>\n<ul>\n<li>keine<\/li>\n<\/ul>\n<p>Release-Status:<\/p>\n<ul>\n<li>PreOrder, Release f\u00fcr Q1-Q2 2021 geplant, bei uns im Lager also zwischen Ende April und Ende Juli 2021.<\/li>\n<\/ul>\n<p>Wie immer bei meinen Aktionen &#8211; s\u00e4mtliche Geb\u00fchren sind, im Gegensatz zu anderen Angeboten, bereits inkludiert. Versand erfolgt ausschlie\u00dflich aus Deutschland, es fallen keine Zoll- und Importgeb\u00fchren an. Ihr kauft keine Katze im Sack \ud83d\ude42<\/p>\n<p>Preis-Hinweis:<br \/>\nSolltet ihr die Statue direkt \u00fcber unseren Online-Shop (einfach den Benutzernamen googeln) kaufen, so erhaltet ihr auf jeden Fall die Tiefstpreisgarantie &#8211; sollte beispielsweise der Versand, Zoll oder die Einfuhrumsatzsteuer am Ende, also wenn die Statue bei uns im Warenlager angekommen ist, geringer ausfallen, so leiten wir die Preisreduzierung 1:1 an euch weiter! Der Catfish Arthas war z.b. urspr\u00fcnglich f\u00fcr 1850\u20ac drin, Endpreis war 1569\u20ac.<\/p>\n<p>Ma\u00dfe der Statue:<br \/>\nGr\u00f6\u00dfe: ca. 64cm x 64cm x 42cm<br \/>\nGewicht: 28.8 kg<\/p>\n<p>You are not prepared! \ud83d\ude42<\/p>","protected":false},"excerpt":{"rendered":"<p>World of Warcraft &#8211; Der kopflose Reiter &#8218; 1:4 Resin Statue &#8218; von Bigfoot Studio I do ship EU-wide, please contact me, should questions arise. EU shipping costs are more an estimate and will be recalculated (and you will receive a refund, if shippings costs turn out to be lower in the end). Example &#8211; [&hellip;]<\/p>\n","protected":false},"featured_media":1396,"comment_status":"closed","ping_status":"closed","template":"","meta":[],"product_brand":[],"product_cat":[85,81],"product_tag":[147,251,383,154,136,137,379,381,380,382,131,384,224,104,103],"class_list":{"0":"post-1395","1":"product","2":"type-product","3":"status-publish","4":"has-post-thumbnail","6":"product_cat-warcraft","7":"product_cat-statuen-computerspieluniversum","8":"product_tag-collectibles","9":"product_tag-collectibles-kaufen","10":"product_tag-collector","11":"product_tag-resin-collectibles","12":"product_tag-resin-statuen","13":"product_tag-resin-statuen-kaufen","14":"product_tag-statue-collectible","15":"product_tag-statue-collectibles","16":"product_tag-statues-collectible","17":"product_tag-statues-collectibles","18":"product_tag-warcraft-resin-statue","19":"product_tag-world-of-warcraft","20":"product_tag-world-of-warcraft-collectibles","21":"product_tag-world-of-warcraft-statuen","22":"product_tag-wow-statuen","23":"product_shipping_class-national","24":"pa_brand-bigfoot-studio","25":"pa_scale-1_to_4","27":"first","28":"onbackorder","29":"product-type-simple"},"_links":{"self":[{"href":"https:\/\/store.handsomecake.com\/en\/wp-json\/wp\/v2\/product\/1395","targetHints":{"allow":["GET"]}}],"collection":[{"href":"https:\/\/store.handsomecake.com\/en\/wp-json\/wp\/v2\/product"}],"about":[{"href":"https:\/\/store.handsomecake.com\/en\/wp-json\/wp\/v2\/types\/product"}],"replies":[{"embeddable":true,"href":"https:\/\/store.handsomecake.com\/en\/wp-json\/wp\/v2\/comments?post=1395"}],"wp:featuredmedia":[{"embeddable":true,"href":"https:\/\/store.handsomecake.com\/en\/wp-json\/wp\/v2\/media\/1396"}],"wp:attachment":[{"href":"https:\/\/store.handsomecake.com\/en\/wp-json\/wp\/v2\/media?parent=1395"}],"wp:term":[{"taxonomy":"product_brand","embeddable":true,"href":"https:\/\/store.handsomecake.com\/en\/wp-json\/wp\/v2\/product_brand?post=1395"},{"taxonomy":"product_cat","embeddable":true,"href":"https:\/\/store.handsomecake.com\/en\/wp-json\/wp\/v2\/product_cat?post=1395"},{"taxonomy":"product_tag","embeddable":true,"href":"https:\/\/store.handsomecake.com\/en\/wp-json\/wp\/v2\/product_tag?post=1395"}],"curies":[{"name":"wp","href":"https:\/\/api.w.org\/{rel}","templated":true}]}}