{"id":13778,"date":"2022-07-24T18:28:33","date_gmt":"2022-07-24T18:28:33","guid":{"rendered":"https:\/\/store.handsomecake.com\/product\/overlord-albedo-14-resin-statue-von-fallen-angel-studio\/"},"modified":"2025-09-04T11:27:19","modified_gmt":"2025-09-04T11:27:19","slug":"overlord-albedo-14-resin-statue-von-fallen-angel-studio","status":"publish","type":"product","link":"https:\/\/store.handsomecake.com\/en\/product\/overlord-albedo-14-resin-statue-von-fallen-angel-studio\/","title":{"rendered":"Overlord &#8211; Albedo | 1:4 Resin Statue | von Fallen Angel Studio"},"content":{"rendered":"<p>Overlord &#8211; Albedo | 1:4 Resin Statue | von Fallen Angel Studio<\/p>\n<p>EU Taxfree! I do ship EU-wide, please contact me, should questions arise.<\/p>\n<p>Tolle B\u00fcste des schneewei\u00dfen Teufels und treuen Ergebenen von Ainz<br \/>\nWunderbar verarbeitete und sehr detaillierte B\u00fcste von Albedo aus Polystone &#8211; k\u00fcnstlichem Stein-Harz-Gemisch.<\/p>\n<p><strong>Besonderheiten:<\/strong><\/p>\n<ul>\n<li>EX Version(lila) mit mit langem Rock und Fl\u00fcgeln<\/li>\n<li>weltweit 99 St\u00fcck<\/li>\n<li>auch wei\u00dfe Farbe verf\u00fcgbar<\/li>\n<li>auch Regular Version verf\u00fcgbar (99 St\u00fcck weltweit)<\/li>\n<\/ul>\n<p><strong>Release-Status:<\/strong><\/p>\n<ul>\n<li>Preorder. Release ca. Q1 2023 erwartet, bei uns im Lager voraussichtlich Ende Mai 2023.<\/li>\n<\/ul>\n<p>&nbsp;<\/p>\n<p>Wie immer bei meinen Artikeln &#8211; s\u00e4mtliche Geb\u00fchren sind, im Gegensatz zu anderen Angeboten, bereits inkludiert. Versand erfolgt ausschlie\u00dflich aus Deutschland, es fallen keine Zoll- und Importgeb\u00fchren an. Ihr kauft keine Katze im Sack \ud83d\ude42<\/p>\n<p><strong>Ma\u00dfe der Statue:<\/strong><\/p>\n<ul>\n<li>Gr\u00f6\u00dfe: ca.H:58.8cm W:21cm D:17cm<\/li>\n<li>Gewicht: TBA, gesch\u00e4tzt 14kg<\/li>\n<\/ul>\n<p>You are not prepared! \ud83d\ude42<\/p>","protected":false},"excerpt":{"rendered":"<p>Overlord &#8211; Albedo | 1:4 Resin Statue | von Fallen Angel Studio EU Taxfree! I do ship EU-wide, please contact me, should questions arise. Tolle B\u00fcste des schneewei\u00dfen Teufels und treuen Ergebenen von Ainz Wunderbar verarbeitete und sehr detaillierte B\u00fcste von Albedo aus Polystone &#8211; k\u00fcnstlichem Stein-Harz-Gemisch. Besonderheiten: EX Version(lila) mit mit langem Rock und [&hellip;]<\/p>\n","protected":false},"featured_media":13864,"comment_status":"closed","ping_status":"closed","template":"","meta":[],"product_brand":[],"product_cat":[24,568,84],"product_tag":[1168,612,659,666,717,794,662,640,658,479,147,251,795,1162,1165,1166,1163,1164,1167,154,255,136,137,379,381,552,380,547,718],"class_list":{"0":"post-13778","1":"product","2":"type-product","3":"status-publish","4":"has-post-thumbnail","6":"product_cat-action-figuren","7":"product_cat-preorder","8":"product_cat-statuen-anime-comic-universum","9":"product_tag-albedo-statue","10":"product_tag-anime","11":"product_tag-anime-figuren","12":"product_tag-anime-figuren-shop","13":"product_tag-anime-shop","14":"product_tag-anime-statue","15":"product_tag-anime-statue-shop","16":"product_tag-anime-statuen","17":"product_tag-anime-toys","18":"product_tag-collectible","19":"product_tag-collectibles","20":"product_tag-collectibles-kaufen","21":"product_tag-handsomecake","22":"product_tag-overlord","23":"product_tag-overlord-albedo","24":"product_tag-overlord-albedo-collectible","25":"product_tag-overlord-collectibles","26":"product_tag-overlord-resin","27":"product_tag-overlord-statuen","28":"product_tag-resin-collectibles","29":"product_tag-resin-collectibles-kaufen","30":"product_tag-resin-statuen","31":"product_tag-resin-statuen-kaufen","32":"product_tag-statue-collectible","33":"product_tag-statue-collectibles","34":"product_tag-statue-collector","35":"product_tag-statues-collectible","36":"product_tag-statues-collector","37":"product_tag-toys","38":"pa_brand-fallen-angel-studio","39":"pa_scale-1_to_4","41":"first","42":"instock","43":"taxable","44":"shipping-taxable","45":"product-type-variable"},"_links":{"self":[{"href":"https:\/\/store.handsomecake.com\/en\/wp-json\/wp\/v2\/product\/13778","targetHints":{"allow":["GET"]}}],"collection":[{"href":"https:\/\/store.handsomecake.com\/en\/wp-json\/wp\/v2\/product"}],"about":[{"href":"https:\/\/store.handsomecake.com\/en\/wp-json\/wp\/v2\/types\/product"}],"replies":[{"embeddable":true,"href":"https:\/\/store.handsomecake.com\/en\/wp-json\/wp\/v2\/comments?post=13778"}],"wp:featuredmedia":[{"embeddable":true,"href":"https:\/\/store.handsomecake.com\/en\/wp-json\/wp\/v2\/media\/13864"}],"wp:attachment":[{"href":"https:\/\/store.handsomecake.com\/en\/wp-json\/wp\/v2\/media?parent=13778"}],"wp:term":[{"taxonomy":"product_brand","embeddable":true,"href":"https:\/\/store.handsomecake.com\/en\/wp-json\/wp\/v2\/product_brand?post=13778"},{"taxonomy":"product_cat","embeddable":true,"href":"https:\/\/store.handsomecake.com\/en\/wp-json\/wp\/v2\/product_cat?post=13778"},{"taxonomy":"product_tag","embeddable":true,"href":"https:\/\/store.handsomecake.com\/en\/wp-json\/wp\/v2\/product_tag?post=13778"}],"curies":[{"name":"wp","href":"https:\/\/api.w.org\/{rel}","templated":true}]}}