{"id":1373,"date":"2020-10-29T23:23:33","date_gmt":"2020-10-29T23:23:33","guid":{"rendered":"https:\/\/store.handsomecake.com\/?post_type=product&#038;p=1373"},"modified":"2025-04-09T00:25:36","modified_gmt":"2025-04-09T00:25:36","slug":"starcraft-sarah-kerrigan-als-ghost-1-4-resin-statue-von-windseeker-studios","status":"publish","type":"product","link":"https:\/\/store.handsomecake.com\/en\/product\/starcraft-sarah-kerrigan-als-ghost-1-4-resin-statue-von-windseeker-studios\/","title":{"rendered":"Starcraft &#8211; Sarah Kerrigan (als Ghost) | 1:4 Resin Statue | von Windseeker Studios"},"content":{"rendered":"<p><span style=\"font-family: Arial; font-size: large;\">Starcraft &#8211; Sarah Kerrigan (als Ghost) | 1:4 Resin Statue | von Windseeker Studios<\/span><\/p>\n<div>\n<p><span style=\"font-family: Verdana; font-size: large;\"><b><u>Tolle Statue der Schwarmk\u00f6nigin in ihrer Ghost-Form<br \/>\n<\/u><\/b><\/span><span style=\"font-family: Verdana; font-size: large;\">Wunderbar verarbeitete und sehr detaillierte Kerrigan Statue aus Polystone &#8211; k\u00fcnstlichem Stein-Harz-Gemisch.<\/span><\/p>\n<div><span style=\"font-family: Verdana; font-size: large;\"><b>Besonderheiten:<\/b><\/span><\/div>\n<div>\n<ul>\n<li>\n<div>2 austauschbare Kopfvarianten<\/div>\n<\/li>\n<\/ul>\n<div><span style=\"font-family: Verdana;\"><b>Release-Status:<\/b><\/span><\/div>\n<div>\n<ul>\n<li>Vor Ort lagernd<\/li>\n<\/ul>\n<\/div>\n<\/div>\n<div><span style=\"font-family: Verdana; font-size: large;\">Wie immer bei meinen Artikeln &#8211; s\u00e4mtliche Geb\u00fchren sind, im Gegensatz zu anderen Angeboten, bereits inkludiert. Versand erfolgt ausschlie\u00dflich aus Deutschland, es fallen <b>keine<\/b>\u00a0Zoll- und Importgeb\u00fchren an. Ihr kauft keine Katze im Sack \ud83d\ude42\u00a0<\/span><\/div>\n<div><\/div>\n<div><span style=\"font-family: Verdana; font-size: large;\">Ma\u00dfe der Statue:\u00a0<\/span><\/div>\n<div><span style=\"font-family: Arial, Helvetica, sans-serif;\"><b>Gr\u00f6\u00dfe: ca. 65cm x 37cm x 41<\/b><\/span><strong>cm<\/strong><\/div>\n<div><span style=\"font-family: Verdana; font-size: large;\">Gewicht: ca. 24kg<\/span><\/div>\n<div><span style=\"font-family: Verdana; font-size: large;\">\u00a0<\/span><\/div>\n<div><b>You are not prepared! \ud83d\ude42<\/b><\/div>\n<\/div>","protected":false},"excerpt":{"rendered":"<p>Starcraft &#8211; Sarah Kerrigan (als Ghost) | 1:4 Resin Statue | von Windseeker Studios Tolle Statue der Schwarmk\u00f6nigin in ihrer Ghost-Form Wunderbar verarbeitete und sehr detaillierte Kerrigan Statue aus Polystone &#8211; k\u00fcnstlichem Stein-Harz-Gemisch. Besonderheiten: 2 austauschbare Kopfvarianten Release-Status: Vor Ort lagernd Wie immer bei meinen Artikeln &#8211; s\u00e4mtliche Geb\u00fchren sind, im Gegensatz zu anderen Angeboten, [&hellip;]<\/p>\n","protected":false},"featured_media":2421,"comment_status":"open","ping_status":"closed","template":"","meta":[],"product_brand":[],"product_cat":[192,826,81],"product_tag":[147,251,314,312,313,154,136,137,209,364,366,210,365,193,194,310,309,311,368,369,367],"class_list":{"0":"post-1373","1":"product","2":"type-product","3":"status-publish","4":"has-post-thumbnail","6":"product_cat-starcraft","7":"product_cat-lagernd-vor-ort","8":"product_cat-statuen-computerspieluniversum","9":"product_tag-collectibles","10":"product_tag-collectibles-kaufen","11":"product_tag-mayflies-studio","12":"product_tag-nova-ghost-collectible","13":"product_tag-nova-ghost-statue","14":"product_tag-resin-collectibles","15":"product_tag-resin-statuen","16":"product_tag-resin-statuen-kaufen","17":"product_tag-sarah-kerrigan","18":"product_tag-sarah-kerrigan-collectible","19":"product_tag-sarah-kerrigan-collectible-kaufen","20":"product_tag-sarah-kerrigan-statue","21":"product_tag-sarah-kerrigan-statue-kaufen","22":"product_tag-starcraft","23":"product_tag-starcraft-collectibles","24":"product_tag-starcraft-collectibles-kaufen","25":"product_tag-starcraft-statuen","26":"product_tag-starcraft-statuen-kaufen","27":"product_tag-windseeker-collectibles","28":"product_tag-windseeker-studio-collectibles","29":"product_tag-windseeker-studios","30":"product_shipping_class-national","31":"pa_brand-windseeker-stormspace","32":"pa_scale-1_to_5","34":"first","35":"instock","36":"sale","37":"taxable","38":"shipping-taxable","39":"product-type-simple"},"_links":{"self":[{"href":"https:\/\/store.handsomecake.com\/en\/wp-json\/wp\/v2\/product\/1373","targetHints":{"allow":["GET"]}}],"collection":[{"href":"https:\/\/store.handsomecake.com\/en\/wp-json\/wp\/v2\/product"}],"about":[{"href":"https:\/\/store.handsomecake.com\/en\/wp-json\/wp\/v2\/types\/product"}],"replies":[{"embeddable":true,"href":"https:\/\/store.handsomecake.com\/en\/wp-json\/wp\/v2\/comments?post=1373"}],"wp:featuredmedia":[{"embeddable":true,"href":"https:\/\/store.handsomecake.com\/en\/wp-json\/wp\/v2\/media\/2421"}],"wp:attachment":[{"href":"https:\/\/store.handsomecake.com\/en\/wp-json\/wp\/v2\/media?parent=1373"}],"wp:term":[{"taxonomy":"product_brand","embeddable":true,"href":"https:\/\/store.handsomecake.com\/en\/wp-json\/wp\/v2\/product_brand?post=1373"},{"taxonomy":"product_cat","embeddable":true,"href":"https:\/\/store.handsomecake.com\/en\/wp-json\/wp\/v2\/product_cat?post=1373"},{"taxonomy":"product_tag","embeddable":true,"href":"https:\/\/store.handsomecake.com\/en\/wp-json\/wp\/v2\/product_tag?post=1373"}],"curies":[{"name":"wp","href":"https:\/\/api.w.org\/{rel}","templated":true}]}}