{"id":137,"date":"2020-05-20T21:19:11","date_gmt":"2020-05-20T21:19:11","guid":{"rendered":"https:\/\/store.handsomecake.com\/?post_type=product&#038;p=137"},"modified":"2025-10-29T13:13:54","modified_gmt":"2025-10-29T13:13:54","slug":"steampunk-batman-batman-actionfigur-kai-arts-actionfigur","status":"publish","type":"product","link":"https:\/\/store.handsomecake.com\/en\/product\/steampunk-batman-batman-actionfigur-kai-arts-actionfigur\/","title":{"rendered":"Steampunk Batman |\u00a0Batman Actionfigur (Kai Arts Actionfigur)"},"content":{"rendered":"<div>Steampunk Batman &#8211; Batman Kai Arts Actionfigur<\/div>\n<div><\/div>\n<div>Bei diesem Artikel handelt es sich um eine sehr massive Actionfigur (recht schwer, ca. 1kg nur die Figur).<\/div>\n<div>Viele Gelenke lassen sich in verschiedene Richtungen biegen, Schulterst\u00fccke und diverse andere Ausr\u00fcstungsteile sind ebenfalls drehbar.<\/div>\n<div>Diese Figur hat eine Halterung, so dass sie auch actiongeladene Posen einnehmen kann (die beispielsweise das Gleichgewicht verlagern).<\/div>\n<div>Die Fl\u00fcgel (der Umhang) sind absolut massiv und bestehen aus 5 Einzelfl\u00fcgeln, welche sich zu einem wirklich breiten &#8222;F\u00e4cher&#8220; ausweiten lassen, sieht absolut fantastisch aus.<\/div>\n<div><\/div>\n<div>Der Versand erfolgt in der Regel am n\u00e4chsten Tag nach Geldeingang.<\/div>\n<div><\/div>\n<div>\n<p><strong>Beschreibung:<br \/>\n<\/strong>H\u00f6he: ca. 25 cm<br \/>\nGewicht: ca. 1.2 kg<br \/>\nMaterial: PVC<\/p>\n<p><strong>Paket:<br \/>\n<\/strong>1 x\u00a0Steampunk Batman Figur<\/p>\n<\/div>","protected":false},"excerpt":{"rendered":"<p>Steampunk Batman &#8211; Batman Kai Arts Actionfigur Bei diesem Artikel handelt es sich um eine sehr massive Actionfigur (recht schwer, ca. 1kg nur die Figur). Viele Gelenke lassen sich in verschiedene Richtungen biegen, Schulterst\u00fccke und diverse andere Ausr\u00fcstungsteile sind ebenfalls drehbar. Diese Figur hat eine Halterung, so dass sie auch actiongeladene Posen einnehmen kann (die [&hellip;]<\/p>\n","protected":false},"featured_media":272,"comment_status":"open","ping_status":"closed","template":"","meta":[],"product_brand":[],"product_cat":[24],"product_tag":[29,30,31,32],"class_list":{"0":"post-137","1":"product","2":"type-product","3":"status-publish","4":"has-post-thumbnail","6":"product_cat-action-figuren","7":"product_tag-batman","8":"product_tag-batman-acitonfigur","9":"product_tag-batman-figur","10":"product_tag-steampunk-batman","11":"pa_brand-kai-arts","12":"pa_scale-2125","14":"first","15":"instock","16":"taxable","17":"shipping-taxable","18":"product-type-simple"},"_links":{"self":[{"href":"https:\/\/store.handsomecake.com\/en\/wp-json\/wp\/v2\/product\/137","targetHints":{"allow":["GET"]}}],"collection":[{"href":"https:\/\/store.handsomecake.com\/en\/wp-json\/wp\/v2\/product"}],"about":[{"href":"https:\/\/store.handsomecake.com\/en\/wp-json\/wp\/v2\/types\/product"}],"replies":[{"embeddable":true,"href":"https:\/\/store.handsomecake.com\/en\/wp-json\/wp\/v2\/comments?post=137"}],"wp:featuredmedia":[{"embeddable":true,"href":"https:\/\/store.handsomecake.com\/en\/wp-json\/wp\/v2\/media\/272"}],"wp:attachment":[{"href":"https:\/\/store.handsomecake.com\/en\/wp-json\/wp\/v2\/media?parent=137"}],"wp:term":[{"taxonomy":"product_brand","embeddable":true,"href":"https:\/\/store.handsomecake.com\/en\/wp-json\/wp\/v2\/product_brand?post=137"},{"taxonomy":"product_cat","embeddable":true,"href":"https:\/\/store.handsomecake.com\/en\/wp-json\/wp\/v2\/product_cat?post=137"},{"taxonomy":"product_tag","embeddable":true,"href":"https:\/\/store.handsomecake.com\/en\/wp-json\/wp\/v2\/product_tag?post=137"}],"curies":[{"name":"wp","href":"https:\/\/api.w.org\/{rel}","templated":true}]}}