{"id":13552,"date":"2022-07-15T06:21:05","date_gmt":"2022-07-15T06:21:05","guid":{"rendered":"https:\/\/store.handsomecake.com\/product\/dragon-ball-porunga-14-resin-statue-von-ar-studio\/"},"modified":"2024-08-08T14:04:56","modified_gmt":"2024-08-08T14:04:56","slug":"dragon-ball-porunga-14-resin-statue-von-ar-studio","status":"publish","type":"product","link":"https:\/\/store.handsomecake.com\/en\/product\/dragon-ball-porunga-14-resin-statue-von-ar-studio\/","title":{"rendered":"Dragon Ball &#8211; Porunga | 1:4 Resin Statue | von AR STUDIO"},"content":{"rendered":"<p>Dragon Ball &#8211; Porunga | 1:4 Resin Statue | von AR STUDIO<\/p>\n<p>I do ship EU-wide, please contact me, should questions arise.<\/p>\n<p>Tolle Statue von heiligem Drachen von Namek<br \/>\nWunderbar verarbeitete und sehr detaillierte Porunga Statue aus Polystone &#8211; k\u00fcnstlichem Stein-Harz-Gemisch.<\/p>\n<p><strong>Besonderheiten:<\/strong><\/p>\n<ul>\n<li>nur 100 St\u00fcck weltweit<\/li>\n<li>mit LED<\/li>\n<\/ul>\n<p><strong>Release-Status:<\/strong><\/p>\n<ul>\n<li>Vorbestellung, Release erwartet Ende Q2 2023, Collectible bei uns im Lager sch\u00e4tzungsweise Ende August 2023<\/li>\n<\/ul>\n<p>Wie immer bei meinen Aktionen &#8211; s\u00e4mtliche Geb\u00fchren sind, im Gegensatz zu anderen Angeboten, bereits inkludiert. Versand erfolgt ausschlie\u00dflich aus Deutschland, es fallen keine Zoll- und Importgeb\u00fchren an. Ihr kauft keine Katze im Sack \ud83d\ude42<\/p>\n<p><strong>Ma\u00dfe der Statue:<\/strong><\/p>\n<ul>\n<li>Gr\u00f6\u00dfe: ca. H60cm x W34cm x D31cm<\/li>\n<li>Gewicht: TBA, gesch\u00e4tzt 12kg<\/li>\n<\/ul>\n<p>You are not prepared! \ud83d\ude42<\/p>","protected":false},"excerpt":{"rendered":"<p>Dragon Ball &#8211; Porunga | 1:4 Resin Statue | von AR STUDIO I do ship EU-wide, please contact me, should questions arise. Tolle Statue von heiligem Drachen von Namek Wunderbar verarbeitete und sehr detaillierte Porunga Statue aus Polystone &#8211; k\u00fcnstlichem Stein-Harz-Gemisch. Besonderheiten: nur 100 St\u00fcck weltweit mit LED Release-Status: Vorbestellung, Release erwartet Ende Q2 2023, [&hellip;]<\/p>\n","protected":false},"featured_media":13626,"comment_status":"closed","ping_status":"closed","template":"","meta":[],"product_brand":[],"product_cat":[24,87,568,84],"product_tag":[147,251,738,190,1755,1756,191,97,1758,1759,1757,154,136,137,1273,379,381,380,382],"class_list":{"0":"post-13552","1":"product","2":"type-product","3":"status-publish","4":"has-post-thumbnail","6":"product_cat-action-figuren","7":"product_cat-dragon-ball","8":"product_cat-preorder","9":"product_cat-statuen-anime-comic-universum","10":"product_tag-collectibles","11":"product_tag-collectibles-kaufen","12":"product_tag-dragon-ball","13":"product_tag-dragon-ball-collectibles","14":"product_tag-dragon-ball-porunga","15":"product_tag-dragon-ball-porunga-collectible","16":"product_tag-dragon-ball-resin","17":"product_tag-dragon-ball-statue","18":"product_tag-porunga","19":"product_tag-porunga-collectible","20":"product_tag-porunga-statue","21":"product_tag-resin-collectibles","22":"product_tag-resin-statuen","23":"product_tag-resin-statuen-kaufen","24":"product_tag-resincollectors","25":"product_tag-statue-collectible","26":"product_tag-statue-collectibles","27":"product_tag-statues-collectible","28":"product_tag-statues-collectibles","29":"pa_brand-ar-studio","30":"pa_scale-1_to_4","32":"first","33":"outofstock","34":"taxable","35":"shipping-taxable","36":"product-type-variable"},"_links":{"self":[{"href":"https:\/\/store.handsomecake.com\/en\/wp-json\/wp\/v2\/product\/13552","targetHints":{"allow":["GET"]}}],"collection":[{"href":"https:\/\/store.handsomecake.com\/en\/wp-json\/wp\/v2\/product"}],"about":[{"href":"https:\/\/store.handsomecake.com\/en\/wp-json\/wp\/v2\/types\/product"}],"replies":[{"embeddable":true,"href":"https:\/\/store.handsomecake.com\/en\/wp-json\/wp\/v2\/comments?post=13552"}],"wp:featuredmedia":[{"embeddable":true,"href":"https:\/\/store.handsomecake.com\/en\/wp-json\/wp\/v2\/media\/13626"}],"wp:attachment":[{"href":"https:\/\/store.handsomecake.com\/en\/wp-json\/wp\/v2\/media?parent=13552"}],"wp:term":[{"taxonomy":"product_brand","embeddable":true,"href":"https:\/\/store.handsomecake.com\/en\/wp-json\/wp\/v2\/product_brand?post=13552"},{"taxonomy":"product_cat","embeddable":true,"href":"https:\/\/store.handsomecake.com\/en\/wp-json\/wp\/v2\/product_cat?post=13552"},{"taxonomy":"product_tag","embeddable":true,"href":"https:\/\/store.handsomecake.com\/en\/wp-json\/wp\/v2\/product_tag?post=13552"}],"curies":[{"name":"wp","href":"https:\/\/api.w.org\/{rel}","templated":true}]}}