{"id":1350,"date":"2020-10-29T23:07:01","date_gmt":"2020-10-29T23:07:01","guid":{"rendered":"https:\/\/store.handsomecake.com\/?post_type=product&#038;p=1350"},"modified":"2025-10-29T13:13:54","modified_gmt":"2025-10-29T13:13:54","slug":"world-of-warcraft-sylvanas-windrunner-1-4-resin-statue-von-windseeker-studios","status":"publish","type":"product","link":"https:\/\/store.handsomecake.com\/en\/product\/world-of-warcraft-sylvanas-windrunner-1-4-resin-statue-von-windseeker-studios\/","title":{"rendered":"World of Warcraft &#8211; Sylvanas Windrunner | 1:4 Resin Statue | von Windseeker Studios"},"content":{"rendered":"<p><span style=\"font-family: Arial; font-size: large;\">World of Warcraft &#8211; Sylvanas Windrunner (Windl\u00e4ufer) | 1:4 Resin Statue | von Windseeker Studios<br \/>\n<\/span><b style=\"font-family: Verdana;\">I do ship EU-wide, please contact me, should questions arise.\u00a0<\/b><\/p>\n<div>\n<div><span style=\"font-family: Verdana; font-size: large;\"><b><u>Tolle Statue der gef\u00fcrchteten Bansheek\u00f6nigin und Anf\u00fchrerin der Untoten<\/u><\/b><\/span><\/div>\n<div><span style=\"font-family: Verdana; font-size: large;\">Wunderbar verarbeitete und sehr detaillierte Sylvanas Statue aus Polystone &#8211; k\u00fcnstlichem Stein-Harz-Gemisch.<\/span><\/div>\n<div><span style=\"font-family: Verdana; font-size: large;\">\u00a0<\/span><\/div>\n<div><span style=\"font-family: Verdana; font-size: large;\"><b>Besonderheiten:<\/b><\/span><\/div>\n<div>\n<ul>\n<li>\n<div>Eine kleine Bansheevalk\u00fcre ist dabei \ud83d\ude42<\/div>\n<\/li>\n<\/ul>\n<div><span style=\"font-family: Verdana;\"><b>Release-Status:<\/b><\/span><\/div>\n<div>\n<ul>\n<li>In Stock<\/li>\n<\/ul>\n<\/div>\n<\/div>\n<div><span style=\"font-family: Verdana; font-size: large;\">Wie immer bei meinen Artikeln &#8211; s\u00e4mtliche Geb\u00fchren sind, im Gegensatz zu anderen Angeboten, bereits inkludiert. Versand erfolgt ausschlie\u00dflich aus Deutschland, es fallen <b>keine<\/b>\u00a0Zoll- und Importgeb\u00fchren an. Ihr kauft keine Katze im Sack \ud83d\ude42\u00a0<\/span><\/div>\n<div><\/div>\n<div><\/div>\n<div><span style=\"font-family: Verdana; font-size: large;\">Ma\u00dfe der Statue:\u00a0<\/span><\/div>\n<div><span style=\"font-family: Arial, Helvetica, sans-serif;\"><b>Gr\u00f6\u00dfe: ca. 55cm x 40cm x 42<\/b><\/span><strong>cm<\/strong><\/div>\n<div><span style=\"font-family: Verdana; font-size: large;\">Gewicht: ca. 21kg<\/span><\/div>\n<div><span style=\"font-family: Verdana; font-size: large;\">\u00a0<\/span><\/div>\n<div><b>You are not prepared! \ud83d\ude42<\/b><\/div>\n<\/div>","protected":false},"excerpt":{"rendered":"<p>World of Warcraft &#8211; Sylvanas Windrunner (Windl\u00e4ufer) | 1:4 Resin Statue | von Windseeker Studios I do ship EU-wide, please contact me, should questions arise.\u00a0 Tolle Statue der gef\u00fcrchteten Bansheek\u00f6nigin und Anf\u00fchrerin der Untoten Wunderbar verarbeitete und sehr detaillierte Sylvanas Statue aus Polystone &#8211; k\u00fcnstlichem Stein-Harz-Gemisch. \u00a0 Besonderheiten: Eine kleine Bansheevalk\u00fcre ist dabei \ud83d\ude42 Release-Status: [&hellip;]<\/p>\n","protected":false},"featured_media":1354,"comment_status":"open","ping_status":"closed","template":"","meta":[],"product_brand":[],"product_cat":[85,826,81,567],"product_tag":[147,251,154,136,137,359,358,361,362,360,131,384,224,104,103],"class_list":{"0":"post-1350","1":"product","2":"type-product","3":"status-publish","4":"has-post-thumbnail","6":"product_cat-warcraft","7":"product_cat-lagernd-vor-ort","8":"product_cat-statuen-computerspieluniversum","9":"product_cat-in_stock_warehouse_china","10":"product_tag-collectibles","11":"product_tag-collectibles-kaufen","12":"product_tag-resin-collectibles","13":"product_tag-resin-statuen","14":"product_tag-resin-statuen-kaufen","15":"product_tag-sylvanas-windlaeufer","16":"product_tag-sylvanas-windrunner","17":"product_tag-sylvanas-windrunner-collectible","18":"product_tag-sylvanas-windrunner-collectible-kaufen","19":"product_tag-sylvanas-windrunner-statue","20":"product_tag-warcraft-resin-statue","21":"product_tag-world-of-warcraft","22":"product_tag-world-of-warcraft-collectibles","23":"product_tag-world-of-warcraft-statuen","24":"product_tag-wow-statuen","25":"product_shipping_class-national","26":"pa_brand-windseeker-stormspace","27":"pa_scale-1_to_4","29":"first","30":"instock","31":"sale","32":"featured","33":"taxable","34":"shipping-taxable","35":"product-type-simple"},"_links":{"self":[{"href":"https:\/\/store.handsomecake.com\/en\/wp-json\/wp\/v2\/product\/1350","targetHints":{"allow":["GET"]}}],"collection":[{"href":"https:\/\/store.handsomecake.com\/en\/wp-json\/wp\/v2\/product"}],"about":[{"href":"https:\/\/store.handsomecake.com\/en\/wp-json\/wp\/v2\/types\/product"}],"replies":[{"embeddable":true,"href":"https:\/\/store.handsomecake.com\/en\/wp-json\/wp\/v2\/comments?post=1350"}],"wp:featuredmedia":[{"embeddable":true,"href":"https:\/\/store.handsomecake.com\/en\/wp-json\/wp\/v2\/media\/1354"}],"wp:attachment":[{"href":"https:\/\/store.handsomecake.com\/en\/wp-json\/wp\/v2\/media?parent=1350"}],"wp:term":[{"taxonomy":"product_brand","embeddable":true,"href":"https:\/\/store.handsomecake.com\/en\/wp-json\/wp\/v2\/product_brand?post=1350"},{"taxonomy":"product_cat","embeddable":true,"href":"https:\/\/store.handsomecake.com\/en\/wp-json\/wp\/v2\/product_cat?post=1350"},{"taxonomy":"product_tag","embeddable":true,"href":"https:\/\/store.handsomecake.com\/en\/wp-json\/wp\/v2\/product_tag?post=1350"}],"curies":[{"name":"wp","href":"https:\/\/api.w.org\/{rel}","templated":true}]}}